{"id":1282,"date":"2023-11-03T19:29:40","date_gmt":"2023-11-03T19:29:40","guid":{"rendered":"https:\/\/help.unhcr.org\/canada\/economic-immigration-of-skilled-refugees\/"},"modified":"2026-01-21T20:36:05","modified_gmt":"2026-01-21T20:36:05","slug":"economic-immigration-of-skilled-refugees","status":"publish","type":"page","link":"https:\/\/help.unhcr.org\/canada\/fr\/economic-immigration-of-skilled-refugees\/","title":{"rendered":"L\u2019immigration \u00e9conomique de r\u00e9fugi\u00e9s qualifi\u00e9s"},"content":{"rendered":"\n<p class=\"has-background\" style=\"background-color:#fdf799\">Avis: Immigration, R\u00e9fugi\u00e9s et Citoyennet\u00e9 Canada (IRCC) <a href=\"https:\/\/eur02.safelinks.protection.outlook.com\/?url=https%3A%2F%2Fwww.canada.ca%2Ffr%2Fimmigration-refugies-citoyennete%2Forganisation%2Fpublications-guides%2Fbulletins-guides-operationnels%2Fmises-a-jour%2F2026-projet-pilote-sur-la-voie-d-acces-a-la-mobilite-economique-pvame.html&amp;data=05%7C02%7Cmurrayh%40unhcr.org%7C617faf072a0945b9f11a08de53a2c0e8%7Ce5c37981666441348a0c6543d2af80be%7C0%7C0%7C639040155642834769%7CUnknown%7CTWFpbGZsb3d8eyJFbXB0eU1hcGkiOnRydWUsIlYiOiIwLjAuMDAwMCIsIlAiOiJXaW4zMiIsIkFOIjoiTWFpbCIsIldUIjoyfQ%3D%3D%7C0%7C%7C%7C&amp;sdata=Srnt9AhX3KbIyevKgTcoDb6Baiv1XHmcm%2BB1B%2BFX5fU%3D&amp;reserved=0\">a cess\u00e9 d\u2019accepter de nouvelles demandes dans le cadre<\/a> du PVAME \u00e0 compter du 1er janvier 2026.<\/p>\n\n\n\n<figure class=\"wp-block-embed is-type-video is-provider-youtube wp-block-embed-youtube wp-embed-aspect-16-9 wp-has-aspect-ratio\"><div class=\"wp-block-embed__wrapper\">\n<iframe loading=\"lazy\" title=\"Working abroad can help refugees rebuild their lives\" width=\"640\" height=\"360\" src=\"https:\/\/www.youtube.com\/embed\/N1cFJsczTaw?list=PLtPw-Y91GlmWxaKz9pIll_8ccdGKPi5F9\" frameborder=\"0\" allow=\"accelerometer; autoplay; clipboard-write; encrypted-media; gyroscope; picture-in-picture; web-share\" referrerpolicy=\"strict-origin-when-cross-origin\" allowfullscreen><\/iframe>\n<\/div><\/figure>\n\n\n\n<p>La mobilit\u00e9 du travail des r\u00e9fugi\u00e9s \u00e9limine les obstacles qui emp\u00eachent les r\u00e9fugi\u00e9s de d\u00e9m\u00e9nager dans un autre pays pour y travailler. Au Canada, les r\u00e9fugi\u00e9s peuvent pr\u00e9senter une demande d\u2019immigration en fonction de leurs comp\u00e9tences ou de leur exp\u00e9rience professionnelle par l\u2019entremise des programmes d\u2019immigration r\u00e9guliers. Le fait de pr\u00e9senter une demande par l\u2019entremise du Projet pilote sur la voie d\u2019acc\u00e8s \u00e0 la mobilit\u00e9 \u00e9conomique&nbsp;(PVAME) facilite la t\u00e2che des r\u00e9fugi\u00e9s et d\u2019autres personnes ayant besoin d\u2019une protection internationale, en supprimant certaines exigences (par exemple, l\u2019obligation de d\u00e9tenir un passeport valide). Les candidats au PVAME doivent pr\u00e9senter une demande de l\u2019ext\u00e9rieur du Canada.<\/p>\n\n\n\n<p>Certaines <a href=\"https:\/\/www.canada.ca\/fr\/immigration-refugies-citoyennete\/services\/refugies\/pilote-voie-acces-mobilite-economique\/immigrer\/presenter-demande.html\" target=\"_blank\" rel=\"noreferrer noopener\">organisations non gouvernementales&nbsp;(ONG) ont conclu une entente avec Immigration, R\u00e9fugi\u00e9s et Citoyennet\u00e9 Canada&nbsp;(IRCC)<\/a> afin de cerner les candidats r\u00e9fugi\u00e9s qualifi\u00e9s pour combler des postes vacants au Canada. Ils ne demanderont pas aux r\u00e9fugi\u00e9s de payer pour leurs services. Deux de ces ONG (Talent&nbsp;Beyond&nbsp;Boundaries et TalentLift) disposent d\u2019une base de donn\u00e9es en ligne o\u00f9 les r\u00e9fugi\u00e9s int\u00e9ress\u00e9s peuvent cr\u00e9er un profil et indiquer leurs comp\u00e9tences et leur exp\u00e9rience professionnelle. Talent&nbsp;Beyond&nbsp;Boundaries et TalentLift consultent ces bases de donn\u00e9es au moment de recruter des personnes pour des postes pr\u00e9cis aupr\u00e8s d\u2019employeurs canadiens. Les employeurs d\u00e9cident qui embaucher.<\/p>\n\n\n\n<ul class=\"wp-block-list\">\n<li>Pour vous inscrire \u00e0 Talent&nbsp;Beyond&nbsp;Boundaries, allez au <a href=\"https:\/\/eur02.safelinks.protection.outlook.com\/?url=https%3A%2F%2Fwww.talentbeyondboundaries.org%2Ftalentcatalog%2Fregister&amp;data=05%7C01%7Celgersma%40unhcr.org%7C8c41bf2cc7cd4aeddf3508da6b338e46%7Ce5c37981666441348a0c6543d2af80be%7C0%7C0%7C637940166407341991%7CUnknown%7CTWFpbGZsb3d8eyJWIjoiMC4wLjAwMDAiLCJQIjoiV2luMzIiLCJBTiI6Ik1haWwiLCJXVCI6Mn0%3D%7C3000%7C%7C%7C&amp;sdata=hYfJDDczF%2BVEq6ek5qnFHqBhhjJ2QakVTTgMsxG3x3E%3D&amp;reserved=0\" target=\"_blank\" rel=\"noreferrer noopener\">https:\/\/www.talentbeyondboundaries.org\/talentcatalog\/register<\/a>.<\/li>\n\n\n\n<li>Pour vous inscrire \u00e0 TalentLift, allez au <a href=\"https:\/\/eur02.safelinks.protection.outlook.com\/?url=https%3A%2F%2Fplatform.talentlift.ca%2F&amp;data=05%7C01%7Celgersma%40unhcr.org%7C8c41bf2cc7cd4aeddf3508da6b338e46%7Ce5c37981666441348a0c6543d2af80be%7C0%7C0%7C637940166407341991%7CUnknown%7CTWFpbGZsb3d8eyJWIjoiMC4wLjAwMDAiLCJQIjoiV2luMzIiLCJBTiI6Ik1haWwiLCJXVCI6Mn0%3D%7C3000%7C%7C%7C&amp;sdata=GQKocXzEPrHLcNq5MtTnGfjUhs8oK92nMqAgB0EEz90%3D&amp;reserved=0\" target=\"_blank\" rel=\"noreferrer noopener\">https:\/\/platform.talentlift.ca\/<\/a>.<\/li>\n\n\n\n<li>Les candidats admissibles peuvent aussi pr\u00e9senter eux-m\u00eames une demande d\u2019immigration au Canada. De plus amples renseignements sont disponibles \u00e0 <a href=\"https:\/\/www.canada.ca\/fr\/immigration-refugies-citoyennete\/services\/refugies\/pilote-voie-acces-mobilite-economique.html\" target=\"_blank\" rel=\"noreferrer noopener\">Projet pilote sur la voie d\u2019acc\u00e8s \u00e0 la mobilit\u00e9 \u00e9conomique &#8211; Canada.ca<\/a>.<\/li>\n\n\n\n<li>De nombreux organismes \u00e0 travers le Canada aident les immigrants (y compris les candidats au PVAME et leurs familles) dans leur \u00e9tablissement en offrant divers services, y compris de l\u2019orientation culturelle, des cours de langue et une formation professionnelle, ainsi que des programmes visant \u00e0 promouvoir l\u2019acc\u00e8s \u00e0 l\u2019\u00e9ducation et \u00e0 l\u2019emploi. <a href=\"https:\/\/ircc.canada.ca\/francais\/nouveaux\/services\/index.asp\" target=\"_blank\" rel=\"noreferrer noopener\">Si vous souhaitez obtenir de l\u2019information sur les services d\u2019\u00e9tablissement au Canada, visitez le site Web d\u2019IRCC.<\/a><\/li>\n<\/ul>\n\n\n\n<p><\/p>\n","protected":false},"excerpt":{"rendered":"<p>Avis: Immigration, R\u00e9fugi\u00e9s et Citoyennet\u00e9 Canada (IRCC) a cess\u00e9 d\u2019accepter de nouvelles demandes dans le cadre du PVAME \u00e0 compter du 1er janvier 2026. La mobilit\u00e9 du travail des r\u00e9fugi\u00e9s \u00e9limine les obstacles qui emp\u00eachent les r\u00e9fugi\u00e9s de d\u00e9m\u00e9nager dans un autre pays pour y travailler. Au Canada, les r\u00e9fugi\u00e9s peuvent pr\u00e9senter une demande d\u2019immigration [&hellip;]<\/p>\n","protected":false},"author":24,"featured_media":0,"parent":0,"menu_order":9,"comment_status":"closed","ping_status":"closed","template":"","meta":{"_acf_changed":false,"footnotes":""},"class_list":["post-1282","page","type-page","status-publish","hentry"],"acf":[],"_links":{"self":[{"href":"https:\/\/help.unhcr.org\/canada\/fr\/wp-json\/wp\/v2\/pages\/1282","targetHints":{"allow":["GET"]}}],"collection":[{"href":"https:\/\/help.unhcr.org\/canada\/fr\/wp-json\/wp\/v2\/pages"}],"about":[{"href":"https:\/\/help.unhcr.org\/canada\/fr\/wp-json\/wp\/v2\/types\/page"}],"author":[{"embeddable":true,"href":"https:\/\/help.unhcr.org\/canada\/fr\/wp-json\/wp\/v2\/users\/24"}],"replies":[{"embeddable":true,"href":"https:\/\/help.unhcr.org\/canada\/fr\/wp-json\/wp\/v2\/comments?post=1282"}],"version-history":[{"count":7,"href":"https:\/\/help.unhcr.org\/canada\/fr\/wp-json\/wp\/v2\/pages\/1282\/revisions"}],"predecessor-version":[{"id":2735,"href":"https:\/\/help.unhcr.org\/canada\/fr\/wp-json\/wp\/v2\/pages\/1282\/revisions\/2735"}],"wp:attachment":[{"href":"https:\/\/help.unhcr.org\/canada\/fr\/wp-json\/wp\/v2\/media?parent=1282"}],"curies":[{"name":"wp","href":"https:\/\/api.w.org\/{rel}","templated":true}]}}