{"id":2464,"date":"2025-06-11T15:31:37","date_gmt":"2025-06-11T15:31:37","guid":{"rendered":"https:\/\/help.unhcr.org\/canada\/?page_id=2464"},"modified":"2025-06-11T15:31:37","modified_gmt":"2025-06-11T15:31:37","slug":"documentos-de-viaje-para-refugiados","status":"publish","type":"page","link":"https:\/\/help.unhcr.org\/canada\/es\/documentos-de-viaje-para-refugiados\/","title":{"rendered":"Documentos de viaje para refugiados"},"content":{"rendered":"\n<p>A menudo, los refugiados no tienen pasaporte nacional o no pueden utilizarlo con seguridad por diversas razones relacionadas con su huida o su situaci\u00f3n de protecci\u00f3n. Cuando no se dispone de pasaporte o no es seguro utilizarlo, un documento de viaje para refugiados puede ofrecer una soluci\u00f3n.<\/p>\n\n\n\n<hr class=\"wp-block-separator has-alpha-channel-opacity\" \/>\n\n\n\n<p><strong>Para obtener informaci\u00f3n m\u00e1s general sobre los documentos de viaje para refugiados y la labor de defensa del ACNUR en este \u00e1mbito, consulte <\/strong><a href=\"https:\/\/help.unhcr.org\/faq\/how-can-we-help-you\/travel-documents\/\"><strong>https:\/\/help.unhcr.org\/faq\/how-can-we-help-you\/travel-documents\/<\/strong><\/a><strong>&nbsp; <\/strong><\/p>\n\n\n\n<p><\/p>\n","protected":false},"excerpt":{"rendered":"<p>A menudo, los refugiados no tienen pasaporte nacional o no pueden utilizarlo con seguridad por diversas razones relacionadas con su huida o su situaci\u00f3n de protecci\u00f3n. Cuando no se dispone de pasaporte o no es seguro utilizarlo, un documento de viaje para refugiados puede ofrecer una soluci\u00f3n. Para obtener informaci\u00f3n m\u00e1s general sobre los documentos [&hellip;]<\/p>\n","protected":false},"author":24,"featured_media":0,"parent":0,"menu_order":0,"comment_status":"closed","ping_status":"closed","template":"page-templates\/sectioned.php","meta":{"_acf_changed":false,"footnotes":""},"class_list":["post-2464","page","type-page","status-publish","hentry"],"acf":[],"_links":{"self":[{"href":"https:\/\/help.unhcr.org\/canada\/es\/wp-json\/wp\/v2\/pages\/2464","targetHints":{"allow":["GET"]}}],"collection":[{"href":"https:\/\/help.unhcr.org\/canada\/es\/wp-json\/wp\/v2\/pages"}],"about":[{"href":"https:\/\/help.unhcr.org\/canada\/es\/wp-json\/wp\/v2\/types\/page"}],"author":[{"embeddable":true,"href":"https:\/\/help.unhcr.org\/canada\/es\/wp-json\/wp\/v2\/users\/24"}],"replies":[{"embeddable":true,"href":"https:\/\/help.unhcr.org\/canada\/es\/wp-json\/wp\/v2\/comments?post=2464"}],"version-history":[{"count":3,"href":"https:\/\/help.unhcr.org\/canada\/es\/wp-json\/wp\/v2\/pages\/2464\/revisions"}],"predecessor-version":[{"id":2481,"href":"https:\/\/help.unhcr.org\/canada\/es\/wp-json\/wp\/v2\/pages\/2464\/revisions\/2481"}],"wp:attachment":[{"href":"https:\/\/help.unhcr.org\/canada\/es\/wp-json\/wp\/v2\/media?parent=2464"}],"curies":[{"name":"wp","href":"https:\/\/api.w.org\/{rel}","templated":true}]}}