{"id":209,"date":"2018-02-08T10:40:51","date_gmt":"2018-02-08T10:40:51","guid":{"rendered":"http:\/\/help.unhcr.org\/canada\/?page_id=209"},"modified":"2023-08-10T15:14:09","modified_gmt":"2023-08-10T15:14:09","slug":"about-unhcr-in-canada","status":"publish","type":"page","link":"https:\/\/help.unhcr.org\/canada\/es\/about-unhcr-in-canada\/","title":{"rendered":"Acerca de ACNUR en Canad\u00e1"},"content":{"rendered":"\n<h3 class=\"wp-block-heading\">ACNUR, la Agencia de las Naciones Unidas para los Refugiados, es una organizaci\u00f3n mundial dedicada a salvar vidas, proteger derechos y construir un futuro mejor para los refugiados, las comunidades desplazadas por la fuerza y los ap\u00e1tridas. ACNUR est\u00e1 presente en m\u00e1s de 140 pa\u00edses.&nbsp;<\/h3>\n\n\n\n<p>Durante d\u00e9cadas, la ACNUR ha enfrentado crisis en muchos pa\u00edses. Hemos brindado asistencia para salvar vidas a solicitantes de asilo, refugiados, desplazados internos y ap\u00e1tridas. ACNUR salva vidas y construye mejores futuros para las millones de personas obligadas a dejar sus hogares.&nbsp;<\/p>\n\n\n\n<p>La Convenci\u00f3n sobre el Estatuto de los Refugiados de 1951 es el documento jur\u00eddico clave que constituye la base de nuestro trabajo. Ratificada por 145 Estados partes, incluido Canad\u00e1, define el t\u00e9rmino \u00abrefugiado\u00bb y describe los derechos de los desplazados, as\u00ed como las obligaciones legales de los Estados para protegerlos.<\/p>\n\n\n\n<h4 class=\"wp-block-heading\">Nuestra oficina en Canad\u00e1 abri\u00f3 sus puertas en 1976 y trabaja en cuatro \u00e1reas clave:&nbsp;<\/h4>\n\n\n\n<p><\/p>\n\n\n\n<ul class=\"has-white-color has-text-color has-background wp-block-list\" style=\"background-color:#0072bc\">\n<li><strong>Protecci\u00f3n<\/strong>: Observamos las pr\u00e1cticas y pol\u00edticas de asilo canadienses con el fin de promover los m\u00e1s altos est\u00e1ndares de protecci\u00f3n para los refugiados y los solicitantes de asilo.&nbsp;<\/li>\n\n\n\n<li><strong>Soluciones<\/strong>: Encontramos soluciones duraderas que les permiten a los refugiados vivir sus vidas con dignidad y tranquilidad. Se incluye la repatriaci\u00f3n voluntaria, el reasentamiento y la integraci\u00f3n.&nbsp;<\/li>\n\n\n\n<li><strong>Comunicaciones<\/strong>: Informamos y educamos a los canadienses sobre la situaci\u00f3n de los refugiados y otras personas desplazadas, as\u00ed como sobre el trabajo de ACNUR en el tema.&nbsp;<\/li>\n\n\n\n<li><strong>Recaudaci\u00f3n de fondos<\/strong>: Animamos al p\u00fablico canadiense y al Gobierno de Canad\u00e1 a brindar asistencia financiera para los programas de ACNUR en todo el mundo.&nbsp;<\/li>\n<\/ul>\n\n\n\n<p><strong>\u00a1Comun\u00edquese con nosotros! <\/strong>Si tiene alguna pregunta sobre su expediente espec\u00edfico o sobre el proceso de solicitud de asilo, p\u00f3ngase en contacto con nosotros por correo electr\u00f3nico en la siguiente direcci\u00f3n <a href=\"mailto:canotinq@unhcr.org\">canotinq@unhcr.org<\/a>. &nbsp;<\/p>\n\n\n\n<p>Tenga en cuenta que, en Canad\u00e1, la ACNUR no participa en los diversos procesos relacionados con casos individuales. Si necesita ayuda con su solicitud de asilo, solic\u00edtela en una de las muchas organizaciones enumeradas en esta gu\u00eda.<\/p>\n\n\n\n<p>ACNUR Canad\u00e1 no ofrece servicios directos para solicitantes de asilo y lo remitir\u00e1 a otros servicios disponibles en Canad\u00e1 para obtener asistencia en caso de que se ponga en contacto con nuestras oficinas.&nbsp;<\/p>\n\n\n\n<p>Nuestra oficina principal en Canad\u00e1 est\u00e1 en Ottawa:&nbsp;<\/p>\n\n\n\n<ul class=\"wp-block-list\">\n<li>Direcci\u00f3n: <a href=\"https:\/\/www.google.com\/maps\/place\/280+Albert+St+%23401,+Ottawa,+ON+K1P+5G8\/@45.4191846,-75.7040375,17z\/data=!3m1!4b1!4m6!3m5!1s0x4cce045466748291:0x995c98f6c0c7417e!8m2!3d45.4191809!4d-75.7014626!16s%2Fg%2F11qqn6ws_q?entry=ttu\" target=\"_blank\" rel=\"noreferrer noopener\">280 Albert St #401, Ottawa, ON K1P 5G8&nbsp;<\/a><\/li>\n\n\n\n<li>Tel\u00e9fono: +1-613-232-0909&nbsp;<\/li>\n<\/ul>\n\n\n\n<p>Adem\u00e1s, contamos con una oficina sat\u00e9lite en Montreal, Quebec:&nbsp;<\/p>\n\n\n\n<ul class=\"wp-block-list\">\n<li>Direcci\u00f3n: <a href=\"https:\/\/www.google.com\/maps\/place\/200+Boulevard+Ren%C3%A9-L%C3%A9vesque+O,+Montr%C3%A9al,+QC+H2Z+1X4\/@45.5070316,-73.5650805,17z\/data=!3m1!4b1!4m6!3m5!1s0x4cc91a5024e3b7bf:0x57ce10e606452a14!8m2!3d45.5070279!4d-73.5625056!16s%2Fg%2F11bw3xq4pd?entry=ttu\" target=\"_blank\" rel=\"noreferrer noopener\">200 Boulevard Ren\u00e9-L\u00e9vesque O, Montr\u00e9al, QC H2Z 1X4<\/a>&nbsp;<\/li>\n\n\n\n<li>Tel\u00e9fono:&nbsp;1-514-496-1637&nbsp;<\/li>\n<\/ul>\n\n\n\n<p><a rel=\"noreferrer noopener\" href=\"https:\/\/www.unhcr.ca\/\" target=\"_blank\">Sitio web<\/a><\/p>\n\n\n\n<p><\/p>\n","protected":false},"excerpt":{"rendered":"<p>ACNUR, la Agencia de las Naciones Unidas para los Refugiados, es una organizaci\u00f3n mundial dedicada a salvar vidas, proteger derechos y construir un futuro mejor para los refugiados, las comunidades desplazadas por la fuerza y los ap\u00e1tridas. ACNUR est\u00e1 presente en m\u00e1s de 140 pa\u00edses.&nbsp; Durante d\u00e9cadas, la ACNUR ha enfrentado crisis en muchos pa\u00edses. [&hellip;]<\/p>\n","protected":false},"author":1,"featured_media":0,"parent":0,"menu_order":10,"comment_status":"closed","ping_status":"closed","template":"","meta":{"_acf_changed":false,"footnotes":""},"class_list":["post-209","page","type-page","status-publish","hentry"],"acf":[],"_links":{"self":[{"href":"https:\/\/help.unhcr.org\/canada\/es\/wp-json\/wp\/v2\/pages\/209","targetHints":{"allow":["GET"]}}],"collection":[{"href":"https:\/\/help.unhcr.org\/canada\/es\/wp-json\/wp\/v2\/pages"}],"about":[{"href":"https:\/\/help.unhcr.org\/canada\/es\/wp-json\/wp\/v2\/types\/page"}],"author":[{"embeddable":true,"href":"https:\/\/help.unhcr.org\/canada\/es\/wp-json\/wp\/v2\/users\/1"}],"replies":[{"embeddable":true,"href":"https:\/\/help.unhcr.org\/canada\/es\/wp-json\/wp\/v2\/comments?post=209"}],"version-history":[{"count":13,"href":"https:\/\/help.unhcr.org\/canada\/es\/wp-json\/wp\/v2\/pages\/209\/revisions"}],"predecessor-version":[{"id":1182,"href":"https:\/\/help.unhcr.org\/canada\/es\/wp-json\/wp\/v2\/pages\/209\/revisions\/1182"}],"wp:attachment":[{"href":"https:\/\/help.unhcr.org\/canada\/es\/wp-json\/wp\/v2\/media?parent=209"}],"curies":[{"name":"wp","href":"https:\/\/api.w.org\/{rel}","templated":true}]}}