{"id":154,"date":"2017-11-22T16:07:37","date_gmt":"2017-11-22T16:07:37","guid":{"rendered":"http:\/\/help.unhcr.org\/canada\/?page_id=154"},"modified":"2026-03-27T19:24:35","modified_gmt":"2026-03-27T19:24:35","slug":"welcome","status":"publish","type":"page","link":"https:\/\/help.unhcr.org\/canada\/es\/","title":{"rendered":"Bienvenido\/a"},"content":{"rendered":"\n<h4 class=\"wp-block-heading has-text-align-left has-background\" style=\"background-color:#fdf799\"><strong>\ud83d\udea8Importante: Cambios en el sistema de asilo canadiense \ud83d\udea8<br><br>El 26 de Marzo de 2026, Canad\u00e1 introdujo<a href=\"https:\/\/www.canada.ca\/en\/immigration-refugees-citizenship\/news\/2026\/03\/new-immigration-and-asylum-measures-from-bill-c-12-the-strengthening-canadas-immigration-system-and-borders-act-have-become-law.html\" data-type=\"link\" data-id=\"https:\/\/www.canada.ca\/en\/immigration-refugees-citizenship\/news\/2026\/03\/new-immigration-and-asylum-measures-from-bill-c-12-the-strengthening-canadas-immigration-system-and-borders-act-have-become-law.html\"> algunos cambios<\/a> en su sistema de asilo. Pr\u00f3ximamente se dar\u00e1n a conocer m\u00e1s detalles. <\/strong><br><br><strong>Estos cambios podr\u00edan modificar qui\u00e9nes pueden presentar una solicitud de asilo, la manera en c\u00f3mo ser\u00e1 tramitado el caso y las fechas que se deben respetar. Para obtener m\u00e1s informaci\u00f3n, visite el <a href=\"https:\/\/www.canada.ca\/en\/immigration-refugees-citizenship\/services\/refugees\/protection.html\" data-type=\"link\" data-id=\"https:\/\/www.canada.ca\/en\/immigration-refugees-citizenship\/services\/refugees\/protection.html\">sitio web<\/a> del Gobierno de Canad\u00e1. <\/strong><br><br><strong>Si est\u00e1 pensando en solicitar asilo en Canad\u00e1, aseg\u00farese de obtener asesoria jur\u00eddica actualizada y verifique si hay nueva informaci\u00f3n. <\/strong><br><br><strong>\u00c9sta p\u00e1gina ser\u00e1 actualizada cuando haya m\u00e1s detalles disponibles. <\/strong><\/h4>\n\n\n\n<hr class=\"wp-block-separator has-alpha-channel-opacity\" \/>\n\n\n\n<p><br>Si huye de su pa\u00eds porque teme ser perseguido o su vida corre riesgo, puede solicitar asilo en Canad\u00e1. Si se le concede asilo, recibir\u00e1 la condici\u00f3n de refugiado y el derecho a quedarse. Para solicitar asilo, debe estar f\u00edsicamente presente en Canad\u00e1 o buscar la entrada al pa\u00eds en un punto de entrada (aeropuerto, frontera terrestre o puerto mar\u00edtimo).&nbsp;&nbsp;&nbsp;<\/p>\n\n\n\n<h3 class=\"wp-block-heading has-white-color has-text-color has-background\" style=\"background-color:#0072bc\"><strong>En este sitio web, encontrar\u00e1:<\/strong><\/h3>\n\n\n\n<ul style=\"background-color:#f0f0f1\" class=\"wp-block-list has-background\">\n<li><a href=\"https:\/\/help.unhcr.org\/canada\/es\/how-to-apply-for-asylum-new\/\"><strong>\u00bfC\u00f3mo solicitar asilo?<\/strong><\/a><\/li>\n\n\n\n<li><a href=\"https:\/\/help.unhcr.org\/canada\/es\/resources-for-asylum-seekers\/\"><strong>Recursos para los solicitantes de asilo<\/strong><\/a><\/li>\n\n\n\n<li><a href=\"https:\/\/help.unhcr.org\/canada\/es\/rights-and-duties-3\/\"><strong>Derechos y obligaciones<\/strong><\/a><\/li>\n\n\n\n<li><a href=\"https:\/\/help.unhcr.org\/canada\/es\/family-reunification\/\"><strong>Reagrupaci\u00f3n familiar<\/strong><\/a><\/li>\n\n\n\n<li><a href=\"https:\/\/help.unhcr.org\/canada\/es\/refugee-resettlement-to-canada\/\"><strong>Reasentamiento de refugiados en Canad\u00e1<\/strong><\/a><\/li>\n\n\n\n<li><strong><a href=\"https:\/\/help.unhcr.org\/canada\/es\/private-sponsorship-of-refugees\/\">Patrocinio privado de refugiados<\/a><\/strong><\/li>\n\n\n\n<li><strong><a href=\"https:\/\/help.unhcr.org\/canada\/es\/economic-immigration-of-skilled-refugees\/\">Inmigraci\u00f3n econ\u00f3mica de refugiados calificados<\/a><\/strong><\/li>\n\n\n\n<li><strong><a href=\"https:\/\/help.unhcr.org\/canada\/es\/anti-fraud\/\">Antifraude<\/a><\/strong><\/li>\n\n\n\n<li><a href=\"https:\/\/help.unhcr.org\/canada\/es\/about-unhcr-in-canada\/\"><strong>Acerca de ACNUR en Canad\u00e1<\/strong><\/a><\/li>\n<\/ul>\n\n\n\n<p><strong>La informaci\u00f3n aqu\u00ed contenida debe utilizarse como gu\u00eda y no debe considerarse asesoramiento legal. Si tiene alguna pregunta, solicite asesoramiento legal.&nbsp;<\/strong><\/p>\n\n\n\n<p class=\"has-background\" style=\"background-color:#fdf499\">Alerta de fraude: Hay personas que est\u00e1n utilizando falsamente el n\u00famero de tel\u00e9fono de ACNUR Canad\u00e1 (613-232-0909) para ofrecer reasentamiento a cambio de dinero. Estas personas son estafadores y no representan a ACNUR. Los servicios de ACNUR son siempre gratuitos.<\/p>\n\n\n\n<p><\/p>\n\n\n\n<h2 class=\"wp-block-heading\"><\/h2>\n","protected":false},"excerpt":{"rendered":"<p>\ud83d\udea8Importante: Cambios en el sistema de asilo canadiense \ud83d\udea8 El 26 de Marzo de 2026, Canad\u00e1 introdujo algunos cambios en su sistema de asilo. Pr\u00f3ximamente se dar\u00e1n a conocer m\u00e1s detalles. Estos cambios podr\u00edan modificar qui\u00e9nes pueden presentar una solicitud de asilo, la manera en c\u00f3mo ser\u00e1 tramitado el caso y las fechas que se [&hellip;]<\/p>\n","protected":false},"author":24,"featured_media":0,"parent":0,"menu_order":0,"comment_status":"closed","ping_status":"closed","template":"","meta":{"_acf_changed":false,"footnotes":""},"class_list":["post-154","page","type-page","status-publish","hentry"],"acf":[],"_links":{"self":[{"href":"https:\/\/help.unhcr.org\/canada\/es\/wp-json\/wp\/v2\/pages\/154","targetHints":{"allow":["GET"]}}],"collection":[{"href":"https:\/\/help.unhcr.org\/canada\/es\/wp-json\/wp\/v2\/pages"}],"about":[{"href":"https:\/\/help.unhcr.org\/canada\/es\/wp-json\/wp\/v2\/types\/page"}],"author":[{"embeddable":true,"href":"https:\/\/help.unhcr.org\/canada\/es\/wp-json\/wp\/v2\/users\/24"}],"replies":[{"embeddable":true,"href":"https:\/\/help.unhcr.org\/canada\/es\/wp-json\/wp\/v2\/comments?post=154"}],"version-history":[{"count":60,"href":"https:\/\/help.unhcr.org\/canada\/es\/wp-json\/wp\/v2\/pages\/154\/revisions"}],"predecessor-version":[{"id":2762,"href":"https:\/\/help.unhcr.org\/canada\/es\/wp-json\/wp\/v2\/pages\/154\/revisions\/2762"}],"wp:attachment":[{"href":"https:\/\/help.unhcr.org\/canada\/es\/wp-json\/wp\/v2\/media?parent=154"}],"curies":[{"name":"wp","href":"https:\/\/api.w.org\/{rel}","templated":true}]}}