{"id":1298,"date":"2023-11-03T19:29:12","date_gmt":"2023-11-03T19:29:12","guid":{"rendered":"https:\/\/help.unhcr.org\/canada\/anti-fraud\/"},"modified":"2024-03-05T17:31:42","modified_gmt":"2024-03-05T17:31:42","slug":"anti-fraud","status":"publish","type":"page","link":"https:\/\/help.unhcr.org\/canada\/es\/anti-fraud\/","title":{"rendered":"Antifraude"},"content":{"rendered":"\n<p>ACNUR Canad\u00e1 no participa en la selecci\u00f3n de los refugiados que se reasentar\u00e1n en Canad\u00e1 y no puede intervenir ni influir en el proceso para determinar si se puede dar a una persona por refugiada o si se puede reasentar a un refugiado en Canad\u00e1. Cuando pa\u00edses como Canad\u00e1 ofrecen plazas de reasentamiento, otras oficinas de ACNUR de todo el mundo en los pa\u00edses de asilo a los refugiados identificar\u00e1n a las personas en riesgo y presentar\u00e1n solicitudes a dichos pa\u00edses de reasentamiento. Los pa\u00edses de reasentamiento toman la decisi\u00f3n final sobre si se recibir\u00e1 al refugiado en su pa\u00eds o no.<\/p>\n\n\n\n<p><strong>Mant\u00e9ngase alerta y denuncie a los defraudadores que le ofrecen reasentamiento, asistencia financiera o de otro tipo, documentos falsos o reclamaciones falsas a cambio de dinero u otros favores.<\/strong><\/p>\n\n\n\n<p><strong>Todos los servicios de ACNUR son gratuitos. No conf\u00ede en ninguna persona ni organizaci\u00f3n que le solicite pagar los servicios de ACNUR o de sus socios.<\/strong><\/p>\n\n\n\n<p><strong>Enlaces \u00fatiles:<\/strong><\/p>\n\n\n\n<ul class=\"wp-block-list\">\n<li><a href=\"https:\/\/www.acnur.org\/acnur\/gobernanza-y-supervision-interna\/oficina-del-inspector-general\/presentar-una-denuncia?_gl=1*tliref*_rup_ga*ODUxNjYzMzUzLjE2OTQ2MjAyMzM.*_rup_ga_EVDQTJ4LMY*MTcwMTM1NzM1NS42NS4xLjE3MDEzNjIxNDkuMC4wLjA.*_ga*ODUxNjYzMzUzLjE2OTQ2MjAyMzM.*_ga_X2YZPJ1XWR*MTcwMTM2MTAzMy43LjEuMTcwMTM2MjE0OS4wLjAuMA..#_ga=2.209695386.967016158.1701353374-851663353.1694620233\" target=\"_blank\" rel=\"noreferrer noopener\">Denunciar conductas inapropiadas | ACNUR<\/a>.<\/li>\n\n\n\n<li><a href=\"https:\/\/www.acnur.org\/reportar-un-sitio-fraudulento-o-un-problema-de-ciberseguridad?_gl=1*1y2a01l*_rup_ga*ODUxNjYzMzUzLjE2OTQ2MjAyMzM.*_rup_ga_EVDQTJ4LMY*MTcwMTM1NzM1NS42NS4xLjE3MDEzNjIxODIuMC4wLjA.*_ga*ODUxNjYzMzUzLjE2OTQ2MjAyMzM.*_ga_X2YZPJ1XWR*MTcwMTM2MTAzMy43LjEuMTcwMTM2MjE4Mi4wLjAuMA..#_ga=2.49246638.967016158.1701353374-851663353.1694620233\" target=\"_blank\" rel=\"noreferrer noopener\">Denunciar un sitio fraudulento o un problema de ciberseguridad | ACNUR<\/a>.<\/li>\n\n\n\n<li><a href=\"https:\/\/www.unhcr.org\/how-avoid-scams-and-fraudulent-job-offers\" target=\"_blank\" rel=\"noreferrer noopener\">Evitar estafas y ofertas de trabajo fraudulentas | ACNUR<\/a>.<\/li>\n\n\n\n<li><a href=\"https:\/\/www.antifraudcentre-centreantifraude.ca\/index-eng.htm\" target=\"_blank\" rel=\"noreferrer noopener\">Centro Antifraude de Canad\u00e1 (antifraudcentre-centreantifraude.ca)<\/a>.<\/li>\n<\/ul>\n","protected":false},"excerpt":{"rendered":"<p>ACNUR Canad\u00e1 no participa en la selecci\u00f3n de los refugiados que se reasentar\u00e1n en Canad\u00e1 y no puede intervenir ni influir en el proceso para determinar si se puede dar a una persona por refugiada o si se puede reasentar a un refugiado en Canad\u00e1. Cuando pa\u00edses como Canad\u00e1 ofrecen plazas de reasentamiento, otras oficinas [&hellip;]<\/p>\n","protected":false},"author":24,"featured_media":0,"parent":0,"menu_order":8,"comment_status":"closed","ping_status":"closed","template":"","meta":{"_acf_changed":false,"footnotes":""},"class_list":["post-1298","page","type-page","status-publish","hentry"],"acf":[],"_links":{"self":[{"href":"https:\/\/help.unhcr.org\/canada\/es\/wp-json\/wp\/v2\/pages\/1298","targetHints":{"allow":["GET"]}}],"collection":[{"href":"https:\/\/help.unhcr.org\/canada\/es\/wp-json\/wp\/v2\/pages"}],"about":[{"href":"https:\/\/help.unhcr.org\/canada\/es\/wp-json\/wp\/v2\/types\/page"}],"author":[{"embeddable":true,"href":"https:\/\/help.unhcr.org\/canada\/es\/wp-json\/wp\/v2\/users\/24"}],"replies":[{"embeddable":true,"href":"https:\/\/help.unhcr.org\/canada\/es\/wp-json\/wp\/v2\/comments?post=1298"}],"version-history":[{"count":5,"href":"https:\/\/help.unhcr.org\/canada\/es\/wp-json\/wp\/v2\/pages\/1298\/revisions"}],"predecessor-version":[{"id":1918,"href":"https:\/\/help.unhcr.org\/canada\/es\/wp-json\/wp\/v2\/pages\/1298\/revisions\/1918"}],"wp:attachment":[{"href":"https:\/\/help.unhcr.org\/canada\/es\/wp-json\/wp\/v2\/media?parent=1298"}],"curies":[{"name":"wp","href":"https:\/\/api.w.org\/{rel}","templated":true}]}}