{"id":1287,"date":"2023-11-03T19:29:40","date_gmt":"2023-11-03T19:29:40","guid":{"rendered":"https:\/\/help.unhcr.org\/canada\/economic-immigration-of-skilled-refugees\/"},"modified":"2026-01-21T20:40:42","modified_gmt":"2026-01-21T20:40:42","slug":"economic-immigration-of-skilled-refugees","status":"publish","type":"page","link":"https:\/\/help.unhcr.org\/canada\/es\/economic-immigration-of-skilled-refugees\/","title":{"rendered":"Inmigraci\u00f3n econ\u00f3mica de refugiados calificados"},"content":{"rendered":"\n<p class=\"has-background\" style=\"background-color:#fdf799\">Aviso: Inmigraci\u00f3n, Refugiados y Ciudadan\u00eda de Canad\u00e1 (IRCC) ha <a href=\"https:\/\/eur02.safelinks.protection.outlook.com\/?url=https%3A%2F%2Fwww.canada.ca%2Fen%2Fimmigration-refugees-citizenship%2Fcorporate%2Fpublications-manuals%2Foperational-bulletins-manuals%2Fupdates%2F2026-economic-mobility-pathways-pilot-empp.html&amp;data=05%7C02%7Cmurrayh%40unhcr.org%7Cf9f009928255437e567e08de5534d24a%7Ce5c37981666441348a0c6543d2af80be%7C0%7C0%7C639041882499552819%7CUnknown%7CTWFpbGZsb3d8eyJFbXB0eU1hcGkiOnRydWUsIlYiOiIwLjAuMDAwMCIsIlAiOiJXaW4zMiIsIkFOIjoiTWFpbCIsIldUIjoyfQ%3D%3D%7C0%7C%7C%7C&amp;sdata=%2FVzoj4f8NV%2BaU3e%2F3tqt0JkZOmUYRUoXbpogYAX%2FPOw%3D&amp;reserved=0\">dejado de aceptar nuevas solicitudes<\/a> en el marco del EMPP a partir del 1 de enero de 2026.<\/p>\n\n\n\n<figure class=\"wp-block-embed is-type-video is-provider-youtube wp-block-embed-youtube wp-embed-aspect-16-9 wp-has-aspect-ratio\"><div class=\"wp-block-embed__wrapper\">\n<iframe loading=\"lazy\" title=\"Working abroad can help refugees rebuild their lives\" width=\"640\" height=\"360\" src=\"https:\/\/www.youtube.com\/embed\/N1cFJsczTaw?list=PLtPw-Y91GlmWxaKz9pIll_8ccdGKPi5F9\" frameborder=\"0\" allow=\"accelerometer; autoplay; clipboard-write; encrypted-media; gyroscope; picture-in-picture; web-share\" referrerpolicy=\"strict-origin-when-cross-origin\" allowfullscreen><\/iframe>\n<\/div><\/figure>\n\n\n\n<p>La movilidad laboral de los refugiados elimina las barreras que impiden que estos se trasladen a otro pa\u00eds para trabajar. En Canad\u00e1, los refugiados pueden solicitar la inmigraci\u00f3n en funci\u00f3n de sus habilidades o su experiencia laboral a trav\u00e9s de programas de inmigraci\u00f3n habituales. Solicitar la inmigraci\u00f3n a trav\u00e9s del Proyecto Piloto sobre las V\u00edas de Acceso a la Movilidad Econ\u00f3mica (<em>Economic Mobility Pathways Pilot<\/em>,&nbsp;EMPP) ayuda a los refugiados y otras personas que necesitan protecci\u00f3n internacional mediante la renuncia a ciertos requisitos (por ejemplo, tener un pasaporte v\u00e1lido). Los candidatos del EMPP deben presentar la solicitud desde el exterior de Canad\u00e1.<\/p>\n\n\n\n<p>Algunas <a href=\"https:\/\/www.canada.ca\/en\/immigration-refugees-citizenship\/services\/refugees\/economic-mobility-pathways-pilot\/immigrate\/apply.html\" target=\"_blank\" rel=\"noreferrer noopener\">ONG tienen un acuerdo con el Departamento de Inmigraci\u00f3n, Refugiados y Ciudadan\u00eda de Canad\u00e1 (<em>Immigration, Refugees and Citizenship Canada<\/em>,&nbsp;IRCC)<\/a> con el objeto de identificar a los candidatos refugiados que est\u00e1n calificados para vacantes de empleo en Canad\u00e1. No les solicitar\u00e1n a los refugiados ning\u00fan tipo de pago por los servicios prestados. Dos de estas ONG (Talent Beyond Boundaries y TalentLift) tienen una base de datos en l\u00ednea en la que los refugiados interesados pueden crear un perfil con sus habilidades y su experiencia laboral. Talent Beyond Boundaries y TalentLift consultan estas bases de datos a la hora de contratar a personas para puestos espec\u00edficos con empleadores canadienses. Los empleadores deciden a qui\u00e9n contratar.<\/p>\n\n\n\n<ul class=\"wp-block-list\">\n<li>Para registrarse en Talent Beyond Boundaries, visite&nbsp;<a href=\"https:\/\/eur02.safelinks.protection.outlook.com\/?url=https%3A%2F%2Fwww.talentbeyondboundaries.org%2Ftalentcatalog%2Fregister&amp;data=05%7C01%7Celgersma%40unhcr.org%7C8c41bf2cc7cd4aeddf3508da6b338e46%7Ce5c37981666441348a0c6543d2af80be%7C0%7C0%7C637940166407341991%7CUnknown%7CTWFpbGZsb3d8eyJWIjoiMC4wLjAwMDAiLCJQIjoiV2luMzIiLCJBTiI6Ik1haWwiLCJXVCI6Mn0%3D%7C3000%7C%7C%7C&amp;sdata=hYfJDDczF%2BVEq6ek5qnFHqBhhjJ2QakVTTgMsxG3x3E%3D&amp;reserved=0\" target=\"_blank\" rel=\"noreferrer noopener\">https:\/\/www.talentbeyondboundaries.org\/talentcatalog\/register<\/a>.<\/li>\n\n\n\n<li>Para registrarse en TalentLift, visite&nbsp;<a href=\"https:\/\/eur02.safelinks.protection.outlook.com\/?url=https%3A%2F%2Fplatform.talentlift.ca%2F&amp;data=05%7C01%7Celgersma%40unhcr.org%7C8c41bf2cc7cd4aeddf3508da6b338e46%7Ce5c37981666441348a0c6543d2af80be%7C0%7C0%7C637940166407341991%7CUnknown%7CTWFpbGZsb3d8eyJWIjoiMC4wLjAwMDAiLCJQIjoiV2luMzIiLCJBTiI6Ik1haWwiLCJXVCI6Mn0%3D%7C3000%7C%7C%7C&amp;sdata=GQKocXzEPrHLcNq5MtTnGfjUhs8oK92nMqAgB0EEz90%3D&amp;reserved=0\" target=\"_blank\" rel=\"noreferrer noopener\">https:\/\/platform.talentlift.ca\/<\/a>.<\/li>\n\n\n\n<li>Los candidatos elegibles tambi\u00e9n pueden solicitar inmigrar a Canad\u00e1 por su cuenta. Puede encontrar m\u00e1s informaci\u00f3n en <a href=\"https:\/\/www.canada.ca\/en\/immigration-refugees-citizenship\/services\/refugees\/economic-mobility-pathways-pilot.html\" target=\"_blank\" rel=\"noreferrer noopener\">Proyecto Piloto sobre las V\u00edas de Acceso a la Movilidad Econ\u00f3mica, Canada.ca<\/a>.<\/li>\n\n\n\n<li>Muchas organizaciones en todo Canad\u00e1 trabajan para ayudar a los inmigrantes (incluidos los candidatos del EMPP y sus familias) con el proceso de asentamiento mediante la prestaci\u00f3n de una variedad de servicios, lo que comprende la orientaci\u00f3n cultural, los idiomas y la formaci\u00f3n profesional, as\u00ed como programas para promover el acceso a la educaci\u00f3n y al empleo. <a href=\"https:\/\/ircc.canada.ca\/english\/newcomers\/services\/index.asp\" target=\"_blank\" rel=\"noreferrer noopener\">Si necesita informaci\u00f3n sobre los servicios de asentamiento en Canad\u00e1, visite el sitio web del IRCC.<\/a><\/li>\n<\/ul>\n\n\n\n<p><\/p>\n","protected":false},"excerpt":{"rendered":"<p>Aviso: Inmigraci\u00f3n, Refugiados y Ciudadan\u00eda de Canad\u00e1 (IRCC) ha dejado de aceptar nuevas solicitudes en el marco del EMPP a partir del 1 de enero de 2026. La movilidad laboral de los refugiados elimina las barreras que impiden que estos se trasladen a otro pa\u00eds para trabajar. En Canad\u00e1, los refugiados pueden solicitar la inmigraci\u00f3n [&hellip;]<\/p>\n","protected":false},"author":24,"featured_media":0,"parent":0,"menu_order":9,"comment_status":"closed","ping_status":"closed","template":"","meta":{"_acf_changed":false,"footnotes":""},"class_list":["post-1287","page","type-page","status-publish","hentry"],"acf":[],"_links":{"self":[{"href":"https:\/\/help.unhcr.org\/canada\/es\/wp-json\/wp\/v2\/pages\/1287","targetHints":{"allow":["GET"]}}],"collection":[{"href":"https:\/\/help.unhcr.org\/canada\/es\/wp-json\/wp\/v2\/pages"}],"about":[{"href":"https:\/\/help.unhcr.org\/canada\/es\/wp-json\/wp\/v2\/types\/page"}],"author":[{"embeddable":true,"href":"https:\/\/help.unhcr.org\/canada\/es\/wp-json\/wp\/v2\/users\/24"}],"replies":[{"embeddable":true,"href":"https:\/\/help.unhcr.org\/canada\/es\/wp-json\/wp\/v2\/comments?post=1287"}],"version-history":[{"count":15,"href":"https:\/\/help.unhcr.org\/canada\/es\/wp-json\/wp\/v2\/pages\/1287\/revisions"}],"predecessor-version":[{"id":2737,"href":"https:\/\/help.unhcr.org\/canada\/es\/wp-json\/wp\/v2\/pages\/1287\/revisions\/2737"}],"wp:attachment":[{"href":"https:\/\/help.unhcr.org\/canada\/es\/wp-json\/wp\/v2\/media?parent=1287"}],"curies":[{"name":"wp","href":"https:\/\/api.w.org\/{rel}","templated":true}]}}