{"id":1169,"date":"2021-08-27T12:44:47","date_gmt":"2021-08-27T12:44:47","guid":{"rendered":"https:\/\/help.unhcr.org\/canada\/family-reunification\/"},"modified":"2025-01-07T21:00:35","modified_gmt":"2025-01-07T21:00:35","slug":"family-reunification","status":"publish","type":"page","link":"https:\/\/help.unhcr.org\/canada\/es\/family-reunification\/","title":{"rendered":"Reunificaci\u00f3n Familiar"},"content":{"rendered":"\n<p class=\"has-background\" style=\"background-color:#ffeb10\"><strong>Aviso: Como parte de las medidas especiales para Afganist\u00e1n y Ucrania, Canad\u00e1 est\u00e1 dando prioridad a la reunificaci\u00f3n familiar de los ciudadanos afganos y ucranianos<\/strong>.<strong> Para obtener m\u00e1s informaci\u00f3n, consulte <\/strong><a href=\"https:\/\/www.canada.ca\/en\/immigration-refugees-citizenship\/corporate\/publications-manuals\/operational-bulletins-manuals\/updates\/2021-afghanistan.html\"><strong>Program delivery update: Special measures for Afghanistan<\/strong><\/a><strong> y <\/strong><a href=\"https:\/\/www.canada.ca\/en\/immigration-refugees-citizenship\/corporate\/publications-manuals\/operational-bulletins-manuals\/service-delivery\/ukraine\/special-measures.html\"><strong>Program delivery update: Ukraine special measures<\/strong><\/a><strong><u> en canada.ca.<\/u><\/strong><\/p>\n\n\n\n<p>La protecci\u00f3n de la unidad familiar es un derecho humano importante. Si usted fue separado de su familia antes o durante su vuelo, puede solicitar reunirse con su familia en <strong>Canad\u00e1<\/strong>, bajo condiciones espec\u00edficas. Que su familia pueda unirse con usted depende, en \u00faltima instancia, del tipo de condici\u00f3n legal que se le otorgue y de la naturaleza de su relaci\u00f3n.<\/p>\n","protected":false},"excerpt":{"rendered":"<p>Aviso: Como parte de las medidas especiales para Afganist\u00e1n y Ucrania, Canad\u00e1 est\u00e1 dando prioridad a la reunificaci\u00f3n familiar de los ciudadanos afganos y ucranianos. Para obtener m\u00e1s informaci\u00f3n, consulte Program delivery update: Special measures for Afghanistan y Program delivery update: Ukraine special measures en canada.ca. La protecci\u00f3n de la unidad familiar es un derecho [&hellip;]<\/p>\n","protected":false},"author":24,"featured_media":0,"parent":0,"menu_order":4,"comment_status":"closed","ping_status":"closed","template":"page-templates\/sectioned.php","meta":{"_acf_changed":false,"footnotes":""},"class_list":["post-1169","page","type-page","status-publish","hentry"],"acf":[],"_links":{"self":[{"href":"https:\/\/help.unhcr.org\/canada\/es\/wp-json\/wp\/v2\/pages\/1169","targetHints":{"allow":["GET"]}}],"collection":[{"href":"https:\/\/help.unhcr.org\/canada\/es\/wp-json\/wp\/v2\/pages"}],"about":[{"href":"https:\/\/help.unhcr.org\/canada\/es\/wp-json\/wp\/v2\/types\/page"}],"author":[{"embeddable":true,"href":"https:\/\/help.unhcr.org\/canada\/es\/wp-json\/wp\/v2\/users\/24"}],"replies":[{"embeddable":true,"href":"https:\/\/help.unhcr.org\/canada\/es\/wp-json\/wp\/v2\/comments?post=1169"}],"version-history":[{"count":5,"href":"https:\/\/help.unhcr.org\/canada\/es\/wp-json\/wp\/v2\/pages\/1169\/revisions"}],"predecessor-version":[{"id":2100,"href":"https:\/\/help.unhcr.org\/canada\/es\/wp-json\/wp\/v2\/pages\/1169\/revisions\/2100"}],"wp:attachment":[{"href":"https:\/\/help.unhcr.org\/canada\/es\/wp-json\/wp\/v2\/media?parent=1169"}],"curies":[{"name":"wp","href":"https:\/\/api.w.org\/{rel}","templated":true}]}}