{"id":1147,"date":"2022-06-28T18:41:07","date_gmt":"2022-06-28T18:41:07","guid":{"rendered":"https:\/\/help.unhcr.org\/canada\/resources-for-asylum-seekers\/manitoba\/"},"modified":"2025-07-09T18:56:54","modified_gmt":"2025-07-09T18:56:54","slug":"manitoba","status":"publish","type":"page","link":"https:\/\/help.unhcr.org\/canada\/es\/resources-for-asylum-seekers\/manitoba\/","title":{"rendered":"Manitoba"},"content":{"rendered":"\n<h3 class=\"wp-block-heading has-white-color has-text-color has-background\" style=\"background-color:#0072bc\">Legal Aid Manitoba (Asistencia jur\u00eddica en Manitoba)<\/h3>\n\n\n\n<p>Legal Aid Manitoba brinda servicios legales a adultos y j\u00f3venes de bajos ingresos en Manitoba que re\u00fanen los requisitos financieros y tienen un caso con fundamento. Esto incluye servicios para solicitantes de asilo. Pueden asistirlo para obtener ayuda financiera para pagar un abogado que lo represente en su audiencia ante la Comisi\u00f3n de Inmigraci\u00f3n y Refugiados de Canad\u00e1 (IRB).<\/p>\n\n\n\n<ul class=\"wp-block-list\">\n<li><strong>Tel\u00e9fono:<\/strong> +1-800-261-2960<\/li>\n\n\n\n<li><strong>Correo electr\u00f3nico: <\/strong><a href=\"mailto:info@legalaid.mb.ca\">info@legalaid.mb.ca<\/a><\/li>\n\n\n\n<li><strong><a rel=\"noreferrer noopener\" href=\"https:\/\/www.legalaid.mb.ca\/\" target=\"_blank\">Sitio web<\/a><\/strong><\/li>\n\n\n\n<li><strong>Direcci\u00f3n:<\/strong>&nbsp;<a href=\"https:\/\/www.google.com\/maps\/place\/287+Broadway,+Winnipeg,+MB+R3C+0R9\/data=!4m2!3m1!1s0x52ea71513a413c89:0xb06e5ca934e43b7a?sa=X&amp;ved=2ahUKEwjx65SLv5uAAxX7FVkFHfW-ClIQ8gF6BAgPEAA&amp;ved=2ahUKEwjx65SLv5uAAxX7FVkFHfW-ClIQ8gF6BAgSEAI\" target=\"_blank\" rel=\"noreferrer noopener\">100 \u2013 287 Broadway, Winnipeg, Manitoba, R3C 0R9<\/a><\/li>\n\n\n\n<li><strong>Horario de atenci\u00f3n:<\/strong>\n<ul class=\"wp-block-list\">\n<li>Lunes y martes de 12:30&nbsp;p.&nbsp;m. a 4:00&nbsp;p.&nbsp;m.<\/li>\n\n\n\n<li>Mi\u00e9rcoles y jueves de 1:30&nbsp;p.&nbsp;m. a 4:00&nbsp;p.&nbsp;m.<\/li>\n<\/ul>\n<\/li>\n<\/ul>\n\n\n\n<h3 class=\"wp-block-heading has-white-color has-text-color has-background\" style=\"background-color:#0072bc\">Naomi House<\/h3>\n\n\n\n<p>Ofrece alojamiento y apoyo a refugiados reci\u00e9n llegados y solicitantes de asilo durante un m\u00e1ximo de 6 meses en la ciudad de Winnipeg.<\/p>\n\n\n\n<ul class=\"wp-block-list\">\n<li><strong>Tel\u00e9fono:<\/strong> +1-431-336-4308<\/li>\n\n\n\n<li><strong>Correo electr\u00f3nico:<\/strong> <a href=\"mailto:director.nhouse@gmail.com\">director.nhouse@gmail.com<\/a><\/li>\n\n\n\n<li><strong><a rel=\"noreferrer noopener\" href=\"https:\/\/naomihouse.info\/\" target=\"_blank\">Sitio web<\/a><\/strong>&nbsp;<\/li>\n<\/ul>\n","protected":false},"excerpt":{"rendered":"<p>Legal Aid Manitoba (Asistencia jur\u00eddica en Manitoba) Legal Aid Manitoba brinda servicios legales a adultos y j\u00f3venes de bajos ingresos en Manitoba que re\u00fanen los requisitos financieros y tienen un caso con fundamento. Esto incluye servicios para solicitantes de asilo. Pueden asistirlo para obtener ayuda financiera para pagar un abogado que lo represente en su [&hellip;]<\/p>\n","protected":false},"author":24,"featured_media":0,"parent":1117,"menu_order":60,"comment_status":"closed","ping_status":"closed","template":"","meta":{"_acf_changed":false,"footnotes":""},"class_list":["post-1147","page","type-page","status-publish","hentry"],"acf":[],"_links":{"self":[{"href":"https:\/\/help.unhcr.org\/canada\/es\/wp-json\/wp\/v2\/pages\/1147","targetHints":{"allow":["GET"]}}],"collection":[{"href":"https:\/\/help.unhcr.org\/canada\/es\/wp-json\/wp\/v2\/pages"}],"about":[{"href":"https:\/\/help.unhcr.org\/canada\/es\/wp-json\/wp\/v2\/types\/page"}],"author":[{"embeddable":true,"href":"https:\/\/help.unhcr.org\/canada\/es\/wp-json\/wp\/v2\/users\/24"}],"replies":[{"embeddable":true,"href":"https:\/\/help.unhcr.org\/canada\/es\/wp-json\/wp\/v2\/comments?post=1147"}],"version-history":[{"count":4,"href":"https:\/\/help.unhcr.org\/canada\/es\/wp-json\/wp\/v2\/pages\/1147\/revisions"}],"predecessor-version":[{"id":2698,"href":"https:\/\/help.unhcr.org\/canada\/es\/wp-json\/wp\/v2\/pages\/1147\/revisions\/2698"}],"up":[{"embeddable":true,"href":"https:\/\/help.unhcr.org\/canada\/es\/wp-json\/wp\/v2\/pages\/1117"}],"wp:attachment":[{"href":"https:\/\/help.unhcr.org\/canada\/es\/wp-json\/wp\/v2\/media?parent=1147"}],"curies":[{"name":"wp","href":"https:\/\/api.w.org\/{rel}","templated":true}]}}