{"id":1141,"date":"2022-06-28T18:39:53","date_gmt":"2022-06-28T18:39:53","guid":{"rendered":"https:\/\/help.unhcr.org\/canada\/resources-for-asylum-seekers\/british-columbia\/"},"modified":"2025-07-09T18:56:24","modified_gmt":"2025-07-09T18:56:24","slug":"british-columbia","status":"publish","type":"page","link":"https:\/\/help.unhcr.org\/canada\/es\/resources-for-asylum-seekers\/british-columbia\/","title":{"rendered":"Columbia Brit\u00e1nica"},"content":{"rendered":"\n<h3 class=\"wp-block-heading has-white-color has-text-color has-background\" style=\"background-color:#0072bc\">Legal Services Society (Sociedad de servicios jur\u00eddicos): Legal Aid BC (Asistencia jur\u00eddica de Columbia Brit\u00e1nica)<\/h3>\n\n\n\n<p>La Legal Services Society (LSS) es una organizaci\u00f3n sin fines de lucro creada para proporcionar informaci\u00f3n legal, asesoramiento y servicios de representaci\u00f3n a personas con bajos ingresos, incluidos solicitantes de asilo, en la provincia de Columbia Brit\u00e1nica. Pueden asistirlo para obtener ayuda financiera para pagar un abogado que lo represente en su audiencia ante la Comisi\u00f3n de Inmigraci\u00f3n y Refugiados de Canad\u00e1 (IRB).<\/p>\n\n\n\n<ul class=\"wp-block-list\">\n<li><strong>Tel\u00e9fono:<\/strong> +1-866-577-2525<\/li>\n\n\n\n<li><strong><a rel=\"noreferrer noopener\" href=\"https:\/\/www.lss.bc.ca\/\" target=\"_blank\">Sitio web<\/a><\/strong><\/li>\n\n\n\n<li><strong>Direcci\u00f3n:<\/strong>&nbsp;<a href=\"https:\/\/www.google.com\/maps\/place\/510+Burrard+St+%2325,+Vancouver,+BC+V6C+3A8\/@49.285991,-123.1201493,17z\/data=!3m1!4b1!4m5!3m4!1s0x548671823ec27441:0x171d89f249fb440d!8m2!3d49.285991!4d-123.117569?entry=ttu\" target=\"_blank\" rel=\"noreferrer noopener\">425 \u2013 510 Burrard Street, Vancouver, Columbia Brit\u00e1nica V6C 3A8<\/a><\/li>\n\n\n\n<li><strong>Horario de atenci\u00f3n:<\/strong>\n<ul class=\"wp-block-list\">\n<li>Lunes, martes, jueves y viernes de 9&nbsp;a.&nbsp;m. a 4&nbsp;p.&nbsp;m.&nbsp;&nbsp;<\/li>\n\n\n\n<li>Mi\u00e9rcoles: de 9&nbsp;a.&nbsp;m. a 2:30&nbsp;p.&nbsp;m.<\/li>\n<\/ul>\n<\/li>\n<\/ul>\n\n\n\n<h3 class=\"wp-block-heading has-white-color has-text-color has-background\" style=\"background-color:#0072bc\">Kinbrace<\/h3>\n\n\n\n<p>La comunidad de Kinbrace les da la bienvenida a los solicitantes de refugio al brindarles vivienda, educaci\u00f3n y apoyo. Puede consultar la <a href=\"https:\/\/myrefugeeclaim.ca\/en\/\" target=\"_blank\" rel=\"noreferrer noopener\">gu\u00eda \u00abMy Refugee Claim\u00bb<\/a> (Mi solicitud de refugio) publicada por Kinbrace para obtener m\u00e1s informaci\u00f3n sobre el proceso de refugiados.<\/p>\n\n\n\n<ul class=\"wp-block-list\">\n<li><strong>Tel\u00e9fono:<\/strong> +1-604-255-9691<\/li>\n\n\n\n<li><strong>Correo electr\u00f3nico:<\/strong> <a href=\"mailto:info@kinbrace.ca\">info@kinbrace.ca<\/a><\/li>\n\n\n\n<li><strong><a rel=\"noreferrer noopener\" href=\"https:\/\/myrefugeeclaim.ca\/en\/\" target=\"_blank\">Sitio web<\/a><\/strong><\/li>\n<\/ul>\n\n\n\n<h3 class=\"wp-block-heading has-white-color has-text-color has-background\" style=\"background-color:#0072bc\">Cl\u00ednica Jur\u00eddica de Inmigraci\u00f3n y Refugiados<\/h3>\n\n\n\n<p>Esta cl\u00ednica ofrece asesoramiento y representaci\u00f3n legal gratuita, con servicios de interpretaci\u00f3n, para personas de bajos ingresos en Columbia Brit\u00e1nica. Act\u00faa como una red de seguridad para las personas y las familias, cuyos casos no est\u00e1n cubiertos o son no f\u00e1ciles de atender en el sistema tradicional de asistencia jur\u00eddica.&nbsp;<\/p>\n\n\n\n<ul class=\"wp-block-list\">\n<li><strong>Tel\u00e9fono:<\/strong> +1-778-372-6583<\/li>\n\n\n\n<li><strong>Correo electr\u00f3nico:<\/strong> <a href=\"mailto:info@irlc.ca\">info@irlc.ca<\/a><\/li>\n\n\n\n<li><strong><a rel=\"noreferrer noopener\" href=\"https:\/\/www.irlc.ca\/\" target=\"_blank\">Sitio web<\/a><\/strong><\/li>\n<\/ul>\n","protected":false},"excerpt":{"rendered":"<p>Legal Services Society (Sociedad de servicios jur\u00eddicos): Legal Aid BC (Asistencia jur\u00eddica de Columbia Brit\u00e1nica) La Legal Services Society (LSS) es una organizaci\u00f3n sin fines de lucro creada para proporcionar informaci\u00f3n legal, asesoramiento y servicios de representaci\u00f3n a personas con bajos ingresos, incluidos solicitantes de asilo, en la provincia de Columbia Brit\u00e1nica. Pueden asistirlo para [&hellip;]<\/p>\n","protected":false},"author":24,"featured_media":0,"parent":1117,"menu_order":50,"comment_status":"closed","ping_status":"closed","template":"","meta":{"_acf_changed":false,"footnotes":""},"class_list":["post-1141","page","type-page","status-publish","hentry"],"acf":[],"_links":{"self":[{"href":"https:\/\/help.unhcr.org\/canada\/es\/wp-json\/wp\/v2\/pages\/1141","targetHints":{"allow":["GET"]}}],"collection":[{"href":"https:\/\/help.unhcr.org\/canada\/es\/wp-json\/wp\/v2\/pages"}],"about":[{"href":"https:\/\/help.unhcr.org\/canada\/es\/wp-json\/wp\/v2\/types\/page"}],"author":[{"embeddable":true,"href":"https:\/\/help.unhcr.org\/canada\/es\/wp-json\/wp\/v2\/users\/24"}],"replies":[{"embeddable":true,"href":"https:\/\/help.unhcr.org\/canada\/es\/wp-json\/wp\/v2\/comments?post=1141"}],"version-history":[{"count":4,"href":"https:\/\/help.unhcr.org\/canada\/es\/wp-json\/wp\/v2\/pages\/1141\/revisions"}],"predecessor-version":[{"id":2697,"href":"https:\/\/help.unhcr.org\/canada\/es\/wp-json\/wp\/v2\/pages\/1141\/revisions\/2697"}],"up":[{"embeddable":true,"href":"https:\/\/help.unhcr.org\/canada\/es\/wp-json\/wp\/v2\/pages\/1117"}],"wp:attachment":[{"href":"https:\/\/help.unhcr.org\/canada\/es\/wp-json\/wp\/v2\/media?parent=1141"}],"curies":[{"name":"wp","href":"https:\/\/api.w.org\/{rel}","templated":true}]}}