{"id":1137,"date":"2022-06-28T18:38:15","date_gmt":"2022-06-28T18:38:15","guid":{"rendered":"https:\/\/help.unhcr.org\/canada\/resources-for-asylum-seekers\/alberta\/"},"modified":"2023-08-10T15:08:38","modified_gmt":"2023-08-10T15:08:38","slug":"alberta","status":"publish","type":"page","link":"https:\/\/help.unhcr.org\/canada\/es\/resources-for-asylum-seekers\/alberta\/","title":{"rendered":"Alberta"},"content":{"rendered":"\n<h3 class=\"wp-block-heading has-white-color has-text-color has-background\" style=\"background-color:#0072bc\">Legal Aid Alberta (Asistencia jur\u00eddica de Alberta)<\/h3>\n\n\n\n<p>Legal Aid Alberta ayuda a los clientes elegibles con asuntos de solicitud de asilo. Cuando se ponga en contacto con el Centro de Servicios de Legal Aid Alberta, se realizar\u00e1 una evaluaci\u00f3n para determinar la mejor opci\u00f3n de servicio para su problema jur\u00eddico.\u00a0Si su problema legal es elegible para recibir los servicios de un abogado, Legal Aid Alberta le designar\u00e1 un abogado.<\/p>\n\n\n\n<ul class=\"wp-block-list\">\n<li><strong>Tel\u00e9fono: <\/strong>+1-866-845-3425<\/li>\n\n\n\n<li><strong><a rel=\"noreferrer noopener\" href=\"http:\/\/www.legalaid.ab.ca\/Pages\/default.aspx\" target=\"_blank\">Sitio web<\/a><\/strong><\/li>\n\n\n\n<li><strong>Direcci\u00f3n:<\/strong>\n<ul class=\"wp-block-list\">\n<li><strong>Edmonton<\/strong>:\u00a0<a href=\"https:\/\/www.google.com\/maps\/place\/10320+102+Ave+NW,+Edmonton,+AB+T5J+4A1\/@53.5435431,-113.5012583,17z\/data=!3m1!4b1!4m6!3m5!1s0x53a02248eff86385:0xcab8c418eb7b29d2!8m2!3d53.5435431!4d-113.498678!16s%2Fg%2F11bw40lvmw?entry=ttu\" target=\"_blank\" rel=\"noreferrer noopener\">Edificio Revillon, Suite 600, 10320 102 Avenue, Edmonton, Alberta T5J 4A1<\/a><\/li>\n\n\n\n<li><strong>Calgary<\/strong>: <a href=\"https:\/\/www.google.com\/maps\/place\/Dominion+Centre\/@51.0472075,-114.0840905,17z\/data=!3m1!4b1!4m6!3m5!1s0x53716fe69f0160af:0xb9d020eb86985a5e!8m2!3d51.0472075!4d-114.0815102!16s%2Fg%2F11f3xhcg_r?entry=ttu\" target=\"_blank\" rel=\"noreferrer noopener\">1100 Dominion Centre, 665 \u2013 8 Street SW, Calgary, Alberta T2P 3K7<\/a><\/li>\n<\/ul>\n<\/li>\n\n\n\n<li><strong>Horario de atenci\u00f3n:\u00a0<\/strong>De lunes a viernes de 8:15\u00a0a.\u00a0m. a 4:15\u00a0p.\u00a0m.<\/li>\n<\/ul>\n\n\n\n<h3 class=\"wp-block-heading has-white-color has-text-color has-background\" style=\"background-color:#0072bc\">Calgary Legal Guidance (Orientaci\u00f3n legal de Calgary)<\/h3>\n\n\n\n<p>Calgary Legal Guidance ofrece asesoramiento legal y asistencia a los reci\u00e9n llegados que buscan ayuda en diversos asuntos sobre las leyes de inmigraci\u00f3n en la ciudad de Calgary. El Proyecto de Ley de Inmigraci\u00f3n puede ayudarlo a presentar una solicitud de asilo, preparar y presentar solicitudes de residencia permanente, solicitar permisos de trabajo, visados de residencia temporal y permisos de estudio, cuestiones de patrocinio familiar, representaci\u00f3n en casos especialmente considerados.<\/p>\n\n\n\n<ul class=\"wp-block-list\">\n<li><strong>Tel\u00e9fono:<\/strong> +1-866-845-3425<\/li>\n\n\n\n<li><strong>Correo electr\u00f3nico:<\/strong> <a href=\"mailto:clg@clg.ab.ca\">clg@clg.ab.ca<\/a><\/li>\n\n\n\n<li><strong><a rel=\"noreferrer noopener\" href=\"http:\/\/clg.ab.ca\/programs-services\/immigration-law-program\/\" target=\"_blank\">Sitio web<\/a><\/strong><\/li>\n\n\n\n<li><strong>Direcci\u00f3n:<\/strong>\u00a0<a href=\"https:\/\/www.google.com\/maps\/place\/840+7+Ave+SW+%23100,+Calgary,+AB+T2P+3G2\/@51.0471161,-114.082543,17z\/data=!3m1!4b1!4m6!3m5!1s0x53716fe4198e2ce3:0xbe18752bfb929fe9!8m2!3d51.0471161!4d-114.0799627!16s%2Fg%2F11ll_xj8bq?entry=ttu\" target=\"_blank\" rel=\"noreferrer noopener\">100, 840 \u2013 7th Avenue SW, Calgary, Alberta, T2P 3G2<\/a><\/li>\n\n\n\n<li><strong>Horario de atenci\u00f3n:<\/strong>\n<ul class=\"wp-block-list\">\n<li>Lunes a jueves: De 8:30\u00a0a.\u00a0m. a 4:30\u00a0p.\u00a0m.\u00a0\u00a0<\/li>\n\n\n\n<li>Viernes: De 9:00\u00a0a.\u00a0m. a 3:00\u00a0p.\u00a0m.\u00a0\u00a0<\/li>\n\n\n\n<li>Cerrado de 12:00\u00a0p.\u00a0m. a 1:00\u00a0p.\u00a0m. todos los d\u00edas.\u00a0<\/li>\n<\/ul>\n<\/li>\n<\/ul>\n","protected":false},"excerpt":{"rendered":"<p>Legal Aid Alberta (Asistencia jur\u00eddica de Alberta) Legal Aid Alberta ayuda a los clientes elegibles con asuntos de solicitud de asilo. Cuando se ponga en contacto con el Centro de Servicios de Legal Aid Alberta, se realizar\u00e1 una evaluaci\u00f3n para determinar la mejor opci\u00f3n de servicio para su problema jur\u00eddico.\u00a0Si su problema legal es elegible [&hellip;]<\/p>\n","protected":false},"author":24,"featured_media":0,"parent":1117,"menu_order":40,"comment_status":"closed","ping_status":"closed","template":"","meta":{"_acf_changed":false,"footnotes":""},"class_list":["post-1137","page","type-page","status-publish","hentry"],"acf":[],"_links":{"self":[{"href":"https:\/\/help.unhcr.org\/canada\/es\/wp-json\/wp\/v2\/pages\/1137","targetHints":{"allow":["GET"]}}],"collection":[{"href":"https:\/\/help.unhcr.org\/canada\/es\/wp-json\/wp\/v2\/pages"}],"about":[{"href":"https:\/\/help.unhcr.org\/canada\/es\/wp-json\/wp\/v2\/types\/page"}],"author":[{"embeddable":true,"href":"https:\/\/help.unhcr.org\/canada\/es\/wp-json\/wp\/v2\/users\/24"}],"replies":[{"embeddable":true,"href":"https:\/\/help.unhcr.org\/canada\/es\/wp-json\/wp\/v2\/comments?post=1137"}],"version-history":[{"count":2,"href":"https:\/\/help.unhcr.org\/canada\/es\/wp-json\/wp\/v2\/pages\/1137\/revisions"}],"predecessor-version":[{"id":1140,"href":"https:\/\/help.unhcr.org\/canada\/es\/wp-json\/wp\/v2\/pages\/1137\/revisions\/1140"}],"up":[{"embeddable":true,"href":"https:\/\/help.unhcr.org\/canada\/es\/wp-json\/wp\/v2\/pages\/1117"}],"wp:attachment":[{"href":"https:\/\/help.unhcr.org\/canada\/es\/wp-json\/wp\/v2\/media?parent=1137"}],"curies":[{"name":"wp","href":"https:\/\/api.w.org\/{rel}","templated":true}]}}