{"id":1129,"date":"2022-06-28T18:35:34","date_gmt":"2022-06-28T18:35:34","guid":{"rendered":"https:\/\/help.unhcr.org\/canada\/resources-for-asylum-seekers\/quebec\/"},"modified":"2024-08-14T15:49:17","modified_gmt":"2024-08-14T15:49:17","slug":"quebec","status":"publish","type":"page","link":"https:\/\/help.unhcr.org\/canada\/es\/resources-for-asylum-seekers\/quebec\/","title":{"rendered":"Qu\u00e9bec"},"content":{"rendered":"\n<h3 class=\"wp-block-heading has-white-color has-text-color has-background\" style=\"background-color:#0072bc\">PRAIDA<\/h3>\n\n\n\n<p>El Programa Regional de Asentamiento e Integraci\u00f3n de Solicitantes de Asilo (PRAIDA, por sus siglas en ingl\u00e9s) proporciona ayuda a los solicitantes de asilo e informaci\u00f3n para ayudarlos en su proceso de solicitud de asilo en Quebec. Adem\u00e1s, se ofrecen servicios de salud, sociales y alojamiento temporal.<\/p>\n\n\n\n<ul class=\"wp-block-list\">\n<li><strong>Tel\u00e9fono: <\/strong>+1-514-484-7878 extensi\u00f3n 64500<\/li>\n\n\n\n<li><strong><a rel=\"noreferrer noopener\" href=\"https:\/\/www.ciussswestcentral.ca\/programs-and-services\/praida-regional-program-for-the-settlement-and-integration-of-asylum-seekers\/\" target=\"_blank\">Sitio web<\/a><\/strong><\/li>\n\n\n\n<li><strong>Direcci\u00f3n:&nbsp;<\/strong> <a href=\"https:\/\/www.google.com\/maps\/place\/35+Rue+de+Port-Royal+E,+Montr%C3%A9al,+QC+H3L+3T1\/@45.5372935,-73.7003394,12.15z\/data=!4m6!3m5!1s0x4cc918ea8bfff8e5:0x3086892a669f9a60!8m2!3d45.5471227!4d-73.657001!16s%2Fg%2F11b8v5k8kk?entry=ttu\" target=\"_blank\" rel=\"noreferrer noopener\">35 Rue de Port-Royal E, Montreal, QC H3L 3T1<\/a><\/li>\n\n\n\n<li><strong>Horario de atenci\u00f3n:&nbsp;<\/strong>De lunes a viernes de 8:30&nbsp;a.&nbsp;m. a 4:30&nbsp;p.&nbsp;m.<\/li>\n<\/ul>\n\n\n\n<h3 class=\"wp-block-heading has-white-color has-text-color has-background\" style=\"background-color:#0072bc\">Oficina de asistencia jur\u00eddica en leyes de inmigraci\u00f3n<\/h3>\n\n\n\n<p>Los abogados especializados en asistencia jur\u00eddica e inmigraci\u00f3n pueden ayudarlo con su solicitud de asilo u ofrecerle asesoramiento jur\u00eddico. La asistencia jur\u00eddica gratuita es un servicio jur\u00eddico p\u00fablico que se ofrece a las personas que cumplen ciertos criterios de elegibilidad financiera y solicitan el servicio. La asistencia jur\u00eddica se brinda de forma gratuita o con una contribuci\u00f3n por parte del beneficiario.<\/p>\n\n\n\n<ul class=\"wp-block-list\">\n<li><strong><strong>Tel\u00e9fono<\/strong>:<\/strong> +1-514 864-2111 extension 6099<\/li>\n\n\n\n<li><strong><strong>Direcci\u00f3n<\/strong><\/strong>: <a href=\"https:\/\/www.google.com\/maps\/place\/440+Boul.+de+Maisonneuve+Ouest+Bureau+400,+Montr%C3%A9al,+QC+H3A+1L4\/@45.5059382,-73.5724252,17z\/data=!3m1!4b1!4m5!3m4!1s0x4cc91a45f938e8d5:0xc2dd7ba5f23918a0!8m2!3d45.5059382!4d-73.5698449?entry=ttu\" target=\"_blank\" rel=\"noreferrer noopener\">425, boulevard de Maisonneuve Ouest, Bureau 400 Montr\u00e9al, Qu\u00e9bec H3A 3G5<\/a><\/li>\n\n\n\n<li><strong><strong>Correo electr\u00f3nico<\/strong>: <\/strong><a href=\"mailto:baj.immigration@ccjm.qc.ca\">baj.immigration@ccjm.qc.ca<\/a><\/li>\n\n\n\n<li><strong>Estaci\u00f3n m\u00e1s cercana:&nbsp;<\/strong>Estaci\u00f3n de metro Place-des-Arts<\/li>\n\n\n\n<li><strong>Horario de atenci\u00f3n:<\/strong>&nbsp;De lunes a viernes de 8:30&nbsp;a.&nbsp;m. a 4:30&nbsp;p.&nbsp;m.<\/li>\n<\/ul>\n\n\n\n<h3 class=\"wp-block-heading has-white-color has-text-color has-background\" style=\"background-color:#0072bc\">Servicio de referencia del Barreau de Montr\u00e9al<\/h3>\n\n\n\n<p>Esta organizaci\u00f3n le recomendar\u00e1 un abogado con quien puede comunicarse para obtener ayuda en Montreal.<\/p>\n\n\n\n<ul class=\"wp-block-list\">\n<li><strong>Tel\u00e9fono:<\/strong> +1-514 866-2490<\/li>\n\n\n\n<li><strong>Correo electr\u00f3nico: <\/strong><a rel=\"noreferrer noopener\" href=\"mailto:reference@barreaudemontreal.qc.ca\" target=\"_blank\">reference@barreaudemontreal.qc.ca<\/a><\/li>\n\n\n\n<li><strong>Horario de atenci\u00f3n:<\/strong>&nbsp;De lunes a viernes de 9:00&nbsp;a.&nbsp;m. a 4:00&nbsp;p.&nbsp;m.<\/li>\n<\/ul>\n\n\n\n<h3 class=\"wp-block-heading has-white-color has-text-color has-background\" style=\"background-color:#0072bc\">Residencia YMCA<\/h3>\n\n\n\n<p>La residencia YMCA proporciona alojamiento temporal de emergencia a los solicitantes de asilo tras la derivaci\u00f3n del PRAIDA, un programa regional para la acogida e integraci\u00f3n de los solicitantes de asilo. Esta residencia ofrece una variedad de servicios comunitarios, sesiones informativas y actividades durante su estancia para darle la bienvenida y apoyarlo.<\/p>\n\n\n\n<ul class=\"wp-block-list\">\n<li><strong>Tel\u00e9fono:<\/strong> +1-514 932-5353<\/li>\n<\/ul>\n\n\n\n<p><\/p>\n","protected":false},"excerpt":{"rendered":"<p>PRAIDA El Programa Regional de Asentamiento e Integraci\u00f3n de Solicitantes de Asilo (PRAIDA, por sus siglas en ingl\u00e9s) proporciona ayuda a los solicitantes de asilo e informaci\u00f3n para ayudarlos en su proceso de solicitud de asilo en Quebec. Adem\u00e1s, se ofrecen servicios de salud, sociales y alojamiento temporal. Oficina de asistencia jur\u00eddica en leyes de [&hellip;]<\/p>\n","protected":false},"author":24,"featured_media":0,"parent":1117,"menu_order":30,"comment_status":"closed","ping_status":"closed","template":"","meta":{"_acf_changed":false,"footnotes":""},"class_list":["post-1129","page","type-page","status-publish","hentry"],"acf":[],"_links":{"self":[{"href":"https:\/\/help.unhcr.org\/canada\/es\/wp-json\/wp\/v2\/pages\/1129","targetHints":{"allow":["GET"]}}],"collection":[{"href":"https:\/\/help.unhcr.org\/canada\/es\/wp-json\/wp\/v2\/pages"}],"about":[{"href":"https:\/\/help.unhcr.org\/canada\/es\/wp-json\/wp\/v2\/types\/page"}],"author":[{"embeddable":true,"href":"https:\/\/help.unhcr.org\/canada\/es\/wp-json\/wp\/v2\/users\/24"}],"replies":[{"embeddable":true,"href":"https:\/\/help.unhcr.org\/canada\/es\/wp-json\/wp\/v2\/comments?post=1129"}],"version-history":[{"count":4,"href":"https:\/\/help.unhcr.org\/canada\/es\/wp-json\/wp\/v2\/pages\/1129\/revisions"}],"predecessor-version":[{"id":2034,"href":"https:\/\/help.unhcr.org\/canada\/es\/wp-json\/wp\/v2\/pages\/1129\/revisions\/2034"}],"up":[{"embeddable":true,"href":"https:\/\/help.unhcr.org\/canada\/es\/wp-json\/wp\/v2\/pages\/1117"}],"wp:attachment":[{"href":"https:\/\/help.unhcr.org\/canada\/es\/wp-json\/wp\/v2\/media?parent=1129"}],"curies":[{"name":"wp","href":"https:\/\/api.w.org\/{rel}","templated":true}]}}