{"id":1126,"date":"2022-06-28T18:33:09","date_gmt":"2022-06-28T18:33:09","guid":{"rendered":"https:\/\/help.unhcr.org\/canada\/resources-for-asylum-seekers\/ontario\/"},"modified":"2023-08-10T15:08:26","modified_gmt":"2023-08-10T15:08:26","slug":"ontario","status":"publish","type":"page","link":"https:\/\/help.unhcr.org\/canada\/es\/resources-for-asylum-seekers\/ontario\/","title":{"rendered":"Ontario"},"content":{"rendered":"\n<h3 class=\"wp-block-heading has-white-color has-text-color has-background\" style=\"background-color:#0072bc\">Legal Aid Ontario (Asistencia Jur\u00eddica de Ontario)<\/h3>\n\n\n\n<p>Legal Aid Ontario paga a los abogados para que lo representen en su audiencia de solicitud de asilo mediante la entrega de certificados de servicios de asistencia jur\u00eddica, si usted no puede pagar un abogado en Ontario. Puede presentarle un certificado de asistencia jur\u00eddica gratuita a un abogado y utilizarlo para \u00abpagar\u00bb los servicios de dicho abogado durante un determinado n\u00famero de horas.<\/p>\n\n\n\n<ul class=\"wp-block-list\">\n<li><strong>Tel\u00e9fono: <\/strong>+1-800-668-8258<\/li>\n\n\n\n<li><strong>Correo electr\u00f3nico: <\/strong><a href=\"mailto:info@lao.on.ca\">info@lao.on.ca<\/a><\/li>\n\n\n\n<li><strong><a rel=\"noreferrer noopener\" href=\"http:\/\/www.legalaid.on.ca\/en\/\" target=\"_blank\">Sitio web<\/a><\/strong><\/li>\n\n\n\n<li><strong>Direcci\u00f3n:<\/strong>&nbsp;Atrium on Bay, <a href=\"https:\/\/www.google.com\/maps\/place\/40+Dundas+St+W+%23200,+Toronto,+ON+M7A+2C7\/@43.6561951,-79.3851441,17z\/data=!3m1!4b1!4m5!3m4!1s0x882b34cb1d13f8bb:0x1957a7cddab2fd45!8m2!3d43.6561951!4d-79.3825638?entry=ttu\" target=\"_blank\" rel=\"noreferrer noopener\">40 Dundas Street West, Suite 200, Toronto, Ontario, M5G 2H1<\/a><\/li>\n\n\n\n<li><strong>Horario de atenci\u00f3n:&nbsp;<\/strong>De lunes a viernes de 9:00&nbsp;a.&nbsp;m. a 5:00&nbsp;p.&nbsp;m.<\/li>\n<\/ul>\n\n\n\n<h3 class=\"wp-block-heading has-white-color has-text-color has-background\" style=\"background-color:#0072bc\">Programa Primer Contacto de la Cruz Roja de Canad\u00e1<\/h3>\n\n\n\n<p>El Programa Primer Contacto de la Cruz Roja de Canad\u00e1 brinda informaci\u00f3n precisa sobre el refugio de emergencia, los servicios sociales, los servicios legales y de salud, la orientaci\u00f3n e informaci\u00f3n general que incluye una revisi\u00f3n de alto nivel del proceso de determinaci\u00f3n de refugiados, el Programa Provisional Federal de Salud, la asistencia jur\u00eddica, el sistema de refugio, los servicios sociales, las clases de ingl\u00e9s, los permisos de trabajo y m\u00e1s, y proporciona informaci\u00f3n telef\u00f3nica y servicios de derivaci\u00f3n las 24&nbsp;horas del d\u00eda, los 7&nbsp;d\u00edas de la semana, centrados principalmente en derivaciones fuera del horario de oficina para solicitantes de refugiados reci\u00e9n llegados.<\/p>\n\n\n\n<ul class=\"wp-block-list\">\n<li><strong>Tel\u00e9fono:<\/strong>\n<ul class=\"wp-block-list\">\n<li>416-480-2500 opciones 1 y 1<\/li>\n\n\n\n<li>N\u00famero gratuito:&nbsp;1-866-902-4993<\/li>\n<\/ul>\n<\/li>\n\n\n\n<li>Correo electr\u00f3nico: <a href=\"mailto:firstcontactontario@redcross.ca\">firstcontactontario@redcross.ca<\/a><\/li>\n\n\n\n<li><strong><a rel=\"noreferrer noopener\" href=\"https:\/\/www.redcross.ca\/how-we-help\/migrant-and-refugee-services\/first-contact\/first-contact-ontario\" target=\"_blank\">Sitio web<\/a><\/strong><\/li>\n\n\n\n<li><strong>Direcci\u00f3n: <\/strong>Etobicoke Satellite Branch, <a rel=\"noreferrer noopener\" href=\"https:\/\/www.google.ca\/maps\/place\/557+Dixon+Rd,+Etobicoke,+ON+M9W+1A8\/@43.6900939,-79.5738587,17z\/data=!3m1!4b1!4m5!3m4!1s0x882b39f0a9c8f6c1:0x201dbc92de4ee3e2!8m2!3d43.6900939!4d-79.57167\" target=\"_blank\">557 Dixon Road, Unidad 122<\/a>, Etobicoke, ON (Dixon Road y Martin Grove Road)<\/li>\n\n\n\n<li><strong>Horario de atenci\u00f3n:<\/strong>&nbsp;De lunes a viernes, de 8&nbsp;a.&nbsp;m. a 8&nbsp;p.&nbsp;m. (excepto los d\u00edas festivos)<\/li>\n<\/ul>\n\n\n\n<h3 class=\"wp-block-heading has-white-color has-text-color has-background\" style=\"background-color:#0072bc\">Centro de Informaci\u00f3n para Reci\u00e9n Llegados (NIC, por sus siglas en ingl\u00e9s) de la YMCA\/YWCA en Ottawa<\/h3>\n\n\n\n<p>El personal del NIC le explicar\u00e1 los pasos importantes y lo ayudar\u00e1 a decidir sus prioridades. Adem\u00e1s, lo pondr\u00e1n en contacto para que reciba servicios de asesoramiento legal y liquidaci\u00f3n, y lo ayudar\u00e1n a encontrar un refugio o a registrarse para obtener ayuda financiera.<\/p>\n\n\n\n<ul class=\"wp-block-list\">\n<li><strong>Tel\u00e9fono: <\/strong>+1-613-788-5001<\/li>\n\n\n\n<li><strong>Correo electr\u00f3nico: <\/strong><a href=\"mailto:nic@ymcaywca.ca\">nic@ymcaywca.ca<\/a><strong> &nbsp;<\/strong><\/li>\n\n\n\n<li><strong><a rel=\"noreferrer noopener\" href=\"http:\/\/www.ymcaywca.ca\/\" target=\"_blank\">Sitio web<\/a><\/strong><\/li>\n\n\n\n<li><strong>Direcci\u00f3n:<\/strong>&nbsp;<a href=\"https:\/\/www.google.com\/maps\/place\/180+Argyle+Ave+4th+floor,+Ottawa,+ON+K2P+1B7\/@45.41122,-75.6919103,17z\/data=!3m1!4b1!4m5!3m4!1s0x4cce054ddb8a983d:0xf77d6fa47690f4c!8m2!3d45.41122!4d-75.68933?entry=ttu\" target=\"_blank\" rel=\"noreferrer noopener\">180 Argyle Avenue, 4th floor, Ottawa, Ontario, K2P 0N2<\/a><\/li>\n\n\n\n<li><strong>Horario de atenci\u00f3n:&nbsp;<\/strong>De lunes a viernes de 9:00&nbsp;a.&nbsp;m. a 4:30&nbsp;p.&nbsp;m.<\/li>\n<\/ul>\n\n\n\n<h3 class=\"wp-block-heading has-white-color has-text-color has-background\" style=\"background-color:#0072bc\">Coalici\u00f3n de proveedores de servicios para solicitantes de refugio de Ontario<\/h3>\n\n\n\n<p>Esta coalici\u00f3n incluye casas y agencias para refugiados que trabajan con poblaciones vulnerables en el sur de Ontario y dos en los Estados&nbsp;Unidos.<\/p>\n\n\n\n<ul class=\"wp-block-list\">\n<li><a href=\"https:\/\/refugeehouses.ca\/members-and-houses\/\" target=\"_blank\" rel=\"noreferrer noopener\">Sitio web<\/a><\/li>\n<\/ul>\n","protected":false},"excerpt":{"rendered":"<p>Legal Aid Ontario (Asistencia Jur\u00eddica de Ontario) Legal Aid Ontario paga a los abogados para que lo representen en su audiencia de solicitud de asilo mediante la entrega de certificados de servicios de asistencia jur\u00eddica, si usted no puede pagar un abogado en Ontario. Puede presentarle un certificado de asistencia jur\u00eddica gratuita a un abogado [&hellip;]<\/p>\n","protected":false},"author":24,"featured_media":0,"parent":1117,"menu_order":20,"comment_status":"closed","ping_status":"closed","template":"","meta":{"_acf_changed":false,"footnotes":""},"class_list":["post-1126","page","type-page","status-publish","hentry"],"acf":[],"_links":{"self":[{"href":"https:\/\/help.unhcr.org\/canada\/es\/wp-json\/wp\/v2\/pages\/1126","targetHints":{"allow":["GET"]}}],"collection":[{"href":"https:\/\/help.unhcr.org\/canada\/es\/wp-json\/wp\/v2\/pages"}],"about":[{"href":"https:\/\/help.unhcr.org\/canada\/es\/wp-json\/wp\/v2\/types\/page"}],"author":[{"embeddable":true,"href":"https:\/\/help.unhcr.org\/canada\/es\/wp-json\/wp\/v2\/users\/24"}],"replies":[{"embeddable":true,"href":"https:\/\/help.unhcr.org\/canada\/es\/wp-json\/wp\/v2\/comments?post=1126"}],"version-history":[{"count":3,"href":"https:\/\/help.unhcr.org\/canada\/es\/wp-json\/wp\/v2\/pages\/1126\/revisions"}],"predecessor-version":[{"id":1133,"href":"https:\/\/help.unhcr.org\/canada\/es\/wp-json\/wp\/v2\/pages\/1126\/revisions\/1133"}],"up":[{"embeddable":true,"href":"https:\/\/help.unhcr.org\/canada\/es\/wp-json\/wp\/v2\/pages\/1117"}],"wp:attachment":[{"href":"https:\/\/help.unhcr.org\/canada\/es\/wp-json\/wp\/v2\/media?parent=1126"}],"curies":[{"name":"wp","href":"https:\/\/api.w.org\/{rel}","templated":true}]}}