{"id":1122,"date":"2023-07-11T18:11:32","date_gmt":"2023-07-11T18:11:32","guid":{"rendered":"https:\/\/help.unhcr.org\/canada\/resources-for-asylum-seekers\/new-brunswick\/"},"modified":"2023-08-10T15:07:57","modified_gmt":"2023-08-10T15:07:57","slug":"new-brunswick","status":"publish","type":"page","link":"https:\/\/help.unhcr.org\/canada\/es\/resources-for-asylum-seekers\/new-brunswick\/","title":{"rendered":"Nuevo Brunswick"},"content":{"rendered":"\n<h3 class=\"wp-block-heading has-white-color has-text-color has-background\" style=\"background-color:#0072bc\">Cl\u00ednica de Refugiados de New Brunswick<\/h3>\n\n\n\n<p>Esta cl\u00ednica brinda servicios legales biling\u00fces gratuitos a los solicitantes de asilo en New Brunswick que no tienen los medios financieros para contratar un abogado privado. Del mismo modo, la cl\u00ednica asiste a personas en riesgo que cuentan con solicitudes de residencia permanente por razones humanitarias y compasivas.<\/p>\n\n\n\n<ul class=\"wp-block-list\">\n<li><strong>Tel\u00e9fono:<\/strong> 506-204-5781<\/li>\n\n\n\n<li><strong>Correo electr\u00f3nico:<\/strong> <a href=\"mailto:info@nbrc-crnb.ca\">info@nbrc-crnb.ca<\/a><\/li>\n\n\n\n<li><strong><a rel=\"noreferrer noopener\" href=\"https:\/\/nbrc-crnb.ca\/\" target=\"_blank\">Sitio web<\/a><\/strong><\/li>\n\n\n\n<li><strong>Direcci\u00f3n: <\/strong><a href=\"https:\/\/www.google.com\/maps\/place\/327+Rue+St.+George+%23204,+Moncton,+NB+E1C+1W8\/@46.090466,-64.7872034,17z\/data=!3m1!4b1!4m5!3m4!1s0x4ca0b924bb8b2151:0xd5445deebca99abf!8m2!3d46.090466!4d-64.7872034?entry=ttu\" target=\"_blank\" rel=\"noreferrer noopener\">327 St George Street, Suite 204, Moncton, Nuevo Brunswick<\/a><\/li>\n\n\n\n<li><strong>Horario de atenci\u00f3n:<\/strong>\u00a0De lunes a viernes, de 9\u00a0a.\u00a0m. a 5\u00a0p.\u00a0m.<\/li>\n<\/ul>\n","protected":false},"excerpt":{"rendered":"<p>Cl\u00ednica de Refugiados de New Brunswick Esta cl\u00ednica brinda servicios legales biling\u00fces gratuitos a los solicitantes de asilo en New Brunswick que no tienen los medios financieros para contratar un abogado privado. Del mismo modo, la cl\u00ednica asiste a personas en riesgo que cuentan con solicitudes de residencia permanente por razones humanitarias y compasivas.<\/p>\n","protected":false},"author":24,"featured_media":0,"parent":1117,"menu_order":0,"comment_status":"closed","ping_status":"closed","template":"","meta":{"_acf_changed":false,"footnotes":""},"class_list":["post-1122","page","type-page","status-publish","hentry"],"acf":[],"_links":{"self":[{"href":"https:\/\/help.unhcr.org\/canada\/es\/wp-json\/wp\/v2\/pages\/1122","targetHints":{"allow":["GET"]}}],"collection":[{"href":"https:\/\/help.unhcr.org\/canada\/es\/wp-json\/wp\/v2\/pages"}],"about":[{"href":"https:\/\/help.unhcr.org\/canada\/es\/wp-json\/wp\/v2\/types\/page"}],"author":[{"embeddable":true,"href":"https:\/\/help.unhcr.org\/canada\/es\/wp-json\/wp\/v2\/users\/24"}],"replies":[{"embeddable":true,"href":"https:\/\/help.unhcr.org\/canada\/es\/wp-json\/wp\/v2\/comments?post=1122"}],"version-history":[{"count":1,"href":"https:\/\/help.unhcr.org\/canada\/es\/wp-json\/wp\/v2\/pages\/1122\/revisions"}],"predecessor-version":[{"id":1124,"href":"https:\/\/help.unhcr.org\/canada\/es\/wp-json\/wp\/v2\/pages\/1122\/revisions\/1124"}],"up":[{"embeddable":true,"href":"https:\/\/help.unhcr.org\/canada\/es\/wp-json\/wp\/v2\/pages\/1117"}],"wp:attachment":[{"href":"https:\/\/help.unhcr.org\/canada\/es\/wp-json\/wp\/v2\/media?parent=1122"}],"curies":[{"name":"wp","href":"https:\/\/api.w.org\/{rel}","templated":true}]}}