{"id":1119,"date":"2023-07-11T18:02:59","date_gmt":"2023-07-11T18:02:59","guid":{"rendered":"https:\/\/help.unhcr.org\/canada\/resources-for-asylum-seekers\/__trashed-2\/"},"modified":"2023-08-10T15:08:16","modified_gmt":"2023-08-10T15:08:16","slug":"__trashed-2","status":"publish","type":"page","link":"https:\/\/help.unhcr.org\/canada\/es\/resources-for-asylum-seekers\/__trashed-2\/","title":{"rendered":"Nueva Escocia"},"content":{"rendered":"\n<h3 class=\"wp-block-heading has-white-color has-text-color has-background\" style=\"background-color:#0072bc\">Cl\u00ednica de Refugiados de Halifax<\/h3>\n\n\n\n<p>Esta cl\u00ednica brinda servicios educativos, legales y de resoluci\u00f3n de conflictos a los solicitantes de asilo que no pueden pagar un abogado privado.<\/p>\n\n\n\n<ul class=\"wp-block-list\">\n<li><strong>Tel\u00e9fono: <\/strong>+ 1 (902) 422-6736<\/li>\n\n\n\n<li><strong>Correo electr\u00f3nico:<\/strong> halifaxrefugeeclinic@gmail.com<\/li>\n\n\n\n<li><strong><a href=\"https:\/\/halifaxrefugeeclinic.org\/contact\/\" target=\"_blank\" rel=\"noreferrer noopener\">Sitio web<\/a><\/strong><\/li>\n\n\n\n<li><strong>Direcci\u00f3n: <\/strong><a href=\"https:\/\/www.google.com\/maps\/place\/5538+Macara+St,+Halifax,+NS+B3K+1V9\/@44.6603897,-63.5996295,17z\/data=!3m1!4b1!4m6!3m5!1s0x4b5a2170751728c9:0x243f338cc6dbd0ce!8m2!3d44.6603897!4d-63.5970492!16s%2Fg%2F11c4sd94qz?entry=ttu\" target=\"_blank\" rel=\"noreferrer noopener\">5538 Macara Street, Halifax, Nueva Escocia, B3K 1V9<\/a><\/li>\n\n\n\n<li><strong>Horario de atenci\u00f3n:<\/strong>\u00a0De lunes a viernes, de 9\u00a0a.\u00a0m. a 5\u00a0p.\u00a0m.<\/li>\n<\/ul>\n","protected":false},"excerpt":{"rendered":"<p>Cl\u00ednica de Refugiados de Halifax Esta cl\u00ednica brinda servicios educativos, legales y de resoluci\u00f3n de conflictos a los solicitantes de asilo que no pueden pagar un abogado privado.<\/p>\n","protected":false},"author":24,"featured_media":0,"parent":1117,"menu_order":10,"comment_status":"closed","ping_status":"closed","template":"","meta":{"_acf_changed":false,"footnotes":""},"class_list":["post-1119","page","type-page","status-publish","hentry"],"acf":[],"_links":{"self":[{"href":"https:\/\/help.unhcr.org\/canada\/es\/wp-json\/wp\/v2\/pages\/1119","targetHints":{"allow":["GET"]}}],"collection":[{"href":"https:\/\/help.unhcr.org\/canada\/es\/wp-json\/wp\/v2\/pages"}],"about":[{"href":"https:\/\/help.unhcr.org\/canada\/es\/wp-json\/wp\/v2\/types\/page"}],"author":[{"embeddable":true,"href":"https:\/\/help.unhcr.org\/canada\/es\/wp-json\/wp\/v2\/users\/24"}],"replies":[{"embeddable":true,"href":"https:\/\/help.unhcr.org\/canada\/es\/wp-json\/wp\/v2\/comments?post=1119"}],"version-history":[{"count":1,"href":"https:\/\/help.unhcr.org\/canada\/es\/wp-json\/wp\/v2\/pages\/1119\/revisions"}],"predecessor-version":[{"id":1121,"href":"https:\/\/help.unhcr.org\/canada\/es\/wp-json\/wp\/v2\/pages\/1119\/revisions\/1121"}],"up":[{"embeddable":true,"href":"https:\/\/help.unhcr.org\/canada\/es\/wp-json\/wp\/v2\/pages\/1117"}],"wp:attachment":[{"href":"https:\/\/help.unhcr.org\/canada\/es\/wp-json\/wp\/v2\/media?parent=1119"}],"curies":[{"name":"wp","href":"https:\/\/api.w.org\/{rel}","templated":true}]}}