{"id":1117,"date":"2022-06-28T18:20:21","date_gmt":"2022-06-28T18:20:21","guid":{"rendered":"https:\/\/help.unhcr.org\/canada\/resources-for-asylum-seekers\/"},"modified":"2025-07-08T20:40:24","modified_gmt":"2025-07-08T20:40:24","slug":"resources-for-asylum-seekers","status":"publish","type":"page","link":"https:\/\/help.unhcr.org\/canada\/es\/resources-for-asylum-seekers\/","title":{"rendered":"Recursos para los solicitantes de asilo"},"content":{"rendered":"\n<p class=\"has-background\" style=\"background-color:#fdf799\">Por favor, consulte el sitio web de la <a href=\"https:\/\/canadaborderclinic.org\/\">Canada-US Border Rights Clinic<\/a> para obtener m\u00e1s informaci\u00f3n y asistencia sobre c\u00f3mo solicitar asilo en la frontera terrestre canadiense.<\/p>\n\n\n\n<p><\/p>\n\n\n\n<p class=\"has-text-align-center has-background\" style=\"background-color:#cce3f2\"><strong>\u2b07\ufe0f Seleccione una provincia para m\u00e1s informaci\u00f3n<\/strong>\u2b07\ufe0f<\/p>\n","protected":false},"excerpt":{"rendered":"<p>Por favor, consulte el sitio web de la Canada-US Border Rights Clinic para obtener m\u00e1s informaci\u00f3n y asistencia sobre c\u00f3mo solicitar asilo en la frontera terrestre canadiense. \u2b07\ufe0f Seleccione una provincia para m\u00e1s informaci\u00f3n\u2b07\ufe0f<\/p>\n","protected":false},"author":24,"featured_media":0,"parent":0,"menu_order":2,"comment_status":"closed","ping_status":"closed","template":"page-templates\/listing_page.php","meta":{"_acf_changed":false,"footnotes":""},"class_list":["post-1117","page","type-page","status-publish","hentry"],"acf":[],"_links":{"self":[{"href":"https:\/\/help.unhcr.org\/canada\/es\/wp-json\/wp\/v2\/pages\/1117","targetHints":{"allow":["GET"]}}],"collection":[{"href":"https:\/\/help.unhcr.org\/canada\/es\/wp-json\/wp\/v2\/pages"}],"about":[{"href":"https:\/\/help.unhcr.org\/canada\/es\/wp-json\/wp\/v2\/types\/page"}],"author":[{"embeddable":true,"href":"https:\/\/help.unhcr.org\/canada\/es\/wp-json\/wp\/v2\/users\/24"}],"replies":[{"embeddable":true,"href":"https:\/\/help.unhcr.org\/canada\/es\/wp-json\/wp\/v2\/comments?post=1117"}],"version-history":[{"count":8,"href":"https:\/\/help.unhcr.org\/canada\/es\/wp-json\/wp\/v2\/pages\/1117\/revisions"}],"predecessor-version":[{"id":2613,"href":"https:\/\/help.unhcr.org\/canada\/es\/wp-json\/wp\/v2\/pages\/1117\/revisions\/2613"}],"wp:attachment":[{"href":"https:\/\/help.unhcr.org\/canada\/es\/wp-json\/wp\/v2\/media?parent=1117"}],"curies":[{"name":"wp","href":"https:\/\/api.w.org\/{rel}","templated":true}]}}