{"id":1103,"date":"2022-06-28T18:05:15","date_gmt":"2022-06-28T18:05:15","guid":{"rendered":"https:\/\/help.unhcr.org\/canada\/how-to-apply-for-asylum-new\/what-happens-after-you-claim-asylum\/"},"modified":"2025-07-09T19:01:27","modified_gmt":"2025-07-09T19:01:27","slug":"what-happens-after-you-claim-asylum","status":"publish","type":"page","link":"https:\/\/help.unhcr.org\/canada\/es\/how-to-apply-for-asylum-new\/what-happens-after-you-claim-asylum\/","title":{"rendered":"\u00bfQu\u00e9 sucede despu\u00e9s de solicitar asilo?"},"content":{"rendered":"\n<p><strong>Mire <a href=\"https:\/\/irb-cisr.gc.ca\/en\/stay-connected\/Pages\/video-gallery.aspx\">la serie de videos en cinco partes<\/a> para entender los funciones de la Comisi\u00f3n de Inmigraci\u00f3n y Refugiados de Canad\u00e1 (IRB).<\/strong><\/p>\n\n\n\n<figure class=\"wp-block-embed is-type-video is-provider-youtube wp-block-embed-youtube wp-embed-aspect-16-9 wp-has-aspect-ratio\"><div class=\"wp-block-embed__wrapper\">\n<iframe loading=\"lazy\" title=\"Introducing our videos\" width=\"640\" height=\"360\" src=\"https:\/\/www.youtube.com\/embed\/0j3x1FpSUPg?feature=oembed\" frameborder=\"0\" allow=\"accelerometer; autoplay; clipboard-write; encrypted-media; gyroscope; picture-in-picture; web-share\" referrerpolicy=\"strict-origin-when-cross-origin\" allowfullscreen><\/iframe>\n<\/div><\/figure>\n","protected":false},"excerpt":{"rendered":"<p>Mire la serie de videos en cinco partes para entender los funciones de la Comisi\u00f3n de Inmigraci\u00f3n y Refugiados de Canad\u00e1 (IRB).<\/p>\n","protected":false},"author":24,"featured_media":0,"parent":1093,"menu_order":4,"comment_status":"closed","ping_status":"closed","template":"page-templates\/sectioned.php","meta":{"_acf_changed":false,"footnotes":""},"class_list":["post-1103","page","type-page","status-publish","hentry"],"acf":[],"_links":{"self":[{"href":"https:\/\/help.unhcr.org\/canada\/es\/wp-json\/wp\/v2\/pages\/1103","targetHints":{"allow":["GET"]}}],"collection":[{"href":"https:\/\/help.unhcr.org\/canada\/es\/wp-json\/wp\/v2\/pages"}],"about":[{"href":"https:\/\/help.unhcr.org\/canada\/es\/wp-json\/wp\/v2\/types\/page"}],"author":[{"embeddable":true,"href":"https:\/\/help.unhcr.org\/canada\/es\/wp-json\/wp\/v2\/users\/24"}],"replies":[{"embeddable":true,"href":"https:\/\/help.unhcr.org\/canada\/es\/wp-json\/wp\/v2\/comments?post=1103"}],"version-history":[{"count":19,"href":"https:\/\/help.unhcr.org\/canada\/es\/wp-json\/wp\/v2\/pages\/1103\/revisions"}],"predecessor-version":[{"id":2701,"href":"https:\/\/help.unhcr.org\/canada\/es\/wp-json\/wp\/v2\/pages\/1103\/revisions\/2701"}],"up":[{"embeddable":true,"href":"https:\/\/help.unhcr.org\/canada\/es\/wp-json\/wp\/v2\/pages\/1093"}],"wp:attachment":[{"href":"https:\/\/help.unhcr.org\/canada\/es\/wp-json\/wp\/v2\/media?parent=1103"}],"curies":[{"name":"wp","href":"https:\/\/api.w.org\/{rel}","templated":true}]}}