{"id":1096,"date":"2022-06-28T17:40:00","date_gmt":"2022-06-28T17:40:00","guid":{"rendered":"https:\/\/help.unhcr.org\/canada\/how-to-apply-for-asylum-new\/who-can-get-refugee-protection-in-canada\/"},"modified":"2024-08-14T16:09:37","modified_gmt":"2024-08-14T16:09:37","slug":"who-can-get-refugee-protection-in-canada","status":"publish","type":"page","link":"https:\/\/help.unhcr.org\/canada\/es\/how-to-apply-for-asylum-new\/who-can-get-refugee-protection-in-canada\/","title":{"rendered":"\u00bfQui\u00e9n puede obtener protecci\u00f3n para refugiados en Canad\u00e1?"},"content":{"rendered":"\n<p>Para obtener la protecci\u00f3n para refugiados, debe demostrar que no puede regresar a su pa\u00eds de nacionalidad o residencia porque teme ser perseguido por al menos uno de los motivos siguientes (hay ejemplos en cada apartado):&nbsp;<\/p>\n\n\n\n<h3 class=\"wp-block-heading\"><strong>Raza o nacionalidad&nbsp;<\/strong><\/h3>\n\n\n\n<p>Por ejemplo, teme ser perseguido porque forma parte de una minor\u00eda \u00e9tnica o ling\u00fc\u00edstica.&nbsp;<\/p>\n\n\n\n<p><\/p>\n\n\n\n<h3 class=\"wp-block-heading\"><strong><strong>Religi\u00f3n<\/strong><\/strong><\/h3>\n\n\n\n<p>Por ejemplo, teme ser perseguido porque forma parte de una minor\u00eda religiosa o se ha convertido a otra religi\u00f3n.&nbsp;&nbsp;<\/p>\n\n\n\n<p><\/p>\n\n\n\n<h3 class=\"wp-block-heading\"><strong>Miembro de un determinado grupo social<\/strong><\/h3>\n\n\n\n<p>Por ejemplo, ha sido objeto de violencia debido a su orientaci\u00f3n sexual o g\u00e9nero, o teme ser perseguido debido a sus v\u00ednculos familiares.&nbsp;&nbsp;<\/p>\n\n\n\n<p><\/p>\n\n\n\n<h3 class=\"wp-block-heading\"><strong><strong>Opini\u00f3n pol\u00edtica<\/strong><\/strong><\/h3>\n\n\n\n<p>Por ejemplo, es periodista o bloguero, activista de derechos humanos, u opositor del gobierno o se lo considera como tal.&nbsp;<\/p>\n\n\n\n<p><\/p>\n\n\n\n<h3 class=\"wp-block-heading\"><strong>Riesgo para su vida o trato cruel e inhumano&nbsp;<\/strong><\/h3>\n\n\n\n<p>Se enfrenta a un riesgo personal que no afronta la poblaci\u00f3n en general. Por ejemplo, denunci\u00f3 actividades delictivas a su polic\u00eda local y ahora los delincuentes lo tienen en la mira..<\/p>\n\n\n\n<p><\/p>\n\n\n\n<h3 class=\"wp-block-heading\"><strong>Riesgo de tortura<\/strong><\/h3>\n\n\n\n<p>Ha sido sometido o corre el riesgo de ser sometido a da\u00f1os f\u00edsicos o mentales graves por las autoridades gubernamentales (bajo sus \u00f3rdenes o con su consentimiento), a fin de obtener informaci\u00f3n acerca suyo o para castigarlo.&nbsp;&nbsp;<\/p>\n\n\n\n<p class=\"has-text-align-center\"><strong>P\u00e1gina Siguiente: <a href=\"https:\/\/help.unhcr.org\/canada\/es\/how-to-apply-for-asylum-new\/where-to-claim-asylum\/\" data-type=\"page\" data-id=\"1099\">\u00bfD\u00f3nde solicitar asilo?<\/a><\/strong><\/p>\n","protected":false},"excerpt":{"rendered":"<p>Para obtener la protecci\u00f3n para refugiados, debe demostrar que no puede regresar a su pa\u00eds de nacionalidad o residencia porque teme ser perseguido por al menos uno de los motivos siguientes (hay ejemplos en cada apartado):&nbsp; Raza o nacionalidad&nbsp; Por ejemplo, teme ser perseguido porque forma parte de una minor\u00eda \u00e9tnica o ling\u00fc\u00edstica.&nbsp; Religi\u00f3n Por [&hellip;]<\/p>\n","protected":false},"author":24,"featured_media":0,"parent":1093,"menu_order":2,"comment_status":"closed","ping_status":"closed","template":"","meta":{"_acf_changed":false,"footnotes":""},"class_list":["post-1096","page","type-page","status-publish","hentry"],"acf":[],"_links":{"self":[{"href":"https:\/\/help.unhcr.org\/canada\/es\/wp-json\/wp\/v2\/pages\/1096","targetHints":{"allow":["GET"]}}],"collection":[{"href":"https:\/\/help.unhcr.org\/canada\/es\/wp-json\/wp\/v2\/pages"}],"about":[{"href":"https:\/\/help.unhcr.org\/canada\/es\/wp-json\/wp\/v2\/types\/page"}],"author":[{"embeddable":true,"href":"https:\/\/help.unhcr.org\/canada\/es\/wp-json\/wp\/v2\/users\/24"}],"replies":[{"embeddable":true,"href":"https:\/\/help.unhcr.org\/canada\/es\/wp-json\/wp\/v2\/comments?post=1096"}],"version-history":[{"count":4,"href":"https:\/\/help.unhcr.org\/canada\/es\/wp-json\/wp\/v2\/pages\/1096\/revisions"}],"predecessor-version":[{"id":2044,"href":"https:\/\/help.unhcr.org\/canada\/es\/wp-json\/wp\/v2\/pages\/1096\/revisions\/2044"}],"up":[{"embeddable":true,"href":"https:\/\/help.unhcr.org\/canada\/es\/wp-json\/wp\/v2\/pages\/1093"}],"wp:attachment":[{"href":"https:\/\/help.unhcr.org\/canada\/es\/wp-json\/wp\/v2\/media?parent=1096"}],"curies":[{"name":"wp","href":"https:\/\/api.w.org\/{rel}","templated":true}]}}