{"id":414,"date":"2024-02-08T11:57:30","date_gmt":"2024-02-08T11:57:30","guid":{"rendered":"https:\/\/help.unhcr.org\/burkinafaso\/?page_id=414"},"modified":"2025-04-23T07:37:57","modified_gmt":"2025-04-23T07:37:57","slug":"a-propos-du-hcr-au-burkina-faso","status":"publish","type":"page","link":"https:\/\/help.unhcr.org\/burkinafaso\/a-propos-du-hcr-au-burkina-faso\/","title":{"rendered":"A propos du HCR au Burkina Faso"},"content":{"rendered":"\n<figure class=\"wp-block-embed is-type-video is-provider-youtube wp-block-embed-youtube wp-embed-aspect-16-9 wp-has-aspect-ratio\"><div class=\"wp-block-embed__wrapper\">\n<iframe loading=\"lazy\" title=\"Situation au Sahel : l\u2019appui du HCR aux d\u00e9plac\u00e9s et r\u00e9fugi\u00e9s maliens\" width=\"640\" height=\"360\" src=\"https:\/\/www.youtube.com\/embed\/BhQ3vz-R-bo?feature=oembed\" frameborder=\"0\" allow=\"accelerometer; autoplay; clipboard-write; encrypted-media; gyroscope; picture-in-picture; web-share\" referrerpolicy=\"strict-origin-when-cross-origin\" allowfullscreen><\/iframe>\n<\/div><\/figure>\n\n\n\n<h2 class=\"wp-block-heading\"><strong>Qui sommes-nous&nbsp;?<\/strong><\/h2>\n\n\n\n<p>Le HCR, l\u2019Agence des Nations Unies pour les R\u00e9fugi\u00e9s, est une organisation internationale qui a pour mission de sauver des vies, de prot\u00e9ger les droits des r\u00e9fugi\u00e9s et de construire un avenir meilleur pour les communaut\u00e9s d\u00e9plac\u00e9es de force et celles \u00e0 risque d\u2019apatridie. Nous menons une action internationale pour les prot\u00e9ger. Notre vision est celle d\u2019un monde o\u00f9 chaque personne contrainte de fuir peut se b\u00e2tir un avenir meilleur.<\/p>\n\n\n\n<p>Dans tout ce qu\u2019il entreprend, le HCR consid\u00e8re les r\u00e9fugi\u00e9s et les personnes contraintes de fuir comme des partenaires, pla\u00e7ant les personnes les plus touch\u00e9es au centre de la planification et de la prise de d\u00e9cision. Notre aide en mati\u00e8re de protection, d\u2019abris, de sant\u00e9 et d\u2019\u00e9ducation joue un r\u00f4le majeur pour gu\u00e9rir les plaies du pass\u00e9 et pour construire un avenir meilleur.<\/p>\n\n\n\n<p>Dans le cadre de son mandat de protection et de solutions, le HCR plaide pour l&rsquo;inclusion des personnes d\u00e9plac\u00e9es de force et celles \u00e0 risque d\u2019apatridie dans les syst\u00e8mes et programmes nationaux, et collabore avec toutes les parties prenantes telles que le Gouvernement notamment la Commission Nationale pour les R\u00e9fugi\u00e9s (CONAREF), la Direction G\u00e9n\u00e9rale pour la Modernisation de l\u2019Etat Civil (DGMEC) et le Conseil National de Secours d\u2019Urgences et de R\u00e9habilitation (CONASUR), les agences du Syst\u00e8me des Nations Unies (SNU), les acteurs de d\u00e9veloppement, les ONG et les Organisations de la Soci\u00e9t\u00e9 Civile (OSC) , conform\u00e9ment \u00e0 sa strat\u00e9gie pluriannuelle multipartenaire 2022-2025. <\/p>\n\n\n\n<p>En collaboration avec le Gouvernement du Burkina Faso et avec l\u2019appui de ses partenaires, le HCR fournit de l\u2019assistance aux personnes en situation de d\u00e9placement forc\u00e9, celles \u00e0 risque d\u2019apatridie et les communaut\u00e9s h\u00f4tes. Il recherche \u00e9galement et en \u00e9troite collaboration avec l\u2019ensemble de ses partenaires et les communaut\u00e9s elles-m\u00eames, des solutions durables \u00e0 travers la mise en place d\u2019opportunit\u00e9s qui les aideront \u00e0 construire un avenir meilleur. Le HCR Burkina Faso fournit \u00e9galement un soutien direct, des renforcements de capacit\u00e9s et des conseils techniques au Gouvernement.<\/p>\n\n\n\n<h2 class=\"wp-block-heading\"><strong>Qui aidons-nous&nbsp;?<\/strong><\/h2>\n\n\n\n<ul class=\"wp-block-list\">\n<li>Les demandeurs d\u2019asile&nbsp;: Un demandeur d&rsquo;asile est une personne en qu\u00eate de protection internationale.<\/li>\n\n\n\n<li>Les r\u00e9fugi\u00e9s&nbsp;: Les r\u00e9fugi\u00e9s sont des personnes qui fuient les conflits ou les pers\u00e9cutions.<\/li>\n\n\n\n<li>Les personnes d\u00e9plac\u00e9es internes&nbsp;: Les personnes d\u00e9plac\u00e9es fuient en qu\u00eate de s\u00e9curit\u00e9 dans d&rsquo;autres r\u00e9gions au sein m\u00eame de leur pays.<\/li>\n\n\n\n<li>Les apatrides&nbsp;: Les apatrides n&rsquo;ont pas de nationalit\u00e9 et ont souvent du mal \u00e0 faire respecter leurs droits fondamentaux<\/li>\n<\/ul>\n\n\n\n<figure class=\"wp-block-embed is-type-video is-provider-youtube wp-block-embed-youtube wp-embed-aspect-4-3 wp-has-aspect-ratio\"><div class=\"wp-block-embed__wrapper\">\n<iframe loading=\"lazy\" title=\"Certains sont des r\u00e9fugi\u00e9s, d&#039;autres, des migrants\" width=\"640\" height=\"480\" src=\"https:\/\/www.youtube.com\/embed\/doAzPLehoqo?feature=oembed\" frameborder=\"0\" allow=\"accelerometer; autoplay; clipboard-write; encrypted-media; gyroscope; picture-in-picture; web-share\" referrerpolicy=\"strict-origin-when-cross-origin\" allowfullscreen><\/iframe>\n<\/div><\/figure>\n\n\n\n<h2 class=\"wp-block-heading\"><strong>Comment puis-je contacter le HCR Burkina Faso&nbsp;?<\/strong><\/h2>\n\n\n\n<p>Voir la page <a href=\"https:\/\/help.unhcr.org\/burkinafaso\/ou-trouver-de-laide\/\" data-type=\"link\" data-id=\"https:\/\/help.unhcr.org\/burkinafaso\/ou-trouver-de-laide\/\">O\u00f9 trouver de l\u2019aide&nbsp;?<\/a><\/p>\n\n\n\n<p>Adresser un message \u00e0 travers le <a href=\"https:\/\/help.unhcr.org\/burkinafaso\/contactez-nous\/\">formulaire de contact<\/a> <\/p>\n\n\n\n<p><\/p>\n","protected":false},"excerpt":{"rendered":"<p>Qui sommes-nous&nbsp;? Le HCR, l\u2019Agence des Nations Unies pour les R\u00e9fugi\u00e9s, est une organisation internationale qui a pour mission de sauver des vies, de prot\u00e9ger les droits des r\u00e9fugi\u00e9s et de construire un avenir meilleur pour les communaut\u00e9s d\u00e9plac\u00e9es de force et celles \u00e0 risque d\u2019apatridie. Nous menons une action internationale pour les prot\u00e9ger. Notre [&hellip;]<\/p>\n","protected":false},"author":426,"featured_media":0,"parent":0,"menu_order":0,"comment_status":"closed","ping_status":"closed","template":"","meta":{"_acf_changed":false,"footnotes":""},"class_list":["post-414","page","type-page","status-publish","hentry"],"acf":[],"_links":{"self":[{"href":"https:\/\/help.unhcr.org\/burkinafaso\/wp-json\/wp\/v2\/pages\/414","targetHints":{"allow":["GET"]}}],"collection":[{"href":"https:\/\/help.unhcr.org\/burkinafaso\/wp-json\/wp\/v2\/pages"}],"about":[{"href":"https:\/\/help.unhcr.org\/burkinafaso\/wp-json\/wp\/v2\/types\/page"}],"author":[{"embeddable":true,"href":"https:\/\/help.unhcr.org\/burkinafaso\/wp-json\/wp\/v2\/users\/426"}],"replies":[{"embeddable":true,"href":"https:\/\/help.unhcr.org\/burkinafaso\/wp-json\/wp\/v2\/comments?post=414"}],"version-history":[{"count":4,"href":"https:\/\/help.unhcr.org\/burkinafaso\/wp-json\/wp\/v2\/pages\/414\/revisions"}],"predecessor-version":[{"id":467,"href":"https:\/\/help.unhcr.org\/burkinafaso\/wp-json\/wp\/v2\/pages\/414\/revisions\/467"}],"wp:attachment":[{"href":"https:\/\/help.unhcr.org\/burkinafaso\/wp-json\/wp\/v2\/media?parent=414"}],"curies":[{"name":"wp","href":"https:\/\/api.w.org\/{rel}","templated":true}]}}