{"id":357,"date":"2024-01-17T14:46:00","date_gmt":"2024-01-17T14:46:00","guid":{"rendered":"https:\/\/help.unhcr.org\/burkinafaso\/?page_id=357"},"modified":"2025-05-20T07:39:26","modified_gmt":"2025-05-20T07:39:26","slug":"contactez-nous","status":"publish","type":"page","link":"https:\/\/help.unhcr.org\/burkinafaso\/contactez-nous\/","title":{"rendered":"Contactez-nous"},"content":{"rendered":"\n<p><a href=\"https:\/\/www.facebook.com\/UNHCRBurkinaFaso\/\"><strong>Visitez notre page Facebook.<\/strong><\/a><\/p>\n\n\n\n<p>Si vous n&rsquo;avez pas trouv\u00e9 l&rsquo;information que vous recherchiez sur ce site, vous pouvez nous contacter en utilisant le formulaire de contact ci-dessous. <\/p>\n\n\n\n<p>Nous recevons de nombreuses demandes chaque jour et nous ferons de notre mieux pour vous r\u00e9pondre dans les meilleurs d\u00e9lais. <\/p>\n\n\n\n<p>Pour faciliter le suivi de votre demande par le HCR, veuillez indiquer votre num\u00e9ro de t\u00e9l\u00e9phone. Veuillez noter que les donn\u00e9es individuelles des r\u00e9fugi\u00e9s sont prot\u00e9g\u00e9es par la politique de protection des donn\u00e9es personnelles des personnes relevant de la comp\u00e9tence du HCR.<\/p>\n\n\n\n<div class=\"wpcf7 no-js\" id=\"wpcf7-f189-o1\" lang=\"en-US\" dir=\"ltr\" data-wpcf7-id=\"189\">\n<div class=\"screen-reader-response\"><p role=\"status\" aria-live=\"polite\" aria-atomic=\"true\"><\/p> <ul><\/ul><\/div>\n<form action=\"\/burkinafaso\/wp-json\/wp\/v2\/pages\/357#wpcf7-f189-o1\" method=\"post\" class=\"wpcf7-form init\" aria-label=\"Contact form\" novalidate=\"novalidate\" data-status=\"init\">\n<fieldset class=\"hidden-fields-container\"><input type=\"hidden\" name=\"_wpcf7\" value=\"189\" \/><input type=\"hidden\" name=\"_wpcf7_version\" value=\"6.1.4\" \/><input type=\"hidden\" name=\"_wpcf7_locale\" value=\"en_US\" \/><input type=\"hidden\" name=\"_wpcf7_unit_tag\" value=\"wpcf7-f189-o1\" \/><input type=\"hidden\" name=\"_wpcf7_container_post\" value=\"0\" \/><input type=\"hidden\" name=\"_wpcf7_posted_data_hash\" value=\"\" \/><input type=\"hidden\" name=\"_wpcf7_recaptcha_response\" value=\"\" \/>\n<\/fieldset>\n<style type=\"text\/css\">.wpcf7-form .row input[type=\"text\"].custom-width { width: auto; }\n<\/style>\n<div class=\"row\">\n\t<div class=\"col-md-6 col-sm-12\">\n\t\t<p><label for=\"contact-name\">Nom complet (obligatoire) <\/label><br \/>\n<span class=\"wpcf7-form-control-wrap\" data-name=\"contact-name\"><input size=\"40\" maxlength=\"400\" class=\"wpcf7-form-control wpcf7-text wpcf7-validates-as-required\" id=\"contact-name\" aria-required=\"true\" aria-invalid=\"false\" value=\"\" type=\"text\" name=\"contact-name\" \/><\/span>\n\t\t<\/p>\n\t<\/div>\n<\/div>\n<div class=\"row\">\n\t<div class=\"col-md-6 col-sm-12\">\n\t\t<p><label for=\"contact-telephone\">Telephone (obligatoire) <\/label><br \/>\n<span class=\"wpcf7-form-control-wrap\" data-name=\"contact-telephone\"><input size=\"40\" maxlength=\"400\" class=\"wpcf7-form-control wpcf7-text wpcf7-validates-as-required\" id=\"contact-telephone\" aria-required=\"true\" aria-invalid=\"false\" value=\"\" type=\"text\" name=\"contact-telephone\" \/><\/span>\n\t\t<\/p>\n\t<\/div>\n<\/div>\n<div class=\"row\">\n\t<div>\n\t\t<p><label for=\"contact-filenumber\">Num\u00e9ro d\u2019enregistrement (facultatif) <\/label><br \/>\n<span class=\"wpcf7-form-control-wrap\" data-name=\"contact-filenumber-part-a\"><input size=\"3\" maxlength=\"3\" minlength=\"3\" class=\"wpcf7-form-control wpcf7-text custom-width\" id=\"contact-filenumber-part-a\" aria-invalid=\"false\" value=\"\" type=\"text\" name=\"contact-filenumber-part-a\" \/><\/span> &nbsp; \u2014 &nbsp; <span class=\"wpcf7-form-control-wrap\" data-name=\"contact-filenumber-part-b\"><input size=\"2\" maxlength=\"2\" minlength=\"2\" class=\"wpcf7-form-control wpcf7-text custom-width\" id=\"contact-filenumber-part-b\" aria-invalid=\"false\" value=\"\" type=\"text\" name=\"contact-filenumber-part-b\" \/><\/span> &nbsp; C &nbsp; <span class=\"wpcf7-form-control-wrap\" data-name=\"contact-filenumber-part-c\"><input size=\"5\" maxlength=\"5\" minlength=\"5\" class=\"wpcf7-form-control wpcf7-text custom-width\" id=\"contact-filenumber-part-c\" aria-invalid=\"false\" value=\"\" type=\"text\" name=\"contact-filenumber-part-c\" \/><\/span><br \/>\n<label for=\"contact-moreinfo\" style=\"margin-top:5px;color:#666\"><i>Afin que nous puissions donner suite \u00e0 votre dossier, veuillez fournir votre num\u00e9ro de dossier (par exemple: <em>123 - 45 C 67890<\/em>)<\/i><\/label>\n\t\t<\/p>\n\t<\/div>\n<\/div>\n<div class=\"row\">\n\t<div class=\"col-md-12 col-sm-12\">\n\t\t<p><label for=\"contact-message\">Votre message (obligatoire) <\/label>\n\t\t<\/p>\n\t\t<div id=\"messagetext\">\n\t\t\t<div id=\"messagetextcontent\">\n\t\t\t\t<p><span class=\"wpcf7-form-control-wrap\" data-name=\"contact-message\"><textarea cols=\"40\" rows=\"10\" maxlength=\"2000\" class=\"wpcf7-form-control wpcf7-textarea wpcf7-validates-as-required\" id=\"contact-message\" aria-required=\"true\" aria-invalid=\"false\" name=\"contact-message\"><\/textarea><\/span>\n\t\t\t\t<\/p>\n\t\t\t<\/div>\n\t\t<\/div>\n\t<\/div>\n<\/div>\n<div class=\"row\" style=\"width: 95%;margin-bottom: 1em\">\n\t<div class=\"col-md-6 col-sm-12\">\n\t\t<p><input class=\"wpcf7-form-control wpcf7-submit has-spinner hp-btn hp-btn-ok\" id=\"submit\" type=\"submit\" value=\"Submit Form\" \/>\n\t\t<\/p>\n\t<\/div>\n<\/div><div class=\"wpcf7-response-output\" aria-hidden=\"true\"><\/div>\n<\/form>\n<\/div>\n\n","protected":false},"excerpt":{"rendered":"<p>Visitez notre page Facebook. Si vous n&rsquo;avez pas trouv\u00e9 l&rsquo;information que vous recherchiez sur ce site, vous pouvez nous contacter en utilisant le formulaire de contact ci-dessous. Nous recevons de nombreuses demandes chaque jour et nous ferons de notre mieux pour vous r\u00e9pondre dans les meilleurs d\u00e9lais. Pour faciliter le suivi de votre demande par [&hellip;]<\/p>\n","protected":false},"author":64,"featured_media":0,"parent":0,"menu_order":0,"comment_status":"closed","ping_status":"closed","template":"","meta":{"_acf_changed":false,"footnotes":""},"class_list":["post-357","page","type-page","status-publish","hentry"],"acf":[],"_links":{"self":[{"href":"https:\/\/help.unhcr.org\/burkinafaso\/wp-json\/wp\/v2\/pages\/357","targetHints":{"allow":["GET"]}}],"collection":[{"href":"https:\/\/help.unhcr.org\/burkinafaso\/wp-json\/wp\/v2\/pages"}],"about":[{"href":"https:\/\/help.unhcr.org\/burkinafaso\/wp-json\/wp\/v2\/types\/page"}],"author":[{"embeddable":true,"href":"https:\/\/help.unhcr.org\/burkinafaso\/wp-json\/wp\/v2\/users\/64"}],"replies":[{"embeddable":true,"href":"https:\/\/help.unhcr.org\/burkinafaso\/wp-json\/wp\/v2\/comments?post=357"}],"version-history":[{"count":7,"href":"https:\/\/help.unhcr.org\/burkinafaso\/wp-json\/wp\/v2\/pages\/357\/revisions"}],"predecessor-version":[{"id":471,"href":"https:\/\/help.unhcr.org\/burkinafaso\/wp-json\/wp\/v2\/pages\/357\/revisions\/471"}],"wp:attachment":[{"href":"https:\/\/help.unhcr.org\/burkinafaso\/wp-json\/wp\/v2\/media?parent=357"}],"curies":[{"name":"wp","href":"https:\/\/api.w.org\/{rel}","templated":true}]}}