{"id":192,"date":"2023-06-19T15:43:38","date_gmt":"2023-06-19T15:43:38","guid":{"rendered":"https:\/\/help.unhcr.org\/burkinafaso\/?page_id=192"},"modified":"2025-05-22T08:06:20","modified_gmt":"2025-05-22T08:06:20","slug":"aide-juridique","status":"publish","type":"page","link":"https:\/\/help.unhcr.org\/burkinafaso\/ou-trouver-de-laide\/aide-juridique\/","title":{"rendered":"Aide Juridique"},"content":{"rendered":"\n<p><strong>En tant que demandeur d\u2019asile, r\u00e9fugi\u00e9, personne d\u00e9plac\u00e9e interne ou apatride, vous pouvez avoir besoin d\u2019une assistance juridique pour diverses raisons&nbsp;:<\/strong><\/p>\n\n\n\n<ul class=\"wp-block-list\">\n<li>Orientation pour la mise en \u0153uvre de proc\u00e9dure judiciaire ou administrative,<\/li>\n\n\n\n<li>Pour votre documentation,<\/li>\n\n\n\n<li>En cas de contentieux avec votre employeur,<\/li>\n\n\n\n<li>Pour votre demande d\u2019asile,<\/li>\n\n\n\n<li>Pour la formulation d\u2019un recours contre une d\u00e9cision de rejet de votre demande d\u2019asile<\/li>\n<\/ul>\n\n\n\n<p><strong>Vous pouvez dans ce cas contacter MBDHP (Mouvement Burkinab\u00e8 des Droits de l\u2019Homme et des Peuples) qui est un partenaire du HCR pour l\u2019assistance juridique. Le MBDHP dispose de boutiques de droit (cliniques juridiques) dans plusieurs localit\u00e9s du Burkina Faso et travaille avec le HCR sp\u00e9cifiquement \u00e0 :<\/strong><\/p>\n\n\n\n<ul class=\"wp-block-list\">\n<li>Bobo-Dioulasso ;<\/li>\n\n\n\n<li>Ouahigouya;<\/li>\n\n\n\n<li>Kaya;<\/li>\n\n\n\n<li>Fada N\u2019Gourma<\/li>\n\n\n\n<li>Dori<\/li>\n<\/ul>\n\n\n\n<p>Si vous \u00eates dans d\u2019autres localit\u00e9s comme Ouagadougou, Kongoussi, Tenkodogo, D\u00e9dougou, Banfora, Yako vous pouvez saisir le MBDHP pour les questions d\u2019assistance juridique en cas de privation de libert\u00e9.<\/p>\n\n\n\n<p class=\"has-text-align-center has-background\" style=\"background-color:#fdf799\"><strong>Les services de MBDHP sont gratuits !<\/strong><\/p>\n\n\n\n<h2 class=\"wp-block-heading has-text-color\" style=\"color:#0072bc\">Comment contacter MBDHP ?<\/h2>\n\n\n\n<p>Si vous \u00eates dans l\u2019une des localit\u00e9s o\u00f9 le projet est mis en \u0153uvre et cit\u00e9es plus haut, vous pouvez contacter directement les Assistants juridiques ou prendre attache avec le HCR ou la CONAREF&nbsp;qui pourront vous r\u00e9f\u00e9rer \u00e0 l\u2019Assistant juridique de la zone d\u2019intervention.<a id=\"_msocom_1\"><\/a><\/p>\n","protected":false},"excerpt":{"rendered":"<p>En tant que demandeur d\u2019asile, r\u00e9fugi\u00e9, personne d\u00e9plac\u00e9e interne ou apatride, vous pouvez avoir besoin d\u2019une assistance juridique pour diverses raisons&nbsp;: Vous pouvez dans ce cas contacter MBDHP (Mouvement Burkinab\u00e8 des Droits de l\u2019Homme et des Peuples) qui est un partenaire du HCR pour l\u2019assistance juridique. Le MBDHP dispose de boutiques de droit (cliniques juridiques) [&hellip;]<\/p>\n","protected":false},"author":214,"featured_media":0,"parent":132,"menu_order":15,"comment_status":"closed","ping_status":"closed","template":"","meta":{"_acf_changed":false,"footnotes":""},"class_list":["post-192","page","type-page","status-publish","hentry"],"acf":[],"_links":{"self":[{"href":"https:\/\/help.unhcr.org\/burkinafaso\/wp-json\/wp\/v2\/pages\/192","targetHints":{"allow":["GET"]}}],"collection":[{"href":"https:\/\/help.unhcr.org\/burkinafaso\/wp-json\/wp\/v2\/pages"}],"about":[{"href":"https:\/\/help.unhcr.org\/burkinafaso\/wp-json\/wp\/v2\/types\/page"}],"author":[{"embeddable":true,"href":"https:\/\/help.unhcr.org\/burkinafaso\/wp-json\/wp\/v2\/users\/214"}],"replies":[{"embeddable":true,"href":"https:\/\/help.unhcr.org\/burkinafaso\/wp-json\/wp\/v2\/comments?post=192"}],"version-history":[{"count":7,"href":"https:\/\/help.unhcr.org\/burkinafaso\/wp-json\/wp\/v2\/pages\/192\/revisions"}],"predecessor-version":[{"id":486,"href":"https:\/\/help.unhcr.org\/burkinafaso\/wp-json\/wp\/v2\/pages\/192\/revisions\/486"}],"up":[{"embeddable":true,"href":"https:\/\/help.unhcr.org\/burkinafaso\/wp-json\/wp\/v2\/pages\/132"}],"wp:attachment":[{"href":"https:\/\/help.unhcr.org\/burkinafaso\/wp-json\/wp\/v2\/media?parent=192"}],"curies":[{"name":"wp","href":"https:\/\/api.w.org\/{rel}","templated":true}]}}