{"id":179,"date":"2023-06-19T15:19:30","date_gmt":"2023-06-19T15:19:30","guid":{"rendered":"https:\/\/help.unhcr.org\/burkinafaso\/?page_id=179"},"modified":"2024-02-12T16:28:44","modified_gmt":"2024-02-12T16:28:44","slug":"signaler-une-faute-grave-liee-au-hcr","status":"publish","type":"page","link":"https:\/\/help.unhcr.org\/burkinafaso\/signaler-une-faute-grave-liee-au-hcr\/","title":{"rendered":"Signaler une faute grave li\u00e9e au HCR"},"content":{"rendered":"\n<p class=\"has-text-align-center has-black-color has-text-color has-background\" style=\"background-color:#fdf799\"><strong>N&rsquo;oubliez pas: tous les services et activit\u00e9s du HCR sont toujours gratuits. <\/strong><\/p>\n\n\n\n<p class=\"has-text-align-left has-black-color has-white-background-color has-text-color has-background\"><strong>A aucun moment, il ne vous sera demand\u00e9 de payer pour l&rsquo;un des services fournis par le HCR ou l&rsquo;un de ses partenaires. Soyez prudent en cas de comportement frauduleux et ne croyez personne qui pr\u00e9tend pouvoir vous aider \u00e0 vous enregistrer, \u00e0 vous r\u00e9installer, etc. si vous payez.<\/strong><\/p>\n","protected":false},"excerpt":{"rendered":"<p>N&rsquo;oubliez pas: tous les services et activit\u00e9s du HCR sont toujours gratuits. A aucun moment, il ne vous sera demand\u00e9 de payer pour l&rsquo;un des services fournis par le HCR ou l&rsquo;un de ses partenaires. Soyez prudent en cas de comportement frauduleux et ne croyez personne qui pr\u00e9tend pouvoir vous aider \u00e0 vous enregistrer, \u00e0 [&hellip;]<\/p>\n","protected":false},"author":214,"featured_media":0,"parent":0,"menu_order":0,"comment_status":"closed","ping_status":"closed","template":"faq_page.php","meta":{"_acf_changed":false,"footnotes":""},"class_list":["post-179","page","type-page","status-publish","hentry"],"acf":[],"_links":{"self":[{"href":"https:\/\/help.unhcr.org\/burkinafaso\/wp-json\/wp\/v2\/pages\/179","targetHints":{"allow":["GET"]}}],"collection":[{"href":"https:\/\/help.unhcr.org\/burkinafaso\/wp-json\/wp\/v2\/pages"}],"about":[{"href":"https:\/\/help.unhcr.org\/burkinafaso\/wp-json\/wp\/v2\/types\/page"}],"author":[{"embeddable":true,"href":"https:\/\/help.unhcr.org\/burkinafaso\/wp-json\/wp\/v2\/users\/214"}],"replies":[{"embeddable":true,"href":"https:\/\/help.unhcr.org\/burkinafaso\/wp-json\/wp\/v2\/comments?post=179"}],"version-history":[{"count":6,"href":"https:\/\/help.unhcr.org\/burkinafaso\/wp-json\/wp\/v2\/pages\/179\/revisions"}],"predecessor-version":[{"id":450,"href":"https:\/\/help.unhcr.org\/burkinafaso\/wp-json\/wp\/v2\/pages\/179\/revisions\/450"}],"wp:attachment":[{"href":"https:\/\/help.unhcr.org\/burkinafaso\/wp-json\/wp\/v2\/media?parent=179"}],"curies":[{"name":"wp","href":"https:\/\/api.w.org\/{rel}","templated":true}]}}