{"id":138,"date":"2023-06-19T13:39:56","date_gmt":"2023-06-19T13:39:56","guid":{"rendered":"https:\/\/help.unhcr.org\/burkinafaso\/?page_id=138"},"modified":"2026-03-31T14:42:18","modified_gmt":"2026-03-31T14:42:18","slug":"aide-sociale-et-financiere","status":"publish","type":"page","link":"https:\/\/help.unhcr.org\/burkinafaso\/ou-trouver-de-laide\/aide-sociale-et-financiere\/","title":{"rendered":"Aide sociale et financi\u00e8re"},"content":{"rendered":"\n<div id=\"q-and-a-df584add-1236-4054-b2e4-11fc548e2dd0\" class=\"wp-block-help-unhcr-q-and-a q-and-a\"><div class=\"q-and-a__head text-left\"><h2 class=\"q-and-a__head-title mb-10\" id=\"\">R\u00e9fugi\u00e9s<\/h2><\/div><div class=\"accordion\" id=\"unhcr-help-q-and-a-df584add-1236-4054-b2e4-11fc548e2dd0\" itemscope itemtype=\"https:\/\/schema.org\/FAQPage\">\n<div class=\"wp-block-help-unhcr-q-and-a-inner q-and-a-inner accordion-item my-10 active\" id=\"qa-527c2d55-a4d4-4fe7-8148-f0d1b23f18a9\" data-item-content=\"q-and-a-item-1\" itemscope itemprop=\"mainEntity\" itemtype=\"https:\/\/schema.org\/Question\"><h3 class=\"accordion-header\" id=\"q-and-a-item-1\"><button class=\"accordion-button bg-info collapsed\" type=\"button\" data-bs-toggle=\"collapse\" data-bs-target=\"#collapse-qa-527c2d55-a4d4-4fe7-8148-f0d1b23f18a9-1\" aria-expanded=\"false\" aria-controls=\"collapse-qa-527c2d55-a4d4-4fe7-8148-f0d1b23f18a9-1\"><span class=\"accordion-count\">1<\/span><span class=\"q-and-a__box-title fw-bolder fs-3\">Qui peut b\u00e9n\u00e9ficier d\u2019une aide en esp\u00e8ces ?<\/span><\/button><\/h3><div id=\"collapse-qa-527c2d55-a4d4-4fe7-8148-f0d1b23f18a9-1\" class=\"accordion-collapse collapse\" aria-labelledby=\"q-and-a-item-1\" data-bs-parent=\"\"><div class=\"accordion-body py-16 px-20\" itemscope itemprop=\"acceptedAnswer\" itemtype=\"https:\/\/schema.org\/Answer\">\n<p>Toute personne r\u00e9fugi\u00e9e ou demandeur d\u2019asile vuln\u00e9rable peut b\u00e9n\u00e9ficier d\u2019une aide en esp\u00e8ces mais au cas par cas et apr\u00e8s appr\u00e9ciation du partenaire social. Sont concern\u00e9es les personnes vivant avec un handicap mental et\/ou physique, les malvoyants, les malentendants, les personnes de plus de 60 ans vivant seule ou ayant \u00e0 charge des enfants, les femmes seules cheffes de m\u00e9nages ayant \u00e0 charge des enfants mineurs ou des personnes \u00e2g\u00e9es, les enfants seuls sans soutien.<\/p>\n<\/div><\/div><\/div>\n\n\n\n<div class=\"wp-block-help-unhcr-q-and-a-inner q-and-a-inner accordion-item my-10\" id=\"qa-55af12d5-3e44-47e7-8963-a5ec63e1cb98\" data-item-content=\"q-and-a-item-2\" itemscope itemprop=\"mainEntity\" itemtype=\"https:\/\/schema.org\/Question\"><h3 class=\"accordion-header\" id=\"q-and-a-item-2\"><button class=\"accordion-button bg-info collapsed\" type=\"button\" data-bs-toggle=\"collapse\" data-bs-target=\"#collapse-qa-55af12d5-3e44-47e7-8963-a5ec63e1cb98-2\" aria-expanded=\"false\" aria-controls=\"collapse-qa-55af12d5-3e44-47e7-8963-a5ec63e1cb98-2\"><span class=\"accordion-count\">2<\/span><span class=\"q-and-a__box-title fw-bolder fs-3\">Comment l\u2019aide en esp\u00e8ces est-elle fournie ?<\/span><\/button><\/h3><div id=\"collapse-qa-55af12d5-3e44-47e7-8963-a5ec63e1cb98-2\" class=\"accordion-collapse collapse\" aria-labelledby=\"q-and-a-item-2\" data-bs-parent=\"\"><div class=\"accordion-body py-16 px-20\" itemscope itemprop=\"acceptedAnswer\" itemtype=\"https:\/\/schema.org\/Answer\">\n<p>Pour b\u00e9n\u00e9ficier de l\u2019aide en esp\u00e8ces selon les besoins, les demandes d\u2019aide sont soumises \u00e0 CREDO pendant les jours ouvrables de 08h00 \u00e0 17h00 dans les localit\u00e9s d\u2019intervention (Ouagadougou, Bobo-Dioulasso, Dori, Djibo, Ouahigouya). Une \u00e9valuation sociale suivie de recommandations est faite \u00e0 l\u2019issue de laquelle une aide mon\u00e9taire ou en nature est accord\u00e9e par la suite suivant les crit\u00e8res d\u00e9finis et selon le budget disponible.<\/p>\n<\/div><\/div><\/div>\n<\/div><\/div>\n\n\n\n<div id=\"q-and-a-c450b890-a386-428d-befa-f2ac860317ab\" class=\"wp-block-help-unhcr-q-and-a q-and-a\"><div class=\"q-and-a__head text-left\"><h2 class=\"q-and-a__head-title mb-10\" id=\"\">Personnes D\u00e9plac\u00e9es Internes<\/h2><\/div><div class=\"accordion\" id=\"unhcr-help-q-and-a-c450b890-a386-428d-befa-f2ac860317ab\" itemscope itemtype=\"https:\/\/schema.org\/FAQPage\">\n<div class=\"wp-block-help-unhcr-q-and-a-inner q-and-a-inner accordion-item my-10 active\" id=\"qa-a293df6d-e012-4262-afad-4ff617590800\" data-item-content=\"q-and-a-item-1\" itemscope itemprop=\"mainEntity\" itemtype=\"https:\/\/schema.org\/Question\"><h3 class=\"accordion-header\" id=\"q-and-a-item-1\"><button class=\"accordion-button bg-info collapsed\" type=\"button\" data-bs-toggle=\"collapse\" data-bs-target=\"#collapse-qa-a293df6d-e012-4262-afad-4ff617590800-1\" aria-expanded=\"false\" aria-controls=\"collapse-qa-a293df6d-e012-4262-afad-4ff617590800-1\"><span class=\"accordion-count\">1<\/span><span class=\"q-and-a__box-title fw-bolder fs-3\">Ce que l&rsquo;aide couvre<\/span><\/button><\/h3><div id=\"collapse-qa-a293df6d-e012-4262-afad-4ff617590800-1\" class=\"accordion-collapse collapse\" aria-labelledby=\"q-and-a-item-1\" data-bs-parent=\"\"><div class=\"accordion-body py-16 px-20\" itemscope itemprop=\"acceptedAnswer\" itemtype=\"https:\/\/schema.org\/Answer\">\n<p>Pour les personnes d\u00e9plac\u00e9es internes, l\u2019aide en esp\u00e8ces couvre les domaines des abris et h\u00e9bergements, des articles m\u00e9nagers essentiels (AME), de l\u2019inclusion socio-\u00e9conomique, de l\u2019\u00e9ducation, de l\u2019\u00e9nergie ainsi que certains besoins primaires de protection tels que les kits de dignit\u00e9s.<\/p>\n<\/div><\/div><\/div>\n\n\n\n<div class=\"wp-block-help-unhcr-q-and-a-inner q-and-a-inner accordion-item my-10\" id=\"qa-f0fb7fda-0ce8-4fdd-af47-27bc826fefff\" data-item-content=\"q-and-a-item-2\" itemscope itemprop=\"mainEntity\" itemtype=\"https:\/\/schema.org\/Question\"><h3 class=\"accordion-header\" id=\"q-and-a-item-2\"><button class=\"accordion-button bg-info collapsed\" type=\"button\" data-bs-toggle=\"collapse\" data-bs-target=\"#collapse-qa-f0fb7fda-0ce8-4fdd-af47-27bc826fefff-2\" aria-expanded=\"false\" aria-controls=\"collapse-qa-f0fb7fda-0ce8-4fdd-af47-27bc826fefff-2\"><span class=\"accordion-count\">2<\/span><span class=\"q-and-a__box-title fw-bolder fs-3\">Qui peut recevoir une assistance financi\u00e8re\u00a0?<\/span><\/button><\/h3><div id=\"collapse-qa-f0fb7fda-0ce8-4fdd-af47-27bc826fefff-2\" class=\"accordion-collapse collapse\" aria-labelledby=\"q-and-a-item-2\" data-bs-parent=\"\"><div class=\"accordion-body py-16 px-20\" itemscope itemprop=\"acceptedAnswer\" itemtype=\"https:\/\/schema.org\/Answer\">\n<p>Les b\u00e9n\u00e9ficiaires des programmes d\u2019assistance financi\u00e8re sont s\u00e9lectionn\u00e9s sur base de crit\u00e8res de vuln\u00e9rabilit\u00e9 d\u00e9termin\u00e9s par les unit\u00e9s sectorielles avec l\u2019appui de la section protection.<\/p>\n\n\n\n<p>A titre d\u2019exemple, dans le domaine de l\u2019inclusion socio-\u00e9conomique, les b\u00e9n\u00e9ficiaires sont pour la plupart des personnes \u00e0 risque de Violence Bas\u00e9e sur le Genre ou des personnes \u00e0 besoins sp\u00e9cifiques et en capacit\u00e9 de travailler.<\/p>\n\n\n\n<p>Autre exemple concernant les abris, il est demand\u00e9 au b\u00e9n\u00e9ficiaire de disposer au pr\u00e9alable d\u2019un lopin de terre devant abriter la maison. Les montants des assistances sont variables selon l\u2019activit\u00e9 et suivant \u00e9galement les normes d\u00e9finies par les diff\u00e9rents Clusters. Le processus de ciblage est participatif et inclusif avec la pr\u00e9sence des b\u00e9n\u00e9ficiaires dans les comit\u00e9s mis en place \u00e0 cet effet. Tous les bureaux du HCR sont couverts par la modalit\u00e9 aide en esp\u00e8ces et les groupes de population cibles sont les r\u00e9fugi\u00e9s et demandeurs d\u2019asiles, les Personnes D\u00e9plac\u00e9es Internes (PDI) ainsi que les communaut\u00e9s d\u2019accueil.<\/p>\n<\/div><\/div><\/div>\n<\/div><\/div>\n","protected":false},"excerpt":{"rendered":"","protected":false},"author":214,"featured_media":0,"parent":132,"menu_order":40,"comment_status":"closed","ping_status":"closed","template":"","meta":{"_acf_changed":false,"footnotes":""},"topics":[13],"audiences":[],"class_list":["post-138","page","type-page","status-publish","hentry","topics-cash-assistance"],"acf":[],"_links":{"self":[{"href":"https:\/\/help.unhcr.org\/burkinafaso\/wp-json\/wp\/v2\/pages\/138","targetHints":{"allow":["GET"]}}],"collection":[{"href":"https:\/\/help.unhcr.org\/burkinafaso\/wp-json\/wp\/v2\/pages"}],"about":[{"href":"https:\/\/help.unhcr.org\/burkinafaso\/wp-json\/wp\/v2\/types\/page"}],"author":[{"embeddable":true,"href":"https:\/\/help.unhcr.org\/burkinafaso\/wp-json\/wp\/v2\/users\/214"}],"replies":[{"embeddable":true,"href":"https:\/\/help.unhcr.org\/burkinafaso\/wp-json\/wp\/v2\/comments?post=138"}],"version-history":[{"count":9,"href":"https:\/\/help.unhcr.org\/burkinafaso\/wp-json\/wp\/v2\/pages\/138\/revisions"}],"predecessor-version":[{"id":588,"href":"https:\/\/help.unhcr.org\/burkinafaso\/wp-json\/wp\/v2\/pages\/138\/revisions\/588"}],"up":[{"embeddable":true,"href":"https:\/\/help.unhcr.org\/burkinafaso\/wp-json\/wp\/v2\/pages\/132"}],"wp:attachment":[{"href":"https:\/\/help.unhcr.org\/burkinafaso\/wp-json\/wp\/v2\/media?parent=138"}],"wp:term":[{"taxonomy":"topics","embeddable":true,"href":"https:\/\/help.unhcr.org\/burkinafaso\/wp-json\/wp\/v2\/topics?post=138"},{"taxonomy":"audiences","embeddable":true,"href":"https:\/\/help.unhcr.org\/burkinafaso\/wp-json\/wp\/v2\/audiences?post=138"}],"curies":[{"name":"wp","href":"https:\/\/api.w.org\/{rel}","templated":true}]}}