{"id":135,"date":"2023-06-19T13:34:30","date_gmt":"2023-06-19T13:34:30","guid":{"rendered":"https:\/\/help.unhcr.org\/burkinafaso\/?page_id=135"},"modified":"2025-05-22T08:34:09","modified_gmt":"2025-05-22T08:34:09","slug":"documentation-et-prevention-du-risque-dapatridie","status":"publish","type":"page","link":"https:\/\/help.unhcr.org\/burkinafaso\/ou-trouver-de-laide\/documentation-et-prevention-du-risque-dapatridie\/","title":{"rendered":"Documentation et pr\u00e9vention du risque d\u2019apatridie"},"content":{"rendered":"\n<figure class=\"wp-block-embed is-type-video is-provider-youtube wp-block-embed-youtube wp-embed-aspect-16-9 wp-has-aspect-ratio\"><div class=\"wp-block-embed__wrapper\">\n<iframe loading=\"lazy\" title=\"UNHCR APATRIDIE\" width=\"640\" height=\"360\" src=\"https:\/\/www.youtube.com\/embed\/Wm8K-kEe170?feature=oembed\" frameborder=\"0\" allow=\"accelerometer; autoplay; clipboard-write; encrypted-media; gyroscope; picture-in-picture; web-share\" referrerpolicy=\"strict-origin-when-cross-origin\" allowfullscreen><\/iframe>\n<\/div><\/figure>\n\n\n\n<figure class=\"wp-block-embed is-type-video is-provider-youtube wp-block-embed-youtube wp-embed-aspect-4-3 wp-has-aspect-ratio\"><div class=\"wp-block-embed__wrapper\">\n<iframe loading=\"lazy\" title=\"Chaque pays doit veiller \u00e0 ce que les apatrides puissent acqu\u00e9rir une nationalit\u00e9\" width=\"640\" height=\"480\" src=\"https:\/\/www.youtube.com\/embed\/g2aQwRheMC8?feature=oembed\" frameborder=\"0\" allow=\"accelerometer; autoplay; clipboard-write; encrypted-media; gyroscope; picture-in-picture; web-share\" referrerpolicy=\"strict-origin-when-cross-origin\" allowfullscreen><\/iframe>\n<\/div><\/figure>\n\n\n\n<p><\/p>\n","protected":false},"excerpt":{"rendered":"","protected":false},"author":214,"featured_media":0,"parent":132,"menu_order":20,"comment_status":"closed","ping_status":"closed","template":"page-templates\/sectioned.php","meta":{"_acf_changed":false,"footnotes":""},"class_list":["post-135","page","type-page","status-publish","hentry"],"acf":[],"_links":{"self":[{"href":"https:\/\/help.unhcr.org\/burkinafaso\/wp-json\/wp\/v2\/pages\/135","targetHints":{"allow":["GET"]}}],"collection":[{"href":"https:\/\/help.unhcr.org\/burkinafaso\/wp-json\/wp\/v2\/pages"}],"about":[{"href":"https:\/\/help.unhcr.org\/burkinafaso\/wp-json\/wp\/v2\/types\/page"}],"author":[{"embeddable":true,"href":"https:\/\/help.unhcr.org\/burkinafaso\/wp-json\/wp\/v2\/users\/214"}],"replies":[{"embeddable":true,"href":"https:\/\/help.unhcr.org\/burkinafaso\/wp-json\/wp\/v2\/comments?post=135"}],"version-history":[{"count":9,"href":"https:\/\/help.unhcr.org\/burkinafaso\/wp-json\/wp\/v2\/pages\/135\/revisions"}],"predecessor-version":[{"id":488,"href":"https:\/\/help.unhcr.org\/burkinafaso\/wp-json\/wp\/v2\/pages\/135\/revisions\/488"}],"up":[{"embeddable":true,"href":"https:\/\/help.unhcr.org\/burkinafaso\/wp-json\/wp\/v2\/pages\/132"}],"wp:attachment":[{"href":"https:\/\/help.unhcr.org\/burkinafaso\/wp-json\/wp\/v2\/media?parent=135"}],"curies":[{"name":"wp","href":"https:\/\/api.w.org\/{rel}","templated":true}]}}