{"id":119,"date":"2023-06-19T12:02:05","date_gmt":"2023-06-19T12:02:05","guid":{"rendered":"https:\/\/help.unhcr.org\/burkinafaso\/?page_id=119"},"modified":"2026-03-12T12:07:24","modified_gmt":"2026-03-12T12:07:24","slug":"bienvenue","status":"publish","type":"page","link":"https:\/\/help.unhcr.org\/burkinafaso\/","title":{"rendered":"Bienvenue"},"content":{"rendered":"\n<p>Le HCR, l\u2019agence des Nations Unies pour les r\u00e9fugi\u00e9s, a cr\u00e9\u00e9 ce site web pour les r\u00e9fugi\u00e9s, demandeurs d\u2019asile, personnes d\u00e9plac\u00e9es internes et apatrides. La protection des r\u00e9fugi\u00e9s et des populations d\u00e9plac\u00e9es par la guerre, les conflits et les pers\u00e9cutions est la mission principale du HCR, qui cherche des solutions ad\u00e9quates et durables pour ces populations. Vous trouverez sur ce site des informations et des liens utiles.<\/p>\n\n\n\n<p class=\"has-text-align-center has-black-color has-text-color has-background has-medium-font-size\" style=\"background-color:#fdf799\"><strong>\u00ab&nbsp;Tous les services du HCR et de ses partenaires sont GRATUITS&nbsp;\u00bb<\/strong><\/p>\n\n\n\n<h3 class=\"wp-block-heading has-white-color has-text-color has-background has-large-font-size\" style=\"background-color:#0072bc;text-transform:none\">Liens vers les pages:<\/h3>\n\n\n\n<div class=\"wp-block-group\"><div class=\"wp-block-group__inner-container is-layout-constrained wp-block-group-is-layout-constrained\">\n<p class=\"has-background\" style=\"background-color:#abb7c230\">\u27a1\ufe0f<strong> <a href=\"https:\/\/help.unhcr.org\/burkinafaso\/comment-demander-asile\/\">Comment demander l\u2019asile au Burkina Faso&nbsp;?<\/a><br>\u27a1\ufe0f <a href=\"https:\/\/help.unhcr.org\/burkinafaso\/comment-demander-asile\/demande-et-enregistrement\/\">Quelle est la proc\u00e9dure d\u2019asile au Burkina Faso&nbsp;?<\/a><br>\u27a1\ufe0f <a href=\"https:\/\/help.unhcr.org\/burkinafaso\/ou-trouver-de-laide\/\">O\u00f9 trouver de l\u2019aide au Burkina Faso&nbsp;?<\/a><br>\u27a1\ufe0f <a href=\"https:\/\/help.unhcr.org\/burkinafaso\/ou-trouver-de-laide\/nos-partenaires-et-contacts-utiles\/\">O\u00f9 trouver de l\u2019assistance au Burkina Faso&nbsp;?<\/a><br>\u27a1\ufe0f <a href=\"https:\/\/help.unhcr.org\/burkinafaso\/ou-trouver-de-laide\/aide-sociale-et-financiere\/\">O\u00f9 puis-je obtenir une aide sociale ou financi\u00e8re&nbsp;?<\/a><br>\u27a1\ufe0f <a href=\"https:\/\/help.unhcr.org\/burkinafaso\/ou-trouver-de-laide\/reunification-familiale-et-rechercher-des-membres-de-la-famille\/\">Qui peut m\u2019aider \u00e0 retrouver des membres de ma famille perdus&nbsp;?<\/a><br>\u27a1\ufe0f <a href=\"https:\/\/help.unhcr.org\/burkinafaso\/ou-trouver-de-laide\/documentation-et-prevention-du-risque-dapatridie\/\">Qui peut m\u2019aider \u00e0 obtenir un acte de naissance pour mon enfant ou une carte d\u2019identit\u00e9 au Burkina Faso&nbsp;?<\/a><br>\u27a1\ufe0f <a href=\"https:\/\/help.unhcr.org\/burkinafaso\/la-reinstallation-et-alternatives\/reinstallation\/\">Comment faire une demande de r\u00e9installation&nbsp;?<\/a><br>\u27a1\ufe0f <a href=\"https:\/\/help.unhcr.org\/burkinafaso\/ou-trouver-de-laide\/aide-au-retour\/\">Comment retourner dans mon pays d\u2019origine&nbsp;?<\/a><br>\u27a1\ufe0f <a href=\"https:\/\/help.unhcr.org\/burkinafaso\/signaler-une-faute-grave-liee-au-hcr\/\">Qui dois-je contacter pour signaler une faute grave li\u00e9e au HCR&nbsp;?<\/a><\/strong><\/p>\n<\/div><\/div>\n\n\n\n<h2 class=\"wp-block-heading\">Derni\u00e8res actualit\u00e9s<\/h2>\n\n\n\n<p>Vous trouverez ici les derni\u00e8res actualit\u00e9s du HCR au Burkina Faso :<br><\/p>\n\n\n\n<p><\/p>\n\n\n\n<p><\/p>\n","protected":false},"excerpt":{"rendered":"<p>Le HCR, l\u2019agence des Nations Unies pour les r\u00e9fugi\u00e9s, a cr\u00e9\u00e9 ce site web pour les r\u00e9fugi\u00e9s, demandeurs d\u2019asile, personnes d\u00e9plac\u00e9es internes et apatrides. La protection des r\u00e9fugi\u00e9s et des populations d\u00e9plac\u00e9es par la guerre, les conflits et les pers\u00e9cutions est la mission principale du HCR, qui cherche des solutions ad\u00e9quates et durables pour ces [&hellip;]<\/p>\n","protected":false},"author":214,"featured_media":0,"parent":0,"menu_order":0,"comment_status":"closed","ping_status":"closed","template":"","meta":{"_acf_changed":false,"footnotes":""},"class_list":["post-119","page","type-page","status-publish","hentry"],"acf":[],"_links":{"self":[{"href":"https:\/\/help.unhcr.org\/burkinafaso\/wp-json\/wp\/v2\/pages\/119","targetHints":{"allow":["GET"]}}],"collection":[{"href":"https:\/\/help.unhcr.org\/burkinafaso\/wp-json\/wp\/v2\/pages"}],"about":[{"href":"https:\/\/help.unhcr.org\/burkinafaso\/wp-json\/wp\/v2\/types\/page"}],"author":[{"embeddable":true,"href":"https:\/\/help.unhcr.org\/burkinafaso\/wp-json\/wp\/v2\/users\/214"}],"replies":[{"embeddable":true,"href":"https:\/\/help.unhcr.org\/burkinafaso\/wp-json\/wp\/v2\/comments?post=119"}],"version-history":[{"count":22,"href":"https:\/\/help.unhcr.org\/burkinafaso\/wp-json\/wp\/v2\/pages\/119\/revisions"}],"predecessor-version":[{"id":501,"href":"https:\/\/help.unhcr.org\/burkinafaso\/wp-json\/wp\/v2\/pages\/119\/revisions\/501"}],"wp:attachment":[{"href":"https:\/\/help.unhcr.org\/burkinafaso\/wp-json\/wp\/v2\/media?parent=119"}],"curies":[{"name":"wp","href":"https:\/\/api.w.org\/{rel}","templated":true}]}}