{"id":3886,"date":"2018-10-23T17:51:00","date_gmt":"2018-10-23T17:51:00","guid":{"rendered":"http:\/\/help.unhcr.org\/brazil\/?page_id=3886"},"modified":"2026-03-12T20:26:26","modified_gmt":"2026-03-12T20:26:26","slug":"escritorios-do-acnur","status":"publish","type":"page","link":"https:\/\/help.unhcr.org\/brazil\/ar\/onde-encontrar-ajuda\/escritorios-do-acnur\/","title":{"rendered":"\u0645\u0643\u0627\u062a\u0628 \u0627\u0644\u0645\u0641\u0648\u0636\u064a\u0629 \u0627\u0644\u0633\u0627\u0645\u064a\u0629 \u0644\u0644\u0623\u0645\u0645 \u0627\u0644\u0645\u062a\u062d\u062f\u0629 \u0644\u0634\u0624\u0648\u0646 \u0627\u0644\u0644\u0627\u062c\u0626\u064a\u0646"},"content":{"rendered":"\n<p class=\"has-text-align-right\">\u062a\u0648\u0641\u0631 \u0645\u0641\u0648\u0636\u064a\u0629 \u0627\u0644\u0623\u0645\u0645 \u0627\u0644\u0645\u062a\u062d\u062f\u0629 \u0644\u0634\u0624\u0648\u0646 \u0627\u0644\u0644\u0627\u062c\u0626\u064a\u0646 \u0627\u0644\u062f\u0639\u0645 \u0644\u0645\u0644\u0627\u064a\u064a\u0646 \u0627\u0644\u0623\u0634\u062e\u0627\u0635 \u0641\u064a \u062c\u0645\u064a\u0639 \u0623\u0646\u062d\u0627\u0621 \u0627\u0644\u0639\u0627\u0644\u0645 \u0627\u0644\u0630\u064a\u0646 \u0623\u062c\u0628\u0631\u0648\u0627 \u0639\u0644\u0649 \u0645\u063a\u0627\u062f\u0631\u0629 \u0628\u0644\u062f\u0627\u0646\u0647\u0645 \u0644\u0625\u0646\u0642\u0627\u0630 \u062d\u064a\u0627\u062a\u0647\u0645. \u0648\u0641\u064a \u0627\u0644\u0628\u0631\u0627\u0632\u064a\u0644\u060c \u062a\u062f\u0639\u0645 \u0627\u0644\u0645\u0641\u0648\u0636\u064a\u0629 \u0627\u0644\u062d\u0643\u0648\u0645\u0629 \u0648\u0645\u0646\u0638\u0645\u0627\u062a \u0627\u0644\u0645\u062c\u062a\u0645\u0639 \u0627\u0644\u0645\u062f\u0646\u064a \u0644\u062a\u0639\u0632\u064a\u0632 \u062d\u0645\u0627\u064a\u0629 \u0648\u062f\u0645\u062c \u0627\u0644\u0644\u0627\u062c\u0626\u064a\u0646 \u0648\u0637\u0627\u0644\u0628\u064a \u0627\u0644\u0644\u062c\u0648\u0621 \u0648\u0627\u0644\u0623\u0634\u062e\u0627\u0635 \u0639\u062f\u064a\u0645\u064a \u0627\u0644\u062c\u0646\u0633\u064a\u0629. \u0648\u0644\u062f\u0649 \u0627\u0644\u0645\u0641\u0648\u0636\u064a\u0629 \u0641\u064a \u0627\u0644\u0628\u0631\u0627\u0632\u064a\u0644 \u0645\u0643\u0627\u062a\u0628 \u0641\u064a \u0628\u0627\u0643\u0627\u0631\u0627\u064a\u0645\u0627 \u0648\u0628\u0648\u0627 \u0641\u064a\u0633\u062a\u0627 \u0648\u0645\u0627\u0646\u0648\u0633 \u0648\u0628\u064a\u0644\u064a\u0645 \u0648\u0628\u0631\u0627\u0632\u064a\u0644\u064a\u0627 \u0648\u0633\u0627\u0648 \u0628\u0627\u0648\u0644\u0648 \u0648\u0628\u0648\u0631\u062a\u0648 \u0623\u0644\u064a\u063a\u0631\u064a.<\/p>\n\n\n\n<div id=\"contact-card-dd76c3fe-c81b-495f-9bde-bd97e3dfe584\" class=\"wp-block-help-unhcr-contact-card contact-card -card\"><div class=\"contact-card__container\"><div class=\"contact-card__head px-16 py-12 text-left\"><h4 class=\"contact-card__head-title mb-0\">\u0628\u0627\u0643\u0627\u0631\u064a\u0645\u0627<\/h4><\/div><div class=\"contact-card__body\">\n<div class=\"wp-block-help-unhcr-contact-card-inner contact-card-inner contact-card-inner__item py-12 px-16 contact-card-inner__item--1 d-flex gap-8 align-items-start has-bottom-border\" id=\"qa-ddb55b64-03d2-4513-b662-716155008717\"><div class=\"contact-card__icon\"><i class=\"contact-card-icon bi bi-geo-alt\"><\/i><\/div><div class=\"contact-card__information\">\n<p><strong><strong>\u0627\u0644\u0639\u0646\u0648\u0627\u0646:<\/strong><\/strong> Posto de Interioriza\u00e7\u00e3o e Triagem (PITRIG)&nbsp; Pacaraima \u2013 Opera\u00e7\u00e3o Acolhida.&nbsp;BR174, s\/n. Pacaraima<\/p>\n<\/div><\/div>\n\n\n\n<div class=\"wp-block-help-unhcr-contact-card-inner contact-card-inner contact-card-inner__item py-12 px-16 contact-card-inner__item--2 d-flex gap-8 align-items-start has-bottom-border\" id=\"qa-cf9bf849-add9-4ad6-a4c8-fc02dcbb692e\"><div class=\"contact-card__icon\"><i class=\"contact-card-icon bi bi-envelope email\"><\/i><\/div><div class=\"contact-card__information\">\n<p><strong><strong>\u0627\u0644\u0628\u0631\u064a\u062f \u0627\u0644\u0643\u062a\u0631\u0648\u0646\u064a:<\/strong> <\/strong><a href=\"mailto:brabrhelp@unhcr.org\">brabrhelp@unhcr.org<\/a><\/p>\n<\/div><\/div>\n\n\n\n<div class=\"wp-block-help-unhcr-contact-card-inner contact-card-inner contact-card-inner__item py-12 px-16 contact-card-inner__item--1 d-flex gap-8 align-items-start has-bottom-border\" id=\"qa-b7e4483b-c283-4d5c-9670-5adf2c6c305e\"><div class=\"contact-card__icon\"><i class=\"contact-card-icon bi bi-whatsapp\"><\/i><\/div><div class=\"contact-card__information\">\n<p><strong>\u0648\u0627\u062a\u0633\u0627\u0628:<\/strong> <a href=\"https:\/\/help.unhcr.org\/brazil\/informativos-para\/populacao-venezuelana\/converse-conosco\/\">Chama Chatbot<\/a><\/p>\n<\/div><\/div>\n<\/div><\/div><\/div>\n\n\n\n<div id=\"contact-card-dd76c3fe-c81b-495f-9bde-bd97e3dfe584\" class=\"wp-block-help-unhcr-contact-card contact-card -card\"><div class=\"contact-card__container\"><div class=\"contact-card__head px-16 py-12 text-left\"><h4 class=\"contact-card__head-title mb-0\">\u0628\u0648\u0627 \u0641\u064a\u0633\u062a\u0627<\/h4><\/div><div class=\"contact-card__body\">\n<div class=\"wp-block-help-unhcr-contact-card-inner contact-card-inner contact-card-inner__item py-12 px-16 contact-card-inner__item--1 d-flex gap-8 align-items-start has-bottom-border\" id=\"qa-ddb55b64-03d2-4513-b662-716155008717\"><div class=\"contact-card__icon\"><i class=\"contact-card-icon bi bi-geo-alt\"><\/i><\/div><div class=\"contact-card__information\">\n<p><strong><strong>\u0627\u0644\u0639\u0646\u0648\u0627\u0646:<\/strong> <\/strong><a href=\"https:\/\/maps.app.goo.gl\/Vj1h4JPj1hByce5t7\">Posto de Interioriza\u00e7\u00e3o e Triagem (PITRIG). Av. Brasil, 551 &#8211; Pricum\u00e3 Boa Vista &#8211; RR, 69308-050<\/a><\/p>\n<\/div><\/div>\n\n\n\n<div class=\"wp-block-help-unhcr-contact-card-inner contact-card-inner contact-card-inner__item py-12 px-16 contact-card-inner__item--2 d-flex gap-8 align-items-start has-bottom-border\" id=\"qa-cf9bf849-add9-4ad6-a4c8-fc02dcbb692e\"><div class=\"contact-card__icon\"><i class=\"contact-card-icon bi bi-envelope email\"><\/i><\/div><div class=\"contact-card__information\">\n<p><strong><strong>\u0627\u0644\u0628\u0631\u064a\u062f \u0627\u0644\u0643\u062a\u0631\u0648\u0646\u064a:<\/strong> <\/strong><a href=\"mailto:brabrhelp@unhcr.org\">brabrhelp@unhcr.org<\/a><\/p>\n<\/div><\/div>\n\n\n\n<div class=\"wp-block-help-unhcr-contact-card-inner contact-card-inner contact-card-inner__item py-12 px-16 contact-card-inner__item--3 d-flex gap-8 align-items-start has-bottom-border\" id=\"qa-03249409-21b4-4eda-acf9-dfcf6c33bb3a\"><div class=\"contact-card__icon\"><i class=\"contact-card-icon bi bi-telephone\"><\/i><\/div><div class=\"contact-card__information\">\n<p><strong><strong>\u0627\u0644\u0647\u0627\u062a\u0641:<\/strong> <\/strong> <a href=\"tel:+5595991127076\">+55 (95) 99112-7076<\/a><\/p>\n<\/div><\/div>\n\n\n\n<div class=\"wp-block-help-unhcr-contact-card-inner contact-card-inner contact-card-inner__item py-12 px-16 contact-card-inner__item--1 d-flex gap-8 align-items-start has-bottom-border\" id=\"qa-c932b9f4-7908-4680-abd3-c3af0a9ebb9d\"><div class=\"contact-card__icon\"><i class=\"contact-card-icon bi bi-whatsapp\"><\/i><\/div><div class=\"contact-card__information\">\n<p><strong>\u0648\u0627\u062a\u0633\u0627\u0628:<\/strong> <a href=\"https:\/\/help.unhcr.org\/brazil\/informativos-para\/populacao-venezuelana\/converse-conosco\/\">Chama Chatbot<\/a><\/p>\n<\/div><\/div>\n<\/div><\/div><\/div>\n\n\n\n<div id=\"contact-card-dd76c3fe-c81b-495f-9bde-bd97e3dfe584\" class=\"wp-block-help-unhcr-contact-card contact-card -card\"><div class=\"contact-card__container\"><div class=\"contact-card__head px-16 py-12 text-left\"><h4 class=\"contact-card__head-title mb-0\">\u0645\u0627\u0646\u0627\u0648\u0633<\/h4><\/div><div class=\"contact-card__body\">\n<div class=\"wp-block-help-unhcr-contact-card-inner contact-card-inner contact-card-inner__item py-12 px-16 contact-card-inner__item--1 d-flex gap-8 align-items-start has-bottom-border\" id=\"qa-ddb55b64-03d2-4513-b662-716155008717\"><div class=\"contact-card__icon\"><i class=\"contact-card-icon bi bi-geo-alt\"><\/i><\/div><div class=\"contact-card__information\">\n<p><strong><strong>\u0627\u0644\u0639\u0646\u0648\u0627\u0646:<\/strong> <\/strong><a href=\"https:\/\/maps.app.goo.gl\/Vj1h4JPj1hByce5t7\"><\/a>\u0644\u0627 \u062a\u0648\u062c\u062f \u062e\u062f\u0645\u0629 \u0648\u062c\u0647\u0627 \u0644\u0648\u062c\u0647<\/p>\n<\/div><\/div>\n\n\n\n<div class=\"wp-block-help-unhcr-contact-card-inner contact-card-inner contact-card-inner__item py-12 px-16 contact-card-inner__item--2 d-flex gap-8 align-items-start has-bottom-border\" id=\"qa-cf9bf849-add9-4ad6-a4c8-fc02dcbb692e\"><div class=\"contact-card__icon\"><i class=\"contact-card-icon bi bi-envelope email\"><\/i><\/div><div class=\"contact-card__information\">\n<p><strong><strong>\u0627\u0644\u0628\u0631\u064a\u062f \u0627\u0644\u0643\u062a\u0631\u0648\u0646\u064a:<\/strong> <\/strong><a href=\"mailto:brabrhelp@unhcr.org\">brabrhelp@unhcr.org<\/a><\/p>\n<\/div><\/div>\n\n\n\n<div class=\"wp-block-help-unhcr-contact-card-inner contact-card-inner contact-card-inner__item py-12 px-16 contact-card-inner__item--3 d-flex gap-8 align-items-start has-bottom-border\" id=\"qa-03249409-21b4-4eda-acf9-dfcf6c33bb3a\"><div class=\"contact-card__icon\"><i class=\"contact-card-icon bi bi-telephone\"><\/i><\/div><div class=\"contact-card__information\">\n<p><strong><strong>\u0627\u0644\u0647\u0627\u062a\u0641:<\/strong> <\/strong><a href=\"tel:+559294657365\">+55 (92) 9465-7365<\/a><\/p>\n<\/div><\/div>\n<\/div><\/div><\/div>\n\n\n\n<div id=\"contact-card-dd76c3fe-c81b-495f-9bde-bd97e3dfe584\" class=\"wp-block-help-unhcr-contact-card contact-card -card\"><div class=\"contact-card__container\"><div class=\"contact-card__head px-16 py-12 text-left\"><h4 class=\"contact-card__head-title mb-0\">\u0628\u064a\u0644\u064a\u0645<\/h4><\/div><div class=\"contact-card__body\">\n<div class=\"wp-block-help-unhcr-contact-card-inner contact-card-inner contact-card-inner__item py-12 px-16 contact-card-inner__item--1 d-flex gap-8 align-items-start has-bottom-border\" id=\"qa-ddb55b64-03d2-4513-b662-716155008717\"><div class=\"contact-card__icon\"><i class=\"contact-card-icon bi bi-geo-alt\"><\/i><\/div><div class=\"contact-card__information\">\n<p><strong><strong>\u0627\u0644\u0639\u0646\u0648\u0627\u0646:<\/strong><\/strong> \u0644\u0627 \u062a\u0648\u062c\u062f \u062e\u062f\u0645\u0629 \u0648\u062c\u0647\u0627 \u0644\u0648\u062c\u0647<\/p>\n<\/div><\/div>\n\n\n\n<div class=\"wp-block-help-unhcr-contact-card-inner contact-card-inner contact-card-inner__item py-12 px-16 contact-card-inner__item--2 d-flex gap-8 align-items-start has-bottom-border\" id=\"qa-cf9bf849-add9-4ad6-a4c8-fc02dcbb692e\"><div class=\"contact-card__icon\"><i class=\"contact-card-icon bi bi-envelope email\"><\/i><\/div><div class=\"contact-card__information\">\n<p><strong><strong>\u0627\u0644\u0628\u0631\u064a\u062f \u0627\u0644\u0643\u062a\u0631\u0648\u0646\u064a:<\/strong> <\/strong><a href=\"mailto:brabrhelp@unhcr.org\">brabrhelp@unhcr.org<\/a><\/p>\n<\/div><\/div>\n<\/div><\/div><\/div>\n\n\n\n<div id=\"contact-card-dd76c3fe-c81b-495f-9bde-bd97e3dfe584\" class=\"wp-block-help-unhcr-contact-card contact-card -card\"><div class=\"contact-card__container\"><div class=\"contact-card__head px-16 py-12 text-left\"><h4 class=\"contact-card__head-title mb-0\">\u0628\u0631\u0627\u0632\u064a\u0644\u064a\u0627<\/h4><\/div><div class=\"contact-card__body\">\n<div class=\"wp-block-help-unhcr-contact-card-inner contact-card-inner contact-card-inner__item py-12 px-16 contact-card-inner__item--1 d-flex gap-8 align-items-start has-bottom-border\" id=\"qa-ddb55b64-03d2-4513-b662-716155008717\"><div class=\"contact-card__icon\"><i class=\"contact-card-icon bi bi-geo-alt\"><\/i><\/div><div class=\"contact-card__information\">\n<p><strong><strong>\u0627\u0644\u0639\u0646\u0648\u0627\u0646:<\/strong><\/strong> SCN Quadra 05, Bloco A &#8211; Asa Norte, Brasilia &#8211; DF, 70715-900.<\/p>\n<\/div><\/div>\n\n\n\n<div class=\"wp-block-help-unhcr-contact-card-inner contact-card-inner contact-card-inner__item py-12 px-16 contact-card-inner__item--2 d-flex gap-8 align-items-start has-bottom-border\" id=\"qa-cf9bf849-add9-4ad6-a4c8-fc02dcbb692e\"><div class=\"contact-card__icon\"><i class=\"contact-card-icon bi bi-envelope email\"><\/i><\/div><div class=\"contact-card__information\">\n<p><strong><strong>\u0627\u0644\u0628\u0631\u064a\u062f \u0627\u0644\u0643\u062a\u0631\u0648\u0646\u064a:<\/strong> <\/strong><a href=\"mailto:brabrhelp@unhcr.org\">brabrhelp@unhcr.org<\/a><\/p>\n<\/div><\/div>\n\n\n\n<div class=\"wp-block-help-unhcr-contact-card-inner contact-card-inner contact-card-inner__item py-12 px-16 contact-card-inner__item--3 d-flex gap-8 align-items-start has-bottom-border\" id=\"qa-03249409-21b4-4eda-acf9-dfcf6c33bb3a\"><div class=\"contact-card__icon\"><i class=\"contact-card-icon bi bi-telephone\"><\/i><\/div><div class=\"contact-card__information\">\n<p><strong><strong>\u0627\u0644\u0647\u0627\u062a\u0641:<\/strong> <\/strong> <a href=\"tel:+5561996804413\">+55 (61) 99680-4413<\/a><\/p>\n<\/div><\/div>\n<\/div><\/div><\/div>\n\n\n\n<div id=\"contact-card-dd76c3fe-c81b-495f-9bde-bd97e3dfe584\" class=\"wp-block-help-unhcr-contact-card contact-card -card\"><div class=\"contact-card__container\"><div class=\"contact-card__head px-16 py-12 text-left\"><h4 class=\"contact-card__head-title mb-0\">\u0633\u0627\u0648 \u0628\u0627\u0648\u0644\u0648<\/h4><\/div><div class=\"contact-card__body\">\n<div class=\"wp-block-help-unhcr-contact-card-inner contact-card-inner contact-card-inner__item py-12 px-16 contact-card-inner__item--1 d-flex gap-8 align-items-start has-bottom-border\" id=\"qa-ddb55b64-03d2-4513-b662-716155008717\"><div class=\"contact-card__icon\"><i class=\"contact-card-icon bi bi-geo-alt\"><\/i><\/div><div class=\"contact-card__information\">\n<p><strong><strong>\u0627\u0644\u0639\u0646\u0648\u0627\u0646:<\/strong><\/strong> \u0644\u0627 \u062a\u0648\u062c\u062f \u062e\u062f\u0645\u0629 \u0648\u062c\u0647\u0627 \u0644\u0648\u062c\u0647<\/p>\n<\/div><\/div>\n\n\n\n<div class=\"wp-block-help-unhcr-contact-card-inner contact-card-inner contact-card-inner__item py-12 px-16 contact-card-inner__item--2 d-flex gap-8 align-items-start has-bottom-border\" id=\"qa-cf9bf849-add9-4ad6-a4c8-fc02dcbb692e\"><div class=\"contact-card__icon\"><i class=\"contact-card-icon bi bi-envelope email\"><\/i><\/div><div class=\"contact-card__information\">\n<p><strong><strong>\u0627\u0644\u0628\u0631\u064a\u062f \u0627\u0644\u0643\u062a\u0631\u0648\u0646\u064a:<\/strong> <\/strong><a href=\"mailto:brabrhelp@unhcr.org\">brabrhelp@unhcr.org<\/a><\/p>\n<\/div><\/div>\n\n\n\n<div class=\"wp-block-help-unhcr-contact-card-inner contact-card-inner contact-card-inner__item py-12 px-16 contact-card-inner__item--3 d-flex gap-8 align-items-start has-bottom-border\" id=\"qa-03249409-21b4-4eda-acf9-dfcf6c33bb3a\"><div class=\"contact-card__icon\"><i class=\"contact-card-icon bi bi-telephone\"><\/i><\/div><div class=\"contact-card__information\">\n<p><strong><strong>\u0627\u0644\u0647\u0627\u062a\u0641:<\/strong> <\/strong><a href=\"tel:+5511976394070\">+55 (11) 97639-4070<\/a><\/p>\n<\/div><\/div>\n<\/div><\/div><\/div>\n\n\n\n<div id=\"contact-card-dd76c3fe-c81b-495f-9bde-bd97e3dfe584\" class=\"wp-block-help-unhcr-contact-card contact-card -card\"><div class=\"contact-card__container\"><div class=\"contact-card__head px-16 py-12 text-left\"><h4 class=\"contact-card__head-title mb-0\">\u0628\u0648\u0631\u062a\u0648 \u0623\u0644\u064a\u063a\u0631\u064a<\/h4><\/div><div class=\"contact-card__body\">\n<div class=\"wp-block-help-unhcr-contact-card-inner contact-card-inner contact-card-inner__item py-12 px-16 contact-card-inner__item--1 d-flex gap-8 align-items-start has-bottom-border\" id=\"qa-ddb55b64-03d2-4513-b662-716155008717\"><div class=\"contact-card__icon\"><i class=\"contact-card-icon bi bi-geo-alt\"><\/i><\/div><div class=\"contact-card__information\">\n<p><strong><strong>\u0627\u0644\u0639\u0646\u0648\u0627\u0646:<\/strong><\/strong> \u0644\u0627 \u062a\u0648\u062c\u062f \u062e\u062f\u0645\u0629 \u0648\u062c\u0647\u0627 \u0644\u0648\u062c\u0647<\/p>\n<\/div><\/div>\n\n\n\n<div class=\"wp-block-help-unhcr-contact-card-inner contact-card-inner contact-card-inner__item py-12 px-16 contact-card-inner__item--2 d-flex gap-8 align-items-start has-bottom-border\" id=\"qa-cf9bf849-add9-4ad6-a4c8-fc02dcbb692e\"><div class=\"contact-card__icon\"><i class=\"contact-card-icon bi bi-envelope email\"><\/i><\/div><div class=\"contact-card__information\">\n<p><strong><strong>\u0627\u0644\u0628\u0631\u064a\u062f \u0627\u0644\u0643\u062a\u0631\u0648\u0646\u064a:<\/strong> <\/strong><a href=\"mailto:brabrhelp@unhcr.org\">brabrhelp@unhcr.org<\/a><\/p>\n<\/div><\/div>\n\n\n\n<div class=\"wp-block-help-unhcr-contact-card-inner contact-card-inner contact-card-inner__item py-12 px-16 contact-card-inner__item--3 d-flex gap-8 align-items-start has-bottom-border\" id=\"qa-03249409-21b4-4eda-acf9-dfcf6c33bb3a\"><div class=\"contact-card__icon\"><i class=\"contact-card-icon bi bi-telephone\"><\/i><\/div><div class=\"contact-card__information\">\n<p><strong><strong>\u0627\u0644\u0647\u0627\u062a\u0641:<\/strong> <\/strong> <a href=\"tel:+556198633605\">+55 (61) 9863-3605<\/a><\/p>\n<\/div><\/div>\n<\/div><\/div><\/div>\n\n\n\n<p><\/p>\n","protected":false},"excerpt":{"rendered":"<p>\u062a\u0648\u0641\u0631 \u0645\u0641\u0648\u0636\u064a\u0629 \u0627\u0644\u0623\u0645\u0645 \u0627\u0644\u0645\u062a\u062d\u062f\u0629 \u0644\u0634\u0624\u0648\u0646 \u0627\u0644\u0644\u0627\u062c\u0626\u064a\u0646 \u0627\u0644\u062f\u0639\u0645 \u0644\u0645\u0644\u0627\u064a\u064a\u0646 \u0627\u0644\u0623\u0634\u062e\u0627\u0635 \u0641\u064a \u062c\u0645\u064a\u0639 \u0623\u0646\u062d\u0627\u0621 \u0627\u0644\u0639\u0627\u0644\u0645 \u0627\u0644\u0630\u064a\u0646 \u0623\u062c\u0628\u0631\u0648\u0627 \u0639\u0644\u0649 \u0645\u063a\u0627\u062f\u0631\u0629 \u0628\u0644\u062f\u0627\u0646\u0647\u0645 \u0644\u0625\u0646\u0642\u0627\u0630 \u062d\u064a\u0627\u062a\u0647\u0645. \u0648\u0641\u064a \u0627\u0644\u0628\u0631\u0627\u0632\u064a\u0644\u060c \u062a\u062f\u0639\u0645 \u0627\u0644\u0645\u0641\u0648\u0636\u064a\u0629 \u0627\u0644\u062d\u0643\u0648\u0645\u0629 \u0648\u0645\u0646\u0638\u0645\u0627\u062a \u0627\u0644\u0645\u062c\u062a\u0645\u0639 \u0627\u0644\u0645\u062f\u0646\u064a \u0644\u062a\u0639\u0632\u064a\u0632 \u062d\u0645\u0627\u064a\u0629 \u0648\u062f\u0645\u062c \u0627\u0644\u0644\u0627\u062c\u0626\u064a\u0646 \u0648\u0637\u0627\u0644\u0628\u064a \u0627\u0644\u0644\u062c\u0648\u0621 \u0648\u0627\u0644\u0623\u0634\u062e\u0627\u0635 \u0639\u062f\u064a\u0645\u064a \u0627\u0644\u062c\u0646\u0633\u064a\u0629. \u0648\u0644\u062f\u0649 \u0627\u0644\u0645\u0641\u0648\u0636\u064a\u0629 \u0641\u064a \u0627\u0644\u0628\u0631\u0627\u0632\u064a\u0644 \u0645\u0643\u0627\u062a\u0628 \u0641\u064a \u0628\u0627\u0643\u0627\u0631\u0627\u064a\u0645\u0627 \u0648\u0628\u0648\u0627 \u0641\u064a\u0633\u062a\u0627 \u0648\u0645\u0627\u0646\u0648\u0633 \u0648\u0628\u064a\u0644\u064a\u0645 \u0648\u0628\u0631\u0627\u0632\u064a\u0644\u064a\u0627 \u0648\u0633\u0627\u0648 \u0628\u0627\u0648\u0644\u0648 \u0648\u0628\u0648\u0631\u062a\u0648 \u0623\u0644\u064a\u063a\u0631\u064a.<\/p>\n","protected":false},"author":1,"featured_media":0,"parent":3755,"menu_order":10,"comment_status":"closed","ping_status":"closed","template":"","meta":{"_acf_changed":false,"footnotes":""},"topics":[],"audiences":[],"class_list":["post-3886","page","type-page","status-publish","hentry"],"acf":[],"_links":{"self":[{"href":"https:\/\/help.unhcr.org\/brazil\/wp-json\/wp\/v2\/pages\/3886","targetHints":{"allow":["GET"]}}],"collection":[{"href":"https:\/\/help.unhcr.org\/brazil\/wp-json\/wp\/v2\/pages"}],"about":[{"href":"https:\/\/help.unhcr.org\/brazil\/wp-json\/wp\/v2\/types\/page"}],"author":[{"embeddable":true,"href":"https:\/\/help.unhcr.org\/brazil\/wp-json\/wp\/v2\/users\/1"}],"replies":[{"embeddable":true,"href":"https:\/\/help.unhcr.org\/brazil\/wp-json\/wp\/v2\/comments?post=3886"}],"version-history":[{"count":64,"href":"https:\/\/help.unhcr.org\/brazil\/wp-json\/wp\/v2\/pages\/3886\/revisions"}],"predecessor-version":[{"id":36853,"href":"https:\/\/help.unhcr.org\/brazil\/wp-json\/wp\/v2\/pages\/3886\/revisions\/36853"}],"up":[{"embeddable":true,"href":"https:\/\/help.unhcr.org\/brazil\/wp-json\/wp\/v2\/pages\/3755"}],"wp:attachment":[{"href":"https:\/\/help.unhcr.org\/brazil\/wp-json\/wp\/v2\/media?parent=3886"}],"wp:term":[{"taxonomy":"topics","embeddable":true,"href":"https:\/\/help.unhcr.org\/brazil\/wp-json\/wp\/v2\/topics?post=3886"},{"taxonomy":"audiences","embeddable":true,"href":"https:\/\/help.unhcr.org\/brazil\/wp-json\/wp\/v2\/audiences?post=3886"}],"curies":[{"name":"wp","href":"https:\/\/api.w.org\/{rel}","templated":true}]}}