{"id":869,"date":"2024-08-05T16:16:08","date_gmt":"2024-08-05T16:16:08","guid":{"rendered":"https:\/\/help.unhcr.org\/bolivia\/?page_id=869"},"modified":"2025-07-03T14:26:19","modified_gmt":"2025-07-03T14:26:19","slug":"recomendaciones-para-tu-viaje-a-traves-de-bolivia","status":"publish","type":"page","link":"https:\/\/help.unhcr.org\/bolivia\/recomendaciones-para-tu-viaje-a-traves-de-bolivia\/","title":{"rendered":"Viajar a trav\u00e9s de Bolivia"},"content":{"rendered":"\n<p class=\"has-text-align-left has-white-background-color has-background\">El Estado Plurinacional de Bolivia, es un pa\u00eds sin salida al mar en el centro de Am\u00e9rica del Sur donde viven alrededor de 12 millones de personas, que hablan mayoritariamente espa\u00f1ol. Se compone de nueve departamentos, gobernados desde un solo gobierno central, y su moneda es el boliviano. Debido a su clima y geograf\u00eda, el pa\u00eds se divide en tres regiones: la regi\u00f3n andina (departamentos de La Paz, Oruro y Potos\u00ed); la regi\u00f3n amaz\u00f3nica (Pando, Beni y Santa Cruz); y los valles (Cochabamba, Chuquisaca y Tarija). Para conocer m\u00e1s a detalle aspectos del clima, el territorio y los l\u00edmites fronterizos, <a href=\"https:\/\/www.ine.gob.bo\/index.php\/bolivia\/aspectos-geograficos\/\">puedes visitar el sitio sobre aspectos geogr\u00e1ficos.<\/a> <\/p>\n\n\n\n<hr class=\"wp-block-separator has-alpha-channel-opacity\" \/>\n\n\n\n<p class=\"has-text-align-left has-white-background-color has-background\"><\/p>\n","protected":false},"excerpt":{"rendered":"<p>El Estado Plurinacional de Bolivia, es un pa\u00eds sin salida al mar en el centro de Am\u00e9rica del Sur donde viven alrededor de 12 millones de personas, que hablan mayoritariamente espa\u00f1ol. Se compone de nueve departamentos, gobernados desde un solo gobierno central, y su moneda es el boliviano. Debido a su clima y geograf\u00eda, el [&hellip;]<\/p>\n","protected":false},"author":331,"featured_media":0,"parent":0,"menu_order":2,"comment_status":"closed","ping_status":"closed","template":"page-templates\/sectioned.php","meta":{"_acf_changed":false,"footnotes":""},"class_list":["post-869","page","type-page","status-publish","hentry"],"acf":[],"_links":{"self":[{"href":"https:\/\/help.unhcr.org\/bolivia\/wp-json\/wp\/v2\/pages\/869","targetHints":{"allow":["GET"]}}],"collection":[{"href":"https:\/\/help.unhcr.org\/bolivia\/wp-json\/wp\/v2\/pages"}],"about":[{"href":"https:\/\/help.unhcr.org\/bolivia\/wp-json\/wp\/v2\/types\/page"}],"author":[{"embeddable":true,"href":"https:\/\/help.unhcr.org\/bolivia\/wp-json\/wp\/v2\/users\/331"}],"replies":[{"embeddable":true,"href":"https:\/\/help.unhcr.org\/bolivia\/wp-json\/wp\/v2\/comments?post=869"}],"version-history":[{"count":43,"href":"https:\/\/help.unhcr.org\/bolivia\/wp-json\/wp\/v2\/pages\/869\/revisions"}],"predecessor-version":[{"id":1141,"href":"https:\/\/help.unhcr.org\/bolivia\/wp-json\/wp\/v2\/pages\/869\/revisions\/1141"}],"wp:attachment":[{"href":"https:\/\/help.unhcr.org\/bolivia\/wp-json\/wp\/v2\/media?parent=869"}],"curies":[{"name":"wp","href":"https:\/\/api.w.org\/{rel}","templated":true}]}}