{"id":569,"date":"2021-10-01T14:47:28","date_gmt":"2021-10-01T14:47:28","guid":{"rendered":"https:\/\/help.unhcr.org\/bolivia\/?page_id=569"},"modified":"2024-08-05T14:58:49","modified_gmt":"2024-08-05T14:58:49","slug":"reunificaciones-familiares","status":"publish","type":"page","link":"https:\/\/help.unhcr.org\/bolivia\/reunificaciones-familiares\/","title":{"rendered":"Reunificaciones familiares"},"content":{"rendered":"\n<p>La reunificaci\u00f3n familiar en el pa\u00eds de asilo es un derecho de las personas refugiadas y, representa un mecanismo para garantizar el <strong>derecho a la vida familiar y la unidad familiar<\/strong> de las personas refugiadas.<\/p>\n\n\n\n<p>El ACNUR promueve la reunificaci\u00f3n familiar para proteger y preservar esta unidad fundamental de la sociedad, para restaurar la dignidad b\u00e1sica a la vida de un refugiado y especialmente para brindar protecci\u00f3n a los ni\u00f1os bajo la tutela de sus padres u otros adultos relacionados.<\/p>\n\n\n\n<p>La legislaci\u00f3n boliviana reconoce la reunificaci\u00f3n familiar como un derecho del refugiado. Es por ello que en Bolivia las personas que poseen el estatuto de refugiadas pueden solicitar reunirse con los miembros de su familia que se encuentren en el exterior.<\/p>\n\n\n\n<p>Tenga en cuenta que se puede solicitar la reunificaci\u00f3n familiar respecto al c\u00f3nyuge o conviviente, ascendientes, descendientes, y a las hermanas y hermanos que dependan econ\u00f3micamente de la persona refugiada, as\u00ed como a las ni\u00f1as, ni\u00f1os, adolescentes y adultos que se encuentren bajo su tutela.<\/p>\n\n\n\n<p>Para m\u00e1s informaci\u00f3n sobre el procedimiento, puede dirigirse a la CONARE:<\/p>\n\n\n\n<p><strong>CONARE (Ministerio de Relaciones Exteriores)<\/strong><br><strong>Direcci\u00f3n: <\/strong>Calle Jun\u00edn esq. Ingavi Piso 3\u00b0, Plaza Murillo, La Paz, Bolivia<br><strong>Correo electr\u00f3nico<\/strong>:\u00a0<a href=\"mailto:conare@rree.gob.bo\" target=\"_blank\" rel=\"noreferrer noopener\">conare@rree.gob.bo<\/a><br><strong>Celular: <\/strong>+591 71528943<br><strong>Tel\u00e9fonos: <\/strong>+591 2 2408900 \/\/ +591 2 2409114 \/\/ +591 2 2408595<\/p>\n\n\n\n<p><strong>Si requiere apoyo adicional para una reunificaci\u00f3n familiar, puede contactarse con ACNUR:<\/strong><\/p>\n\n\n\n<p><strong>ACNUR en Bolivia: <\/strong><a href=\"https:\/\/help.unhcr.org\/bolivia\/contacto\/\" target=\"_blank\" rel=\"noreferrer noopener\"><strong>A trav\u00e9s del formulario disponible aqu\u00ed.<\/strong><\/a><strong><\/strong><\/p>\n","protected":false},"excerpt":{"rendered":"<p>La reunificaci\u00f3n familiar en el pa\u00eds de asilo es un derecho de las personas refugiadas y, representa un mecanismo para garantizar el derecho a la vida familiar y la unidad familiar de las personas refugiadas. El ACNUR promueve la reunificaci\u00f3n familiar para proteger y preservar esta unidad fundamental de la sociedad, para restaurar la dignidad [&hellip;]<\/p>\n","protected":false},"author":122,"featured_media":0,"parent":0,"menu_order":6,"comment_status":"closed","ping_status":"closed","template":"","meta":{"_acf_changed":false,"footnotes":""},"class_list":["post-569","page","type-page","status-publish","hentry"],"acf":[],"_links":{"self":[{"href":"https:\/\/help.unhcr.org\/bolivia\/wp-json\/wp\/v2\/pages\/569","targetHints":{"allow":["GET"]}}],"collection":[{"href":"https:\/\/help.unhcr.org\/bolivia\/wp-json\/wp\/v2\/pages"}],"about":[{"href":"https:\/\/help.unhcr.org\/bolivia\/wp-json\/wp\/v2\/types\/page"}],"author":[{"embeddable":true,"href":"https:\/\/help.unhcr.org\/bolivia\/wp-json\/wp\/v2\/users\/122"}],"replies":[{"embeddable":true,"href":"https:\/\/help.unhcr.org\/bolivia\/wp-json\/wp\/v2\/comments?post=569"}],"version-history":[{"count":14,"href":"https:\/\/help.unhcr.org\/bolivia\/wp-json\/wp\/v2\/pages\/569\/revisions"}],"predecessor-version":[{"id":833,"href":"https:\/\/help.unhcr.org\/bolivia\/wp-json\/wp\/v2\/pages\/569\/revisions\/833"}],"wp:attachment":[{"href":"https:\/\/help.unhcr.org\/bolivia\/wp-json\/wp\/v2\/media?parent=569"}],"curies":[{"name":"wp","href":"https:\/\/api.w.org\/{rel}","templated":true}]}}