{"id":558,"date":"2021-10-01T14:15:55","date_gmt":"2021-10-01T14:15:55","guid":{"rendered":"https:\/\/help.unhcr.org\/bolivia\/?page_id=558"},"modified":"2024-08-05T16:34:52","modified_gmt":"2024-08-05T16:34:52","slug":"como-solicitar-la-condicion-de-apatrida-en-bolivia","status":"publish","type":"page","link":"https:\/\/help.unhcr.org\/bolivia\/como-solicitar-la-condicion-de-apatrida-en-bolivia\/","title":{"rendered":"\u00bfC\u00f3mo solicitar la condici\u00f3n de ap\u00e1trida en Bolivia?"},"content":{"rendered":"\n<p><strong><mark>\u00bfQu\u00e9 es la apatridia?<\/mark><\/strong><\/p>\n\n\n\n<p>Una persona ap\u00e1trida no tiene la nacionalidad de ning\u00fan pa\u00eds. Algunas personas nacen en esa condici\u00f3n, pero otras pueden convertirse en ap\u00e1tridas. La apatridia puede ocurrir por varias razones, incluida el no registro de nacimientos, la discriminaci\u00f3n contra determinados grupos \u00e9tnicos o religiosos, o por motivos de g\u00e9nero; la aparici\u00f3n de nuevos Estados y las transferencias de territorio entre los Estados existentes; y vac\u00edos en las leyes de nacionalidad. Cualquiera que sea la causa, la apatridia tiene graves consecuencias para el acceso a derechos y servicios de las personas. <strong>Para mayor informaci\u00f3n consultar <a href=\"https:\/\/www.acnur.org\/acabar-con-la-apatridia#:~:text=En%20resumen%2C%20esto%20significa%20que,persona%20se%20convierte%20en%20ap%C3%A1trida.\">aqu\u00ed.<\/a><\/strong><\/p>\n\n\n\n<p><strong>En Bolivia, no se cuenta con una normativa espec\u00edfica de la condici\u00f3n de ap\u00e1trida, no obstante el reconocimiento y protecci\u00f3n de las personas refugiadas, se encuentran contemplados en la\u00a0<\/strong><a href=\"https:\/\/www.acnur.org\/fileadmin\/Documentos\/Publicaciones\/2012\/8913.pdf\"><strong>Ley N\u00b0\u00a0251 de 2012<\/strong>.<\/a> El Decreto Supremo Nro. 1.440 del a\u00f1o 2012, que reglamenta la Ley Nro. 251 de Protecci\u00f3n a Personas Refugiadas, estableci\u00f3 una disposici\u00f3n transitoria la cual establece que cualquier solicitud de ap\u00e1tridas, con car\u00e1cter transitorio, ser\u00e1 tramitado conforme al procedimiento previsto en la Ley N. 251 y su reglamento, en lo pertinente y correspondiente a cada caso.<\/p>\n\n\n\n<p><strong><mark>Solicitar la condici\u00f3n de ap\u00e1trida en Bolivia<\/mark><\/strong><\/p>\n\n\n\n<p>El \u00f3rgano competente para la determinaci\u00f3n de la condici\u00f3n de apatridia es la <a href=\"https:\/\/cancilleria.gob.bo\/mre\/conare\/\">CONARE (Comisi\u00f3n Nacional para los Refugiados).<\/a> Deber\u00e1s contactarte con este organismo para consultas o presentaciones relacionadas con este tipo de solicitudes.<\/p>\n\n\n\n<p><strong>Para mayor informaci\u00f3n, tambi\u00e9n puedes consultar en:<\/strong><strong><\/strong><\/p>\n\n\n\n<p><strong>ACNUR en Bolivia: <\/strong><a href=\"https:\/\/help.unhcr.org\/bolivia\/contacto\/\" target=\"_blank\" rel=\"noreferrer noopener\"><strong>A trav\u00e9s del formulario disponible aqu\u00ed.<\/strong><\/a><strong><\/strong><\/p>\n\n\n\n<p><strong>CONARE (Ministerio de Relaciones Exteriores)<\/strong><\/p>\n\n\n\n<p><strong>Direcci\u00f3n: <\/strong>Calle Jun\u00edn esq. Ingavi Piso 3\u00b0, Plaza Murillo, La Paz, Bolivia<br><strong>Correo electr\u00f3nico: <\/strong><a href=\"mailto:conare@rree.gob.bo\">conare@rree.gob.bo<\/a><strong> <\/strong><br><strong>Tel\u00e9fono:<\/strong> (+591 2) 240 8359<\/p>\n\n\n\n<p><\/p>\n","protected":false},"excerpt":{"rendered":"<p>\u00bfQu\u00e9 es la apatridia? Una persona ap\u00e1trida no tiene la nacionalidad de ning\u00fan pa\u00eds. Algunas personas nacen en esa condici\u00f3n, pero otras pueden convertirse en ap\u00e1tridas. La apatridia puede ocurrir por varias razones, incluida el no registro de nacimientos, la discriminaci\u00f3n contra determinados grupos \u00e9tnicos o religiosos, o por motivos de g\u00e9nero; la aparici\u00f3n de [&hellip;]<\/p>\n","protected":false},"author":122,"featured_media":0,"parent":0,"menu_order":4,"comment_status":"closed","ping_status":"closed","template":"page-templates\/sectioned.php","meta":{"_acf_changed":false,"footnotes":""},"class_list":["post-558","page","type-page","status-publish","hentry"],"acf":[],"_links":{"self":[{"href":"https:\/\/help.unhcr.org\/bolivia\/wp-json\/wp\/v2\/pages\/558","targetHints":{"allow":["GET"]}}],"collection":[{"href":"https:\/\/help.unhcr.org\/bolivia\/wp-json\/wp\/v2\/pages"}],"about":[{"href":"https:\/\/help.unhcr.org\/bolivia\/wp-json\/wp\/v2\/types\/page"}],"author":[{"embeddable":true,"href":"https:\/\/help.unhcr.org\/bolivia\/wp-json\/wp\/v2\/users\/122"}],"replies":[{"embeddable":true,"href":"https:\/\/help.unhcr.org\/bolivia\/wp-json\/wp\/v2\/comments?post=558"}],"version-history":[{"count":9,"href":"https:\/\/help.unhcr.org\/bolivia\/wp-json\/wp\/v2\/pages\/558\/revisions"}],"predecessor-version":[{"id":825,"href":"https:\/\/help.unhcr.org\/bolivia\/wp-json\/wp\/v2\/pages\/558\/revisions\/825"}],"wp:attachment":[{"href":"https:\/\/help.unhcr.org\/bolivia\/wp-json\/wp\/v2\/media?parent=558"}],"curies":[{"name":"wp","href":"https:\/\/api.w.org\/{rel}","templated":true}]}}