{"id":542,"date":"2021-09-22T21:01:47","date_gmt":"2021-09-22T21:01:47","guid":{"rendered":"https:\/\/help.unhcr.org\/bolivia\/?page_id=542"},"modified":"2021-09-22T21:15:22","modified_gmt":"2021-09-22T21:15:22","slug":"derechos-personas-lgbtiq","status":"publish","type":"page","link":"https:\/\/help.unhcr.org\/bolivia\/derechos-personas-lgbtiq\/","title":{"rendered":"Derechos personas LGBTIQ+"},"content":{"rendered":"\n<p>En Bolivia, la ley proh\u00edbe y castiga la discriminaci\u00f3n basada en la orientaci\u00f3n sexual y la identidad de g\u00e9nero.<\/p>\n\n\n\n<p>As\u00ed lo establece la Constituci\u00f3n Pol\u00edtica del Estado en su Art. 14 (II): &#8220;El Estado proh\u00edbe y sanciona toda forma de discriminaci\u00f3n fundada en raz\u00f3n de sexo, color, edad, orientaci\u00f3n sexual, identidad de g\u00e9nero, origen, cultura, nacionalidad, ciudadan\u00eda, idioma, credo religioso, ideolog\u00eda, filiaci\u00f3n pol\u00edtica o filos\u00f3fica, estado civil, condici\u00f3n econ\u00f3mica o social, tipo de ocupaci\u00f3n, grado de instrucci\u00f3n, discapacidad, embarazo, u otras que tengan por objetivo o resultado anular o menoscabar el reconocimiento, goce o ejercicio, en condiciones de igualdad, de los derechos de toda persona&#8221;<\/p>\n\n\n\n<p>Asimismo, la Ley Nro. 045 del a\u00f1o 2010 contra el Racismo y Toda Forma de Discriminaci\u00f3n\u201d penaliza la discriminaci\u00f3n, la incitaci\u00f3n a la discriminaci\u00f3n o discurso de odio y agrega como agravante penal los delitos motivados por la discriminaci\u00f3n basados en la orientaci\u00f3n sexual e identidad de g\u00e9nero. En este sentido, el Art\u00edculo 23 de la ley modifica el C\u00f3digo Penal. Por lo tanto, el Art\u00edculo 281ter. del C\u00f3digo Penal penaliza la discriminaci\u00f3n basada en la orientaci\u00f3n sexual o la identidad de g\u00e9nero, agregando sanciones con pena privativa de libertad de uno a cinco a\u00f1os.<\/p>\n\n\n\n<p><\/p>\n\n\n\n<h3 class=\"wp-block-heading\"><strong><strong>Identidad de g\u00e9nero<\/strong><\/strong><\/h3>\n\n\n\n<p>La Ley Nro. 807 del a\u00f1o 2016 establece el procedimiento para el cambio de los datos del nombre y sexo de las personas transexuales y transg\u00e9nero, permiti\u00e9ndoles ejercer el derecho a la identidad de g\u00e9nero.<\/p>\n\n\n\n<p>Para ello, permite a personas transexuales y transg\u00e9nero mayores de 18 a\u00f1os el cambio de nombres propios, datos de sexo e imagen en la documentaci\u00f3n p\u00fablica y privada vinculada a su identificaci\u00f3n. El cambio de identidad, seg\u00fan establece uno de los estatutos, ser\u00e1 reversible por una sola vez, luego de lo cual no podr\u00e1n modificarse nuevamente estos datos<\/p>\n\n\n\n<p><br>Contactos \u00fatiles:<\/p>\n\n\n\n<p><strong>Defensor\u00eda del Pueblo <\/strong><strong><\/strong><\/p>\n\n\n\n<p><strong>Direcci\u00f3n:<\/strong>&nbsp;Calle Colombia N\u00b0 440, Zona San Pedro, La Paz<br><strong>Tel\u00e9fonos:<\/strong>&nbsp;2113600 \/ 2112600<br><strong>L\u00ednea Gratuita: <\/strong>800 10 8004<br><strong>P\u00e1gina web: <\/strong><a href=\"https:\/\/www.defensoria.gob.bo\/\">https:\/\/www.defensoria.gob.bo\/<\/a><\/p>\n\n\n\n<p><\/p>\n\n\n\n<p><strong>Direcci\u00f3n General de Lucha contra el racismo y toda forma de discriminaci\u00f3n:<\/strong><strong><\/strong><\/p>\n\n\n\n<p>Funciona en la \u00f3rbita del Ministerio de Culturas, Descolonizaci\u00f3n y Despatriarcalizaci\u00f3n.<\/p>\n\n\n\n<p><strong>Direcci\u00f3n:<\/strong>&nbsp;Calle Potos\u00ed esq. Ayacucho, La Paz<br><strong>Tel\u00e9fonos:<\/strong>&nbsp;(591-2) 2156295<br><strong>P\u00e1gina web: <\/strong><a href=\"mailto:info@minculturas.gob.bo\">info@minculturas.gob.bo<\/a><\/p>\n\n\n\n<p><\/p>\n\n\n\n<p><\/p>\n","protected":false},"excerpt":{"rendered":"<p>En Bolivia, la ley proh\u00edbe y castiga la discriminaci\u00f3n basada en la orientaci\u00f3n sexual y la identidad de g\u00e9nero. As\u00ed lo establece la Constituci\u00f3n Pol\u00edtica del Estado en su Art. 14 (II): &#8220;El Estado proh\u00edbe y sanciona toda forma de discriminaci\u00f3n fundada en raz\u00f3n de sexo, color, edad, orientaci\u00f3n sexual, identidad de g\u00e9nero, origen, cultura, [&hellip;]<\/p>\n","protected":false},"author":122,"featured_media":0,"parent":0,"menu_order":2,"comment_status":"closed","ping_status":"closed","template":"","meta":{"_acf_changed":false,"footnotes":""},"class_list":["post-542","page","type-page","status-publish","hentry"],"acf":[],"_links":{"self":[{"href":"https:\/\/help.unhcr.org\/bolivia\/wp-json\/wp\/v2\/pages\/542","targetHints":{"allow":["GET"]}}],"collection":[{"href":"https:\/\/help.unhcr.org\/bolivia\/wp-json\/wp\/v2\/pages"}],"about":[{"href":"https:\/\/help.unhcr.org\/bolivia\/wp-json\/wp\/v2\/types\/page"}],"author":[{"embeddable":true,"href":"https:\/\/help.unhcr.org\/bolivia\/wp-json\/wp\/v2\/users\/122"}],"replies":[{"embeddable":true,"href":"https:\/\/help.unhcr.org\/bolivia\/wp-json\/wp\/v2\/comments?post=542"}],"version-history":[{"count":2,"href":"https:\/\/help.unhcr.org\/bolivia\/wp-json\/wp\/v2\/pages\/542\/revisions"}],"predecessor-version":[{"id":550,"href":"https:\/\/help.unhcr.org\/bolivia\/wp-json\/wp\/v2\/pages\/542\/revisions\/550"}],"wp:attachment":[{"href":"https:\/\/help.unhcr.org\/bolivia\/wp-json\/wp\/v2\/media?parent=542"}],"curies":[{"name":"wp","href":"https:\/\/api.w.org\/{rel}","templated":true}]}}