{"id":5,"date":"2017-11-22T15:56:10","date_gmt":"2017-11-22T15:56:10","guid":{"rendered":"http:\/\/help.unhcr.org\/bolivia\/?page_id=5"},"modified":"2026-05-02T23:24:23","modified_gmt":"2026-05-02T23:24:23","slug":"bienvenido-a","status":"publish","type":"page","link":"https:\/\/help.unhcr.org\/bolivia\/","title":{"rendered":"\u00a1Bienvenida y bienvenido!"},"content":{"rendered":"\n<div class=\"wp-block-group\"><div class=\"wp-block-group__inner-container is-layout-constrained wp-block-group-is-layout-constrained\">\n<p>\u00a1Est\u00e1s en un sitio web seguro!<\/p>\n\n\n\n<p>ACNUR desarroll\u00f3 este sitio para brindar informaci\u00f3n a las personas con necesidades de protecci\u00f3n internacional en Bolivia. <\/p>\n\n\n\n<p>Aqu\u00ed podr\u00e1s encontrar informaci\u00f3n sobre:<\/p>\n<\/div><\/div>\n\n\n\n<ul class=\"wp-block-list\">\n<li><a href=\"https:\/\/help.unhcr.org\/bolivia\/recomendaciones-para-tu-viaje-a-traves-de-bolivia\/\">Viajar a trav\u00e9s de Bolivia <\/a><\/li>\n\n\n\n<li><a href=\"https:\/\/help.unhcr.org\/bolivia\/dondeencontrarayuda\/\" data-type=\"page\" data-id=\"238\">D\u00f3nde encontrar ayuda en Bolivia<\/a><\/li>\n\n\n\n<li><a href=\"https:\/\/help.unhcr.org\/bolivia\/como-solicitar-la-condicion-de-refugiado\/\">C\u00f3mo solicitar la condici\u00f3n de persona refugiada en Bolivia<\/a><\/li>\n\n\n\n<li><a href=\"https:\/\/help.unhcr.org\/bolivia\/reunificacion-familiar\/\" data-type=\"page\" data-id=\"569\">Reunificaciones familiares<\/a><\/li>\n\n\n\n<li><a href=\"https:\/\/help.unhcr.org\/bolivia\/como-solicitar-la-condicion-de-apatrida-en-bolivia\/\">C\u00f3mo solicitar la condici\u00f3n de ap\u00e1trida en Bolivia<\/a><\/li>\n\n\n\n<li><a href=\"https:\/\/help.unhcr.org\/bolivia\/acceso-a-derechos-en-bolivia\/\">Acceso a derechos en Bolivia<\/a><\/li>\n\n\n\n<li><a href=\"https:\/\/help.unhcr.org\/bolivia\/como-presentar-quejas-o-sugerencias\/\">\u00bfC\u00f3mo presentar quejas o sugerencias?<\/a><\/li>\n\n\n\n<li><a href=\"https:\/\/help.unhcr.org\/bolivia\/proteccion-contra-la-explotacion-y-el-abuso-sexual\/\" data-type=\"page\" data-id=\"1320\">Protecci\u00f3n contra la explotaci\u00f3n y el abuso sexual (PEAS) <\/a><\/li>\n\n\n\n<li><a href=\"https:\/\/help.unhcr.org\/bolivia\/contacto\/\">Contacto<\/a><\/li>\n<\/ul>\n\n\n\n<p>Este sitio web se actualizar\u00e1 regularmente.<\/p>\n\n\n\n<hr class=\"wp-block-separator has-alpha-channel-opacity is-style-wide\" \/>\n\n\n\n<p><\/p>\n","protected":false},"excerpt":{"rendered":"<p>\u00a1Est\u00e1s en un sitio web seguro! ACNUR desarroll\u00f3 este sitio para brindar informaci\u00f3n a las personas con necesidades de protecci\u00f3n internacional en Bolivia. Aqu\u00ed podr\u00e1s encontrar informaci\u00f3n sobre: Este sitio web se actualizar\u00e1 regularmente.<\/p>\n","protected":false},"author":1,"featured_media":0,"parent":0,"menu_order":0,"comment_status":"closed","ping_status":"closed","template":"","meta":{"_acf_changed":false,"footnotes":""},"class_list":["post-5","page","type-page","status-publish","hentry"],"acf":[],"_links":{"self":[{"href":"https:\/\/help.unhcr.org\/bolivia\/wp-json\/wp\/v2\/pages\/5","targetHints":{"allow":["GET"]}}],"collection":[{"href":"https:\/\/help.unhcr.org\/bolivia\/wp-json\/wp\/v2\/pages"}],"about":[{"href":"https:\/\/help.unhcr.org\/bolivia\/wp-json\/wp\/v2\/types\/page"}],"author":[{"embeddable":true,"href":"https:\/\/help.unhcr.org\/bolivia\/wp-json\/wp\/v2\/users\/1"}],"replies":[{"embeddable":true,"href":"https:\/\/help.unhcr.org\/bolivia\/wp-json\/wp\/v2\/comments?post=5"}],"version-history":[{"count":73,"href":"https:\/\/help.unhcr.org\/bolivia\/wp-json\/wp\/v2\/pages\/5\/revisions"}],"predecessor-version":[{"id":1332,"href":"https:\/\/help.unhcr.org\/bolivia\/wp-json\/wp\/v2\/pages\/5\/revisions\/1332"}],"wp:attachment":[{"href":"https:\/\/help.unhcr.org\/bolivia\/wp-json\/wp\/v2\/media?parent=5"}],"curies":[{"name":"wp","href":"https:\/\/api.w.org\/{rel}","templated":true}]}}