{"id":454,"date":"2021-08-18T12:51:14","date_gmt":"2021-08-18T12:51:14","guid":{"rendered":"http:\/\/help.unhcr.org\/bolivia\/?page_id=454"},"modified":"2026-04-30T20:54:17","modified_gmt":"2026-04-30T20:54:17","slug":"desaguadero","status":"publish","type":"page","link":"https:\/\/help.unhcr.org\/bolivia\/dondeencontrarayuda\/desaguadero\/","title":{"rendered":"Desaguadero"},"content":{"rendered":"\n<p class=\"has-text-align-center has-white-color has-vivid-cyan-blue-background-color has-text-color has-background has-link-color wp-elements-6312169d7bd30e776a1e35304aee217c\"><strong>PAO &#8211; PUNTO DE ATENCI\u00d3N Y ORIENTACI\u00d3N DESAGUADERO<\/strong> <\/p>\n\n\n<div class=\"wp-block-image\">\n<figure class=\"aligncenter size-large is-resized\"><img loading=\"lazy\" decoding=\"async\" width=\"1024\" height=\"183\" src=\"https:\/\/help.unhcr.org\/bolivia\/wp-content\/uploads\/sites\/18\/2025\/02\/image-18-1024x183.png\" alt=\"\" class=\"wp-image-1104\" style=\"width:269px;height:auto\" srcset=\"https:\/\/help.unhcr.org\/bolivia\/wp-content\/uploads\/sites\/18\/2025\/02\/image-18-1024x183.png 1024w, https:\/\/help.unhcr.org\/bolivia\/wp-content\/uploads\/sites\/18\/2025\/02\/image-18-300x54.png 300w, https:\/\/help.unhcr.org\/bolivia\/wp-content\/uploads\/sites\/18\/2025\/02\/image-18-768x137.png 768w, https:\/\/help.unhcr.org\/bolivia\/wp-content\/uploads\/sites\/18\/2025\/02\/image-18-1536x274.png 1536w, https:\/\/help.unhcr.org\/bolivia\/wp-content\/uploads\/sites\/18\/2025\/02\/image-18-2048x366.png 2048w\" sizes=\"auto, (max-width: 1024px) 100vw, 1024px\" \/><\/figure><\/div>\n\n\n<p><\/p>\n\n\n\n<ul class=\"wp-block-list\">\n<li><strong>Tel\u00e9fono \/ WhatsApp:<\/strong> (+591) 72027371<\/li>\n\n\n\n<li><strong>Direcci\u00f3n:<\/strong> Avenida La Paz Sin N\u00famero, en la parada de minibuses entre las calles Mariscal Santa Cruz y Ballivian, Localidad de Desaguadero (Frontera Bolivia \u2013 Per\u00fa).<\/li>\n\n\n\n<li><strong>Correo:<\/strong> <a href=\"mailto:pao_oruro@wvi.org\">pao_desaguadero@wvi.org<\/a><\/li>\n\n\n\n<li><strong>Atenci\u00f3n al p\u00fablico<\/strong>: lunes a viernes de 8:00 a 12:00hrs. y de 13.00 a 17.00hrs. &nbsp;<\/li>\n\n\n\n<li><strong>Servicios:<\/strong> orientaci\u00f3n general, asistencia humanitaria, protecci\u00f3n de la ni\u00f1ez, acceso a wifi y cargador de celular, apoyo psicosocial, acceso a duchas y ba\u00f1os, insumos de higiene personal.\u00a0<\/li>\n<\/ul>\n\n\n\n<p><\/p>\n\n\n\n<p><\/p>\n\n\n\n<p><\/p>\n","protected":false},"excerpt":{"rendered":"<p>PAO &#8211; PUNTO DE ATENCI\u00d3N Y ORIENTACI\u00d3N DESAGUADERO<\/p>\n","protected":false},"author":122,"featured_media":0,"parent":238,"menu_order":0,"comment_status":"closed","ping_status":"closed","template":"page-templates\/sectioned.php","meta":{"_acf_changed":false,"footnotes":""},"class_list":["post-454","page","type-page","status-publish","hentry"],"acf":[],"_links":{"self":[{"href":"https:\/\/help.unhcr.org\/bolivia\/wp-json\/wp\/v2\/pages\/454","targetHints":{"allow":["GET"]}}],"collection":[{"href":"https:\/\/help.unhcr.org\/bolivia\/wp-json\/wp\/v2\/pages"}],"about":[{"href":"https:\/\/help.unhcr.org\/bolivia\/wp-json\/wp\/v2\/types\/page"}],"author":[{"embeddable":true,"href":"https:\/\/help.unhcr.org\/bolivia\/wp-json\/wp\/v2\/users\/122"}],"replies":[{"embeddable":true,"href":"https:\/\/help.unhcr.org\/bolivia\/wp-json\/wp\/v2\/comments?post=454"}],"version-history":[{"count":33,"href":"https:\/\/help.unhcr.org\/bolivia\/wp-json\/wp\/v2\/pages\/454\/revisions"}],"predecessor-version":[{"id":1255,"href":"https:\/\/help.unhcr.org\/bolivia\/wp-json\/wp\/v2\/pages\/454\/revisions\/1255"}],"up":[{"embeddable":true,"href":"https:\/\/help.unhcr.org\/bolivia\/wp-json\/wp\/v2\/pages\/238"}],"wp:attachment":[{"href":"https:\/\/help.unhcr.org\/bolivia\/wp-json\/wp\/v2\/media?parent=454"}],"curies":[{"name":"wp","href":"https:\/\/api.w.org\/{rel}","templated":true}]}}