{"id":434,"date":"2021-08-18T12:35:41","date_gmt":"2021-08-18T12:35:41","guid":{"rendered":"http:\/\/help.unhcr.org\/bolivia\/?page_id=434"},"modified":"2025-12-19T16:51:52","modified_gmt":"2025-12-19T16:51:52","slug":"la-paz","status":"publish","type":"page","link":"https:\/\/help.unhcr.org\/bolivia\/dondeycomo-solicitarayuda\/la-paz\/","title":{"rendered":"La Paz \/ El Alto"},"content":{"rendered":"\n<p class=\"has-text-align-center has-white-color has-vivid-cyan-blue-background-color has-text-color has-background has-link-color wp-elements-39dd5bbe015ed48888d7736f88474b75\"><strong> FUNDACI\u00d3N MUNASIM KULLAKITA<\/strong> <strong>(FMK) <\/strong><\/p>\n\n\n<div class=\"wp-block-image\">\n<figure class=\"aligncenter size-large is-resized\"><img loading=\"lazy\" decoding=\"async\" width=\"1024\" height=\"419\" src=\"https:\/\/help.unhcr.org\/bolivia\/wp-content\/uploads\/sites\/18\/2025\/02\/image-11-1024x419.png\" alt=\"\" class=\"wp-image-1084\" style=\"width:180px;height:auto\" srcset=\"https:\/\/help.unhcr.org\/bolivia\/wp-content\/uploads\/sites\/18\/2025\/02\/image-11-1024x419.png 1024w, https:\/\/help.unhcr.org\/bolivia\/wp-content\/uploads\/sites\/18\/2025\/02\/image-11-300x123.png 300w, https:\/\/help.unhcr.org\/bolivia\/wp-content\/uploads\/sites\/18\/2025\/02\/image-11-768x314.png 768w, https:\/\/help.unhcr.org\/bolivia\/wp-content\/uploads\/sites\/18\/2025\/02\/image-11-1536x628.png 1536w, https:\/\/help.unhcr.org\/bolivia\/wp-content\/uploads\/sites\/18\/2025\/02\/image-11-2048x838.png 2048w\" sizes=\"auto, (max-width: 1024px) 100vw, 1024px\" \/><\/figure><\/div>\n\n\n<div class=\"wp-block-group\"><div class=\"wp-block-group__inner-container is-layout-constrained wp-block-group-is-layout-constrained\">\n<p class=\"has-text-color\" style=\"color:#0072bc\">&#8220;<strong>Casa Luz Verde&#8221; <\/strong><\/p>\n\n\n\n<ul class=\"wp-block-list\">\n<li><strong>Tel\u00e9fono \/ WhatsApp: <\/strong><a>(+591) 61234410<\/a><\/li>\n\n\n\n<li><strong>Direcci\u00f3n:<\/strong> &nbsp;Calle 7, Calle Tihuanacu N\u00b0 80, cerca de la \u00faltima parada del Telef\u00e9rico morado y de la Av. 6 de marzo.<\/li>\n\n\n\n<li><strong>Correo:<\/strong> <a href=\"mailto:fundacion@munasimkullakita.org\">fundacion@munasimkullakita.org<\/a><\/li>\n\n\n\n<li><strong>Atenci\u00f3n al p\u00fablico<\/strong>: lunes y martes de 09:00 a 16:00hrs y s\u00e1bados, domingos y festivos de 09:00 a 17:00hrs.<\/li>\n\n\n\n<li><strong>Servicios:<\/strong> asistencia legal, social y psicol\u00f3gica; acompa\u00f1amiento a sobrevivientes de violencia; protecci\u00f3n de la ni\u00f1ez; acceso a derechos y acceso a necesidades b\u00e1sicas; y actividades grupales y socio comunitarias.<\/li>\n<\/ul>\n<\/div><\/div>\n","protected":false},"excerpt":{"rendered":"<p>FUNDACI\u00d3N MUNASIM KULLAKITA (FMK) &#8220;Casa Luz Verde&#8221;<\/p>\n","protected":false},"author":122,"featured_media":0,"parent":238,"menu_order":1,"comment_status":"closed","ping_status":"closed","template":"page-templates\/sectioned.php","meta":{"_acf_changed":false,"footnotes":""},"class_list":["post-434","page","type-page","status-publish","hentry"],"acf":[],"_links":{"self":[{"href":"https:\/\/help.unhcr.org\/bolivia\/wp-json\/wp\/v2\/pages\/434","targetHints":{"allow":["GET"]}}],"collection":[{"href":"https:\/\/help.unhcr.org\/bolivia\/wp-json\/wp\/v2\/pages"}],"about":[{"href":"https:\/\/help.unhcr.org\/bolivia\/wp-json\/wp\/v2\/types\/page"}],"author":[{"embeddable":true,"href":"https:\/\/help.unhcr.org\/bolivia\/wp-json\/wp\/v2\/users\/122"}],"replies":[{"embeddable":true,"href":"https:\/\/help.unhcr.org\/bolivia\/wp-json\/wp\/v2\/comments?post=434"}],"version-history":[{"count":47,"href":"https:\/\/help.unhcr.org\/bolivia\/wp-json\/wp\/v2\/pages\/434\/revisions"}],"predecessor-version":[{"id":1183,"href":"https:\/\/help.unhcr.org\/bolivia\/wp-json\/wp\/v2\/pages\/434\/revisions\/1183"}],"up":[{"embeddable":true,"href":"https:\/\/help.unhcr.org\/bolivia\/wp-json\/wp\/v2\/pages\/238"}],"wp:attachment":[{"href":"https:\/\/help.unhcr.org\/bolivia\/wp-json\/wp\/v2\/media?parent=434"}],"curies":[{"name":"wp","href":"https:\/\/api.w.org\/{rel}","templated":true}]}}