{"id":301,"date":"2020-04-28T15:38:09","date_gmt":"2020-04-28T15:38:09","guid":{"rendered":"http:\/\/help.unhcr.org\/bolivia\/?page_id=301"},"modified":"2024-08-05T16:35:11","modified_gmt":"2024-08-05T16:35:11","slug":"violencia-basada-en-genero","status":"publish","type":"page","link":"https:\/\/help.unhcr.org\/bolivia\/violencia-basada-en-genero\/","title":{"rendered":"Violencia basada en g\u00e9nero"},"content":{"rendered":"\n<p>Todo hecho de violencia contra las mujeres podr\u00e1 ser denunciado por <strong>la v\u00edctima o cualquier otra persona <\/strong>que tenga conocimiento del mismo, ante las siguientes instancias: Ministerio P\u00fablico, Sistemas Integrados de Justicia Plurinacional y\/o Fuerza Especial de Lucha contra la Violencia \u2013 FELCV. La Ley N\u00ba 348, art\u00edculo 42\u00ba.<\/p>\n\n\n\n<p><strong>Fuerza Especial de Lucha contra la Violencia (FELCV<\/strong>)<br>Puedes escribir por\u00a0WhatsApp\u00a0a los siguientes n\u00fameros:<\/p>\n\n\n\n<p><strong>La Paz:<\/strong>&nbsp;61000523 \/ 67008570<br><strong>El Alto:<\/strong>&nbsp;72042202<br><strong>Cochabamba:<\/strong>&nbsp;60707069<\/p>\n\n\n\n<p>La instancia que norma las acciones para la prevenci\u00f3n y atenci\u00f3n a casos de violencia es el Ministerio de Justicia, a trav\u00e9s del Viceministerio de Igualdad de Oportunidades \u2013 Direcci\u00f3n General de Protecci\u00f3n y Eliminaci\u00f3n de Toda forma de violencia en raz\u00f3n de g\u00e9nero y generacional.<\/p>\n\n\n\n<p><strong>Direcci\u00f3n: <\/strong>Av. 16 de Julio No. 1769<br><strong>Tel\u00e9fonos: <\/strong>+591 2 215894500\/+591 2 2158901 \/+591 2 2158902<\/p>\n\n\n\n<p><strong>ACNUR tiene TOLERANCIA CERO contra la explotaci\u00f3n y el abuso sexual perpetrado por parte de trabajadores\/as humanitarios\/as. Para m\u00e1s informaci\u00f3n, por ingresa <a>aqu\u00ed<\/a><\/strong><strong>.<\/strong><\/p>\n\n\n\n<h2 class=\"wp-block-heading\"><\/h2>\n","protected":false},"excerpt":{"rendered":"<p>Todo hecho de violencia contra las mujeres podr\u00e1 ser denunciado por la v\u00edctima o cualquier otra persona que tenga conocimiento del mismo, ante las siguientes instancias: Ministerio P\u00fablico, Sistemas Integrados de Justicia Plurinacional y\/o Fuerza Especial de Lucha contra la Violencia \u2013 FELCV. La Ley N\u00ba 348, art\u00edculo 42\u00ba. Fuerza Especial de Lucha contra la [&hellip;]<\/p>\n","protected":false},"author":122,"featured_media":0,"parent":0,"menu_order":6,"comment_status":"closed","ping_status":"closed","template":"","meta":{"_acf_changed":false,"footnotes":""},"class_list":["post-301","page","type-page","status-publish","hentry"],"acf":[],"_links":{"self":[{"href":"https:\/\/help.unhcr.org\/bolivia\/wp-json\/wp\/v2\/pages\/301","targetHints":{"allow":["GET"]}}],"collection":[{"href":"https:\/\/help.unhcr.org\/bolivia\/wp-json\/wp\/v2\/pages"}],"about":[{"href":"https:\/\/help.unhcr.org\/bolivia\/wp-json\/wp\/v2\/types\/page"}],"author":[{"embeddable":true,"href":"https:\/\/help.unhcr.org\/bolivia\/wp-json\/wp\/v2\/users\/122"}],"replies":[{"embeddable":true,"href":"https:\/\/help.unhcr.org\/bolivia\/wp-json\/wp\/v2\/comments?post=301"}],"version-history":[{"count":5,"href":"https:\/\/help.unhcr.org\/bolivia\/wp-json\/wp\/v2\/pages\/301\/revisions"}],"predecessor-version":[{"id":832,"href":"https:\/\/help.unhcr.org\/bolivia\/wp-json\/wp\/v2\/pages\/301\/revisions\/832"}],"wp:attachment":[{"href":"https:\/\/help.unhcr.org\/bolivia\/wp-json\/wp\/v2\/media?parent=301"}],"curies":[{"name":"wp","href":"https:\/\/api.w.org\/{rel}","templated":true}]}}