{"id":238,"date":"2020-03-27T12:22:38","date_gmt":"2020-03-27T12:22:38","guid":{"rendered":"http:\/\/help.unhcr.org\/bolivia\/?page_id=238"},"modified":"2026-01-21T18:20:54","modified_gmt":"2026-01-21T18:20:54","slug":"dondeycomo-solicitarayuda","status":"publish","type":"page","link":"https:\/\/help.unhcr.org\/bolivia\/dondeycomo-solicitarayuda\/","title":{"rendered":"D\u00f3nde encontrar ayuda"},"content":{"rendered":"\n<p><ins>En esta p\u00e1gina podr\u00e1s encontrar informaci\u00f3n relevante sobre c\u00f3mo, d\u00f3nde y qu\u00e9 ayuda encontrar en Bolivia. <\/ins><\/p>\n\n\n\n<p class=\"has-text-align-center has-white-color has-text-color has-background has-link-color wp-elements-4df94330ebe758cf4281a45711346d63\" style=\"background-color:#0072bc\">Todos los servicios brindados por ACNUR y sus agencias socias son gratuitos. Nadie<br>puede pedirte nada a cambio. Si algo as\u00ed sucedi\u00f3, es importante <a href=\"https:\/\/help.unhcr.org\/bolivia\/como-presentar-quejas-o-sugerencias\/\" data-type=\"link\" data-id=\"https:\/\/help.unhcr.org\/bolivia\/como-presentar-quejas-o-sugerencias\/\">reportarlo<\/a><strong><a href=\"https:\/\/help.unhcr.org\/bolivia\/como-presentar-quejas-o-sugerencias\/\" data-type=\"page\" data-id=\"334\">.<\/a><\/strong><\/p>\n\n\n\n<p><\/p>\n\n\n\n<hr class=\"wp-block-separator has-alpha-channel-opacity\" \/>\n\n\n\n<p><a id=\"_msocom_1\"><\/a><\/p>\n\n\n\n<p><\/p>\n\n\n\n<p><\/p>\n\n\n\n<h4 class=\"wp-block-heading\"><\/h4>\n\n\n\n<p><\/p>\n","protected":false},"excerpt":{"rendered":"<p>En esta p\u00e1gina podr\u00e1s encontrar informaci\u00f3n relevante sobre c\u00f3mo, d\u00f3nde y qu\u00e9 ayuda encontrar en Bolivia. Todos los servicios brindados por ACNUR y sus agencias socias son gratuitos. Nadiepuede pedirte nada a cambio. Si algo as\u00ed sucedi\u00f3, es importante reportarlo.<\/p>\n","protected":false},"author":74,"featured_media":0,"parent":0,"menu_order":1,"comment_status":"closed","ping_status":"closed","template":"page-templates\/listing_page.php","meta":{"_acf_changed":false,"footnotes":""},"class_list":["post-238","page","type-page","status-publish","hentry"],"acf":[],"_links":{"self":[{"href":"https:\/\/help.unhcr.org\/bolivia\/wp-json\/wp\/v2\/pages\/238","targetHints":{"allow":["GET"]}}],"collection":[{"href":"https:\/\/help.unhcr.org\/bolivia\/wp-json\/wp\/v2\/pages"}],"about":[{"href":"https:\/\/help.unhcr.org\/bolivia\/wp-json\/wp\/v2\/types\/page"}],"author":[{"embeddable":true,"href":"https:\/\/help.unhcr.org\/bolivia\/wp-json\/wp\/v2\/users\/74"}],"replies":[{"embeddable":true,"href":"https:\/\/help.unhcr.org\/bolivia\/wp-json\/wp\/v2\/comments?post=238"}],"version-history":[{"count":71,"href":"https:\/\/help.unhcr.org\/bolivia\/wp-json\/wp\/v2\/pages\/238\/revisions"}],"predecessor-version":[{"id":1187,"href":"https:\/\/help.unhcr.org\/bolivia\/wp-json\/wp\/v2\/pages\/238\/revisions\/1187"}],"wp:attachment":[{"href":"https:\/\/help.unhcr.org\/bolivia\/wp-json\/wp\/v2\/media?parent=238"}],"curies":[{"name":"wp","href":"https:\/\/api.w.org\/{rel}","templated":true}]}}