{"id":175,"date":"2020-03-20T22:47:22","date_gmt":"2020-03-20T22:47:22","guid":{"rendered":"http:\/\/help.unhcr.org\/bolivia\/?page_id=175"},"modified":"2023-04-17T20:29:56","modified_gmt":"2023-04-17T20:29:56","slug":"contacto","status":"publish","type":"page","link":"https:\/\/help.unhcr.org\/bolivia\/contacto\/","title":{"rendered":"Contacto"},"content":{"rendered":"\n<p>Si quiere recibir informaci\u00f3n adicional sobre el procedimiento de determinaci\u00f3n de la condici\u00f3n de refugiado\/a, acceso a documentaci\u00f3n y a derechos en Bolivia, por favor cont\u00e1ctenos a trav\u00e9s del siguiente formulario:<\/p>\n\n\n\n<div class=\"wpcf7 no-js\" id=\"wpcf7-f122-o1\" lang=\"es-ES\" dir=\"ltr\" data-wpcf7-id=\"122\">\n<div class=\"screen-reader-response\"><p role=\"status\" aria-live=\"polite\" aria-atomic=\"true\"><\/p> <ul><\/ul><\/div>\n<form action=\"\/bolivia\/wp-json\/wp\/v2\/pages\/175#wpcf7-f122-o1\" method=\"post\" class=\"wpcf7-form init\" aria-label=\"Formulario de contacto\" novalidate=\"novalidate\" data-status=\"init\">\n<fieldset class=\"hidden-fields-container\"><input type=\"hidden\" name=\"_wpcf7\" value=\"122\" \/><input type=\"hidden\" name=\"_wpcf7_version\" value=\"6.1.4\" \/><input type=\"hidden\" name=\"_wpcf7_locale\" value=\"es_ES\" \/><input type=\"hidden\" name=\"_wpcf7_unit_tag\" value=\"wpcf7-f122-o1\" \/><input type=\"hidden\" name=\"_wpcf7_container_post\" value=\"0\" \/><input type=\"hidden\" name=\"_wpcf7_posted_data_hash\" value=\"\" \/><input type=\"hidden\" name=\"_wpcf7_recaptcha_response\" value=\"\" \/>\n<\/fieldset>\n<p><label> Nombre (requerido) <\/label><br \/>\n<span class=\"wpcf7-form-control-wrap\" data-name=\"your-name\"><input size=\"40\" maxlength=\"400\" class=\"wpcf7-form-control wpcf7-text wpcf7-validates-as-required\" aria-required=\"true\" aria-invalid=\"false\" value=\"\" type=\"text\" name=\"your-name\" \/><\/span>\n<\/p>\n<p><label> Apellido (requerido) <\/label><br \/>\n<span class=\"wpcf7-form-control-wrap\" data-name=\"your-surname\"><input size=\"40\" maxlength=\"400\" class=\"wpcf7-form-control wpcf7-text wpcf7-validates-as-required\" aria-required=\"true\" aria-invalid=\"false\" value=\"\" type=\"text\" name=\"your-surname\" \/><\/span>\n<\/p>\n<p><label> Pa\u00eds en el que se encuentra (requerido) <\/label><br \/>\n<span class=\"wpcf7-form-control-wrap\" data-name=\"your-country\"><input size=\"40\" maxlength=\"400\" class=\"wpcf7-form-control wpcf7-text wpcf7-validates-as-required\" aria-required=\"true\" aria-invalid=\"false\" value=\"\" type=\"text\" name=\"your-country\" \/><\/span>\n<\/p>\n<p><label> Tel\u00e9fono\/Celular <\/label><br \/>\n<span class=\"wpcf7-form-control-wrap\" data-name=\"your-phone\"><input size=\"40\" maxlength=\"400\" class=\"wpcf7-form-control wpcf7-text wpcf7-validates-as-required\" aria-required=\"true\" aria-invalid=\"false\" value=\"\" type=\"text\" name=\"your-phone\" \/><\/span>\n<\/p>\n<p><label> Correo electr\u00f3nico (requerido) <\/label><br \/>\n<span class=\"wpcf7-form-control-wrap\" data-name=\"your-email\"><input size=\"40\" maxlength=\"400\" class=\"wpcf7-form-control wpcf7-email wpcf7-validates-as-required wpcf7-text wpcf7-validates-as-email\" aria-required=\"true\" aria-invalid=\"false\" value=\"\" type=\"email\" name=\"your-email\" \/><\/span>\n<\/p>\n<p><label> Pregunta o comentario <\/label><br \/>\n<span class=\"wpcf7-form-control-wrap\" data-name=\"your-message\"><textarea cols=\"40\" rows=\"10\" maxlength=\"2000\" class=\"wpcf7-form-control wpcf7-textarea\" aria-invalid=\"false\" name=\"your-message\"><\/textarea><\/span>\n<\/p>\n<p><input class=\"wpcf7-form-control wpcf7-submit has-spinner\" type=\"submit\" value=\"Enviar\" \/>\n<\/p><div class=\"wpcf7-response-output\" aria-hidden=\"true\"><\/div>\n<\/form>\n<\/div>\n\n","protected":false},"excerpt":{"rendered":"<p>Si quiere recibir informaci\u00f3n adicional sobre el procedimiento de determinaci\u00f3n de la condici\u00f3n de refugiado\/a, acceso a documentaci\u00f3n y a derechos en Bolivia, por favor cont\u00e1ctenos a trav\u00e9s del siguiente formulario:<\/p>\n","protected":false},"author":74,"featured_media":0,"parent":0,"menu_order":12,"comment_status":"closed","ping_status":"closed","template":"","meta":{"_acf_changed":false,"footnotes":""},"class_list":["post-175","page","type-page","status-publish","hentry"],"acf":[],"_links":{"self":[{"href":"https:\/\/help.unhcr.org\/bolivia\/wp-json\/wp\/v2\/pages\/175","targetHints":{"allow":["GET"]}}],"collection":[{"href":"https:\/\/help.unhcr.org\/bolivia\/wp-json\/wp\/v2\/pages"}],"about":[{"href":"https:\/\/help.unhcr.org\/bolivia\/wp-json\/wp\/v2\/types\/page"}],"author":[{"embeddable":true,"href":"https:\/\/help.unhcr.org\/bolivia\/wp-json\/wp\/v2\/users\/74"}],"replies":[{"embeddable":true,"href":"https:\/\/help.unhcr.org\/bolivia\/wp-json\/wp\/v2\/comments?post=175"}],"version-history":[{"count":10,"href":"https:\/\/help.unhcr.org\/bolivia\/wp-json\/wp\/v2\/pages\/175\/revisions"}],"predecessor-version":[{"id":794,"href":"https:\/\/help.unhcr.org\/bolivia\/wp-json\/wp\/v2\/pages\/175\/revisions\/794"}],"wp:attachment":[{"href":"https:\/\/help.unhcr.org\/bolivia\/wp-json\/wp\/v2\/media?parent=175"}],"curies":[{"name":"wp","href":"https:\/\/api.w.org\/{rel}","templated":true}]}}