{"id":1314,"date":"2026-05-01T14:03:46","date_gmt":"2026-05-01T14:03:46","guid":{"rendered":"https:\/\/help.unhcr.org\/bolivia\/?page_id=1314"},"modified":"2026-05-01T14:03:46","modified_gmt":"2026-05-01T14:03:46","slug":"trabajo","status":"publish","type":"page","link":"https:\/\/help.unhcr.org\/bolivia\/acceso-a-derechos-en-bolivia\/trabajo\/","title":{"rendered":"Trabajo"},"content":{"rendered":"\n<p>Los extranjeros y extranjeras con permanencia transitoria, temporal o definitiva podr\u00e1n desarrollar toda tarea o actividad remunerada o lucrativa, gozando de la protecci\u00f3n de las leyes que rigen el r\u00e9gimen laboral y de seguridad social.<\/p>\n\n\n\n<p><strong>Adicionalmente a los derechos constitucionales, los establecidos en convenios y acuerdos internacionales y normas bolivianas tendr\u00e1n los siguientes derechos:<\/strong><\/p>\n\n\n\n<ul class=\"wp-block-list\">\n<li>A ser informados de las condiciones aplicables a su admisi\u00f3n y situaci\u00f3n particular.<\/li>\n\n\n\n<li><span style=\"font-size: revert;color: initial\">A elegir libremente su actividad remunerada o buscar otra.<\/span><\/li>\n\n\n\n<li><span style=\"font-size: revert;color: initial\">A participar en asociaciones laborales.<\/span><\/li>\n\n\n\n<li><span style=\"font-size: revert;color: initial\">A no ser sometidos a servidumbre, esclavitud, explotaci\u00f3n ni trabajos forzados.<\/span><\/li>\n\n\n\n<li><span style=\"font-size: revert;color: initial\">A que las autoridades consulares o diplom\u00e1ticas de su pa\u00eds de origen, sean informadas en caso de su aprehensi\u00f3n o detenci\u00f3n.<\/span><\/li>\n\n\n\n<li><span style=\"font-size: revert;color: initial\">En caso de salida obligatoria, el o la trabajadora deber\u00e1 recibir el pago de los salarios vencidos, beneficios sociales y todo cuanto se adeude.<\/span><\/li>\n\n\n\n<li><span style=\"font-size: revert;color: initial\">A transferir sus ingresos y ahorros a su pa\u00eds de origen o a cualquier otro.<\/span><\/li>\n\n\n\n<li><span style=\"font-size: revert;color: initial\">Las personas extranjeras en condici\u00f3n de estudiantes podr\u00e1n ejercer actividades remuneradas a tiempo parcial o duraci\u00f3n determinada.<\/span><\/li>\n\n\n\n<li>A que se prevenga la discriminaci\u00f3n de g\u00e9nero, la vulnerabilidad de la informalidad, la temporalidad, la brecha salarial con las trabajadoras nacionales, el acoso sexual y acoso laboral por raz\u00f3n de sexo, promoviendo adem\u00e1s acceso a redes de informaci\u00f3n y apoyo social.<\/li>\n<\/ul>\n\n\n\n<p><strong>Prohibici\u00f3n de trabajo <\/strong><\/p>\n\n\n\n<p>No podr\u00e1n prestar trabajos remunerados las personas extranjeras que se encuentren en calidad de turistas o visitantes en el pa\u00eds, <strong>salvo autorizaci\u00f3n expresa por razones humanitarias. <\/strong><strong><\/strong><\/p>\n","protected":false},"excerpt":{"rendered":"<p>Los extranjeros y extranjeras con permanencia transitoria, temporal o definitiva podr\u00e1n desarrollar toda tarea o actividad remunerada o lucrativa, gozando de la protecci\u00f3n de las leyes que rigen el r\u00e9gimen laboral y de seguridad social. Adicionalmente a los derechos constitucionales, los establecidos en convenios y acuerdos internacionales y normas bolivianas tendr\u00e1n los siguientes derechos: Prohibici\u00f3n [&hellip;]<\/p>\n","protected":false},"author":472,"featured_media":0,"parent":826,"menu_order":0,"comment_status":"closed","ping_status":"closed","template":"page-templates\/sectioned.php","meta":{"_acf_changed":false,"footnotes":""},"class_list":["post-1314","page","type-page","status-publish","hentry"],"acf":[],"_links":{"self":[{"href":"https:\/\/help.unhcr.org\/bolivia\/wp-json\/wp\/v2\/pages\/1314","targetHints":{"allow":["GET"]}}],"collection":[{"href":"https:\/\/help.unhcr.org\/bolivia\/wp-json\/wp\/v2\/pages"}],"about":[{"href":"https:\/\/help.unhcr.org\/bolivia\/wp-json\/wp\/v2\/types\/page"}],"author":[{"embeddable":true,"href":"https:\/\/help.unhcr.org\/bolivia\/wp-json\/wp\/v2\/users\/472"}],"replies":[{"embeddable":true,"href":"https:\/\/help.unhcr.org\/bolivia\/wp-json\/wp\/v2\/comments?post=1314"}],"version-history":[{"count":1,"href":"https:\/\/help.unhcr.org\/bolivia\/wp-json\/wp\/v2\/pages\/1314\/revisions"}],"predecessor-version":[{"id":1316,"href":"https:\/\/help.unhcr.org\/bolivia\/wp-json\/wp\/v2\/pages\/1314\/revisions\/1316"}],"up":[{"embeddable":true,"href":"https:\/\/help.unhcr.org\/bolivia\/wp-json\/wp\/v2\/pages\/826"}],"wp:attachment":[{"href":"https:\/\/help.unhcr.org\/bolivia\/wp-json\/wp\/v2\/media?parent=1314"}],"curies":[{"name":"wp","href":"https:\/\/api.w.org\/{rel}","templated":true}]}}