{"id":117,"date":"2018-09-28T09:43:52","date_gmt":"2018-09-28T09:43:52","guid":{"rendered":"http:\/\/help.unhcr.org\/bolivia\/?page_id=117"},"modified":"2026-03-17T19:56:57","modified_gmt":"2026-03-17T19:56:57","slug":"proteccion-contra-la-explotacion-y-el-abuso-sexual","status":"publish","type":"page","link":"https:\/\/help.unhcr.org\/bolivia\/proteccion-contra-la-explotacion-y-el-abuso-sexual\/","title":{"rendered":"Protecci\u00f3n contra la explotaci\u00f3n y el abuso sexual"},"content":{"rendered":"\n<p>El ACNUR y sus agencias socias adoptan una pol\u00edtica de&nbsp;<strong>TOLERANCIA CERO<\/strong>&nbsp;contra la explotaci\u00f3n y el abuso sexual.<\/p>\n\n\n\n<p class=\"has-text-align-center has-background\" style=\"background-color:#faeb00\"><strong>Si has sufrido una situaci\u00f3n de explotaci\u00f3n o de abuso sexual, o sospechas de alg\u00fan posible caso por parte de alg\u00fan\/a funcionario\/a del ACNUR o de sus organizaciones socias, tienes derecho a reportarlo.<\/strong><\/p>\n\n\n\n<ul class=\"wp-block-list\">\n<li>Tu reporte ser\u00e1 estrictamente <strong>CONFIDENCIAL.<\/strong><\/li>\n\n\n\n<li>Recibir\u00e1s apoyo y acompa\u00f1amiento.<strong> <\/strong><\/li>\n\n\n\n<li>Reportar un incidente no suspender\u00e1 la entrega de asistencia humanitaria que estuvieras recibiendo.<\/li>\n<\/ul>\n\n\n\n<p><\/p>\n\n\n<p><!--EndFragment--><\/p>","protected":false},"excerpt":{"rendered":"<p>El ACNUR y sus agencias socias adoptan una pol\u00edtica de&nbsp;TOLERANCIA CERO&nbsp;contra la explotaci\u00f3n y el abuso sexual. Si has sufrido una situaci\u00f3n de explotaci\u00f3n o de abuso sexual, o sospechas de alg\u00fan posible caso por parte de alg\u00fan\/a funcionario\/a del ACNUR o de sus organizaciones socias, tienes derecho a reportarlo.<\/p>\n","protected":false},"author":1,"featured_media":0,"parent":0,"menu_order":8,"comment_status":"closed","ping_status":"closed","template":"faq_page.php","meta":{"_acf_changed":false,"footnotes":""},"class_list":["post-117","page","type-page","status-publish","hentry"],"acf":[],"_links":{"self":[{"href":"https:\/\/help.unhcr.org\/bolivia\/wp-json\/wp\/v2\/pages\/117","targetHints":{"allow":["GET"]}}],"collection":[{"href":"https:\/\/help.unhcr.org\/bolivia\/wp-json\/wp\/v2\/pages"}],"about":[{"href":"https:\/\/help.unhcr.org\/bolivia\/wp-json\/wp\/v2\/types\/page"}],"author":[{"embeddable":true,"href":"https:\/\/help.unhcr.org\/bolivia\/wp-json\/wp\/v2\/users\/1"}],"replies":[{"embeddable":true,"href":"https:\/\/help.unhcr.org\/bolivia\/wp-json\/wp\/v2\/comments?post=117"}],"version-history":[{"count":9,"href":"https:\/\/help.unhcr.org\/bolivia\/wp-json\/wp\/v2\/pages\/117\/revisions"}],"predecessor-version":[{"id":1218,"href":"https:\/\/help.unhcr.org\/bolivia\/wp-json\/wp\/v2\/pages\/117\/revisions\/1218"}],"wp:attachment":[{"href":"https:\/\/help.unhcr.org\/bolivia\/wp-json\/wp\/v2\/media?parent=117"}],"curies":[{"name":"wp","href":"https:\/\/api.w.org\/{rel}","templated":true}]}}