{"id":996,"date":"2022-03-02T15:36:39","date_gmt":"2022-03-02T15:36:39","guid":{"rendered":"https:\/\/help.unhcr.org\/belgium\/situation-in-ukraine\/"},"modified":"2024-03-21T14:16:25","modified_gmt":"2024-03-21T14:16:25","slug":"situation-in-ukraine","status":"publish","type":"page","link":"https:\/\/help.unhcr.org\/belgium\/situation-in-ukraine\/","title":{"rendered":"Situation Ukraine"},"content":{"rendered":"\n<p><strong>Comment r\u00e9gulariser mon s\u00e9jour en Belgique?<\/strong><\/p>\n\n\n\n<p>L\u2019enregistrement des personnes souhaitant b\u00e9n\u00e9ficier de la protection temporaire a lieu au <strong>40&nbsp;Place Victor Horta,&nbsp;1060&nbsp;Bruxelles.<\/strong><\/p>\n\n\n\n<p>Veuillez consulter le site internet officiel du gouvernement pour plus d\u2019informations:&nbsp;<a rel=\"noreferrer noopener\" href=\"https:\/\/eur02.safelinks.protection.outlook.com\/?url=https%3A%2F%2Finfo-ukraine.be%2Fen%2Fnewsroom%2Fopening-new-registration-centre&amp;data=04%7C01%7Cwongchun%40unhcr.org%7Ccba26dfabfbc4d50aa4208da08ceec69%7Ce5c37981666441348a0c6543d2af80be%7C0%7C0%7C637831982055860944%7CUnknown%7CTWFpbGZsb3d8eyJWIjoiMC4wLjAwMDAiLCJQIjoiV2luMzIiLCJBTiI6Ik1haWwiLCJXVCI6Mn0%3D%7C3000&amp;sdata=sXhsD%2FGYHUaLhNTm0Mae27RfyQDC1MlzBfF6qytD%2FNE%3D&amp;reserved=0\" target=\"_blank\"><\/a><a href=\"https:\/\/dofi.ibz.be\/fr\/themes\/ukraine\/centre-denregistrement\"><\/a><a href=\"https:\/\/dofi.ibz.be\/fr\/themes\/ukraine\/centre-denregistrement\">Centre d\u2019enregistrement | IBZ<\/a><\/p>\n\n\n\n<p><strong>Comment trouver un h\u00e9bergement?<\/strong><\/p>\n\n\n\n<p>Les autorit\u00e9s belges recommandent aux personnes \u00e0 la recherche d\u2019un h\u00e9bergement de se faire h\u00e9berger par des membres de famille ou des amis lorsque cette solution est possible. Les personnes pour lesquelles cette option n\u2019est pas possible peuvent \u00eatre inform\u00e9es par les autorit\u00e9s belges des possibilit\u00e9s d\u2019h\u00e9bergement offertes par les diff\u00e9rentes municipalit\u00e9s en Belgique. Fedasil peut proposer un h\u00e9bergement d\u2019urgence pour une ou deux nuits. Veuillez prendre contact avec le centre d\u2019enregistrement ouvert au <strong>40\u00a0Place Victor Horta,\u00a01060\u00a0Bruxelles<\/strong>.<\/p>\n\n\n\n<p>Pour plus d\u2019informations veuillez consulter le site internet officiel : <a href=\"https:\/\/eur02.safelinks.protection.outlook.com\/?url=https%3A%2F%2Finfo-ukraine.be%2Fen%2Fassistance-belgium%2Fi-need-place-stay&amp;data=04%7C01%7Cwongchun%40unhcr.org%7Ccba26dfabfbc4d50aa4208da08ceec69%7Ce5c37981666441348a0c6543d2af80be%7C0%7C0%7C637831982055860944%7CUnknown%7CTWFpbGZsb3d8eyJWIjoiMC4wLjAwMDAiLCJQIjoiV2luMzIiLCJBTiI6Ik1haWwiLCJXVCI6Mn0%3D%7C3000&amp;sdata=Gg%2Fl%2BVKV3HmFE6RfejYLBWE52h87i5rrzjnmQBhtURQ%3D&amp;reserved=0\">I need a place to stay &#8211; Ukraine (info-ukraine.be)<\/a><\/p>\n\n\n\n<p>Des informations suppl\u00e9mentaires concernant les questions de reception et d\u2019h\u00e9bergement peuvent \u00eatre \u00e9galement trouv\u00e9es sur le site internet du HCR&nbsp;: <a href=\"https:\/\/eur02.safelinks.protection.outlook.com\/?url=https%3A%2F%2Fhelp.unhcr.org%2Fbelgium%2Fen%2Fwhere-to-seek-help%2Freception-accommodation%2F&amp;data=04%7C01%7Cwongchun%40unhcr.org%7Ccba26dfabfbc4d50aa4208da08ceec69%7Ce5c37981666441348a0c6543d2af80be%7C0%7C0%7C637831982055860944%7CUnknown%7CTWFpbGZsb3d8eyJWIjoiMC4wLjAwMDAiLCJQIjoiV2luMzIiLCJBTiI6Ik1haWwiLCJXVCI6Mn0%3D%7C3000&amp;sdata=kQLIUC28jCfeEBmZ%2BI9xfaSwnC4SBwc1qTSNGLzrwHk%3D&amp;reserved=0\"><\/a><a href=\"https:\/\/help.unhcr.org\/belgium\/where-to-seek-help\/general-services-and-helpdesks\/\">Services g\u00e9n\u00e9raux et helpdesks &#8211; UNHCR Belgique<\/a><\/p>\n\n\n\n<p><strong>Le HCR peut-il m&rsquo;aider, moi ou mes proches, \u00e0 voyager vers les \u00c9tats-Unis ou tout autre pays ?<\/strong><\/p>\n\n\n\n<p>Le HCR ne peut pas aider les personnes \u00e0 voyager en dehors de la Belgique. Pour les demandes de visa et\/ou de r\u00e9sidence, veuillez vous adresser aux ambassades des pays respectifs.<\/p>\n\n\n\n<ul class=\"wp-block-list\">\n<li><a href=\"https:\/\/help.unhcr.org\/belgium\/about-unhcr-in-belgium\/\">\u00c0 propos du HCR en Belgique &#8211; UNHCR Belgique<\/a><\/li>\n<\/ul>\n\n\n\n<p><strong>Comment puis-je aider un r\u00e9fugi\u00e9 ukrainien \u00e0 trouver un logement ?<\/strong><\/p>\n\n\n\n<p>L&rsquo;ancien secr\u00e9taire d&rsquo;Etat \u00e0 l&rsquo;Asile et \u00e0 la Migration, M. Mahdi, a lanc\u00e9 la campagne #Placedispo. Si vous avez un endroit o\u00f9 loger temporairement un r\u00e9fugi\u00e9 ukrainien, vous pouvez en informer votre municipalit\u00e9.<\/p>\n\n\n\n<ul class=\"wp-block-list\">\n<li><a href=\"https:\/\/info-ukraine.be\/fr\/je-veux-aider\/placedispo\">#PlaceDispo &#8211; Ukraine (info-ukraine.be)<\/a><\/li>\n<\/ul>\n\n\n\n<p>Si vous \u00eates un r\u00e9fugi\u00e9 ukrainien ou connaissez quelqu&rsquo;un qui a travers\u00e9 la fronti\u00e8re et qui cherche de l&rsquo;aide, veuillez consulter les sites d&rsquo;aide du HCR ci-dessous :<\/p>\n\n\n\n<ul class=\"wp-block-list\">\n<li>UNHCR Hongrie:&nbsp;<a href=\"https:\/\/help.unhcr.org\/hungary\/\">UNHCR Hungary \u2013 Help for refugees and asylum-seekers<\/a><\/li>\n\n\n\n<li>UNHCR Pologne:&nbsp;<a href=\"https:\/\/help.unhcr.org\/poland\/\">UNHCR Poland \u2013 Help for refugees and asylum-seekers<\/a><\/li>\n\n\n\n<li>UNHCR Roumanie:&nbsp;<a href=\"https:\/\/help.unhcr.org\/romania\/\">UNHCR Romania \u2013 Help for refugees and asylum-seekers<\/a><\/li>\n\n\n\n<li>UNHCR Slovaquie:&nbsp;<a href=\"https:\/\/help.unhcr.org\/slovakia\/\">UNHCR Slovakia \u2013 Help for refugees and asylum-seekers<\/a><\/li>\n\n\n\n<li>Dans tout autre pays:&nbsp;<a href=\"https:\/\/help.unhcr.org\/\"><\/a><a href=\"https:\/\/help.unhcr.org\/fr\/\">Info \u00e0 l\u2019intention des r\u00e9fugi\u00e9s, demandeurs d\u2019asile et apatrides | HCR Aide (unhcr.org)<\/a><\/li>\n<\/ul>\n\n\n\n<p><\/p>\n\n\n\n<p><\/p>\n\n\n\n<p><\/p>\n\n\n\n<p><\/p>\n\n\n\n<p> <\/p>\n","protected":false},"excerpt":{"rendered":"<p>Comment r\u00e9gulariser mon s\u00e9jour en Belgique? L\u2019enregistrement des personnes souhaitant b\u00e9n\u00e9ficier de la protection temporaire a lieu au 40&nbsp;Place Victor Horta,&nbsp;1060&nbsp;Bruxelles. Veuillez consulter le site internet officiel du gouvernement pour plus d\u2019informations:&nbsp;Centre d\u2019enregistrement | IBZ Comment trouver un h\u00e9bergement? Les autorit\u00e9s belges recommandent aux personnes \u00e0 la recherche d\u2019un h\u00e9bergement de se faire h\u00e9berger par [&hellip;]<\/p>\n","protected":false},"author":257,"featured_media":0,"parent":0,"menu_order":0,"comment_status":"closed","ping_status":"closed","template":"","meta":{"_acf_changed":false,"footnotes":""},"class_list":["post-996","page","type-page","status-publish","hentry"],"acf":[],"_links":{"self":[{"href":"https:\/\/help.unhcr.org\/belgium\/wp-json\/wp\/v2\/pages\/996","targetHints":{"allow":["GET"]}}],"collection":[{"href":"https:\/\/help.unhcr.org\/belgium\/wp-json\/wp\/v2\/pages"}],"about":[{"href":"https:\/\/help.unhcr.org\/belgium\/wp-json\/wp\/v2\/types\/page"}],"author":[{"embeddable":true,"href":"https:\/\/help.unhcr.org\/belgium\/wp-json\/wp\/v2\/users\/257"}],"replies":[{"embeddable":true,"href":"https:\/\/help.unhcr.org\/belgium\/wp-json\/wp\/v2\/comments?post=996"}],"version-history":[{"count":12,"href":"https:\/\/help.unhcr.org\/belgium\/wp-json\/wp\/v2\/pages\/996\/revisions"}],"predecessor-version":[{"id":1623,"href":"https:\/\/help.unhcr.org\/belgium\/wp-json\/wp\/v2\/pages\/996\/revisions\/1623"}],"wp:attachment":[{"href":"https:\/\/help.unhcr.org\/belgium\/wp-json\/wp\/v2\/media?parent=996"}],"curies":[{"name":"wp","href":"https:\/\/api.w.org\/{rel}","templated":true}]}}