{"id":918,"date":"2021-08-24T10:51:22","date_gmt":"2021-08-24T10:51:22","guid":{"rendered":"http:\/\/help.unhcr.org\/belgium\/?page_id=918"},"modified":"2024-03-21T14:07:46","modified_gmt":"2024-03-21T14:07:46","slug":"situation-afghanistan","status":"publish","type":"page","link":"https:\/\/help.unhcr.org\/belgium\/situation-afghanistan\/","title":{"rendered":"Situation Afghanistan"},"content":{"rendered":"\n<h2 class=\"wp-block-heading has-medium-font-size\">Le HCR peut-il m&rsquo;aider ou aider des proches \u00e0 quitter l&rsquo;Afghanistan ?<\/h2>\n\n\n\n<p>Le HCR n&rsquo;est pas en mesure d&rsquo;aider les Afghans se trouvant en Afghanistan \u00e0 quitter le pays.<\/p>\n\n\n\n<p>Veuillez consulter la <a href=\"https:\/\/help.unhcr.org\/afghanistan\/\">page HELP du HCR <\/a><a rel=\"noreferrer noopener\" href=\"https:\/\/help.unhcr.org\/afghanistan\/\" target=\"_blank\">pour l&rsquo;Afghanistan<\/a>. Sur cette page, le HCR fournit des liens vers des programmes d&rsquo;\u00e9vacuation qui ont \u00e9t\u00e9 annonc\u00e9s pour les Afghans par les Etats.<\/p>\n\n\n\n<h2 class=\"wp-block-heading has-medium-font-size\">J&rsquo;ai entendu parler de missions d&rsquo;\u00e9vacuation mises en place par les autorit\u00e9s belges. Le HCR peut-il m&rsquo;aider \u00e0 y acc\u00e9der ?<\/h2>\n\n\n\n<p>Le HCR ne joue aucun r\u00f4le dans ces missions d&rsquo;\u00e9vacuation et ne traite pas les demandes.<\/p>\n\n\n\n<p>Les autorit\u00e9s belges ont annonc\u00e9 le 25 ao\u00fbt 2021 que les op\u00e9rations d&rsquo;\u00e9vacuation depuis l&rsquo;a\u00e9roport de Kaboul seraient interrompues \u00e0 compter du 26 ao\u00fbt 2021 en  raison de menaces pour la s\u00e9curit\u00e9. La Belgique continue \u00e0 travailler avec ses partenaires pour trouver une solution pour les Belges et les b\u00e9n\u00e9ficiaires en Afghanistan.<\/p>\n\n\n\n<p>Les personnes souhaitant \u00eatre \u00e9vacu\u00e9es en Belgique ou leurs proches peuvent trouver plus d\u2019informations sur le\u00a0<a href=\"https:\/\/pakistan.diplomatie.belgium.be\/fr\" target=\"_blank\" rel=\"noreferrer noopener\">site Internet de l\u2019ambassade de Belgique \u00e0 Islamabad<\/a>.<\/p>\n\n\n\n<p><\/p>\n","protected":false},"excerpt":{"rendered":"<p>Le HCR peut-il m&rsquo;aider ou aider des proches \u00e0 quitter l&rsquo;Afghanistan ? Le HCR n&rsquo;est pas en mesure d&rsquo;aider les Afghans se trouvant en Afghanistan \u00e0 quitter le pays. Veuillez consulter la page HELP du HCR pour l&rsquo;Afghanistan. Sur cette page, le HCR fournit des liens vers des programmes d&rsquo;\u00e9vacuation qui ont \u00e9t\u00e9 annonc\u00e9s pour [&hellip;]<\/p>\n","protected":false},"author":170,"featured_media":0,"parent":0,"menu_order":0,"comment_status":"closed","ping_status":"closed","template":"","meta":{"_acf_changed":false,"footnotes":""},"class_list":["post-918","page","type-page","status-publish","hentry"],"acf":[],"_links":{"self":[{"href":"https:\/\/help.unhcr.org\/belgium\/wp-json\/wp\/v2\/pages\/918","targetHints":{"allow":["GET"]}}],"collection":[{"href":"https:\/\/help.unhcr.org\/belgium\/wp-json\/wp\/v2\/pages"}],"about":[{"href":"https:\/\/help.unhcr.org\/belgium\/wp-json\/wp\/v2\/types\/page"}],"author":[{"embeddable":true,"href":"https:\/\/help.unhcr.org\/belgium\/wp-json\/wp\/v2\/users\/170"}],"replies":[{"embeddable":true,"href":"https:\/\/help.unhcr.org\/belgium\/wp-json\/wp\/v2\/comments?post=918"}],"version-history":[{"count":6,"href":"https:\/\/help.unhcr.org\/belgium\/wp-json\/wp\/v2\/pages\/918\/revisions"}],"predecessor-version":[{"id":1616,"href":"https:\/\/help.unhcr.org\/belgium\/wp-json\/wp\/v2\/pages\/918\/revisions\/1616"}],"wp:attachment":[{"href":"https:\/\/help.unhcr.org\/belgium\/wp-json\/wp\/v2\/media?parent=918"}],"curies":[{"name":"wp","href":"https:\/\/api.w.org\/{rel}","templated":true}]}}