{"id":455,"date":"2020-11-03T09:11:37","date_gmt":"2020-11-03T09:11:37","guid":{"rendered":"http:\/\/help.unhcr.org\/belgium\/where-to-seek-help\/health-care\/"},"modified":"2025-06-04T09:15:27","modified_gmt":"2025-06-04T09:15:27","slug":"health-care","status":"publish","type":"page","link":"https:\/\/help.unhcr.org\/belgium\/where-to-seek-help\/health-care\/","title":{"rendered":"Soins de sant\u00e9"},"content":{"rendered":"\n<p>En tant que demandeur de protection internationale, vous avez droit \u00e0 des soins de sant\u00e9 tant pendant qu&rsquo;apr\u00e8s votre proc\u00e9dure de demande de protection internationale, quelle que soit l&rsquo;issue de cette derni\u00e8re. Le degr\u00e9 de prestation de soins de sant\u00e9 sera toutefois diff\u00e9rent selon votre statut juridique.<\/p>\n\n\n\n<h3 class=\"wp-block-heading\">Pendant la proc\u00e9dure de demande de protection internationale<\/h3>\n\n\n\n<p>La prestation de soins de sant\u00e9 d\u00e9pend du type de logement (centre d&rsquo;accueil collectif, initiative locale d&rsquo;accueil (ILA), logement priv\u00e9) dans lequel vous r\u00e9sidez. Ce sera <strong>Fedasil<\/strong> ou votre <strong>CPAS<\/strong> <a href=\"https:\/\/help.unhcr.org\/belgium\/where-to-seek-help\/general-services-and-helpdesks\/\">local<\/a> qui sera charg\u00e9 de vous fournir les soins de sant\u00e9 et de leur paiement. Plus d\u2019information <a href=\"https:\/\/www.agii.be\/thema\/sociaal-medisch\/wie-betaalt-welke-medische-kosten\/medische-kosten-per-verblijfssituatie\/wie-betaalt-welke-medische-kosten-van-een-asielzoeker\">ici<\/a>.<\/p>\n\n\n\n<h3 class=\"wp-block-heading\">Apr\u00e8s la proc\u00e9dure de demande de protection internationale<\/h3>\n\n\n\n<p>Si vous avez obtenu le statut de r\u00e9fugi\u00e9, vous devrez devenir membre d&rsquo;<strong>un organisme d&rsquo;assurance maladie belge<\/strong>. Vous trouverez <a href=\"https:\/\/www.belgium.be\/en\/health\/healthcare_costs\">ici<\/a> de plus amples informations sur le syst\u00e8me de sant\u00e9 belge.<\/p>\n\n\n\n<p>Si votre demande de protection internationale a \u00e9t\u00e9 rejet\u00e9e, le centre d&rsquo;accueil sera responsable de la fourniture et du paiement des soins de sant\u00e9 tant que vous aurez droit \u00e0 l&rsquo;accueil. Lorsque vous n&rsquo;avez plus droit \u00e0 l&rsquo;accueil, vous conservez le droit \u00e0 l&rsquo;assistance m\u00e9dicale d&rsquo;urgence, pay\u00e9e par votre <strong>CPAS<\/strong> <a href=\"https:\/\/help.unhcr.org\/belgium\/where-to-seek-help\/general-services-and-helpdesks\/\">local<\/a>.<\/p>\n\n\n\n<p>Un certain nombre d&rsquo;organisations fournissent \u00e9galement une assistance m\u00e9dicale gratuite. Par exemple, Medibus, un service g\u00e9r\u00e9 par <strong>M\u00e9decins du Monde<\/strong>, offre une assistance m\u00e9dicale gratuite \u00e0 Bruxelles, Charleroi et Colfontaine. Pour plus d&rsquo;informations sur l&rsquo;assistance m\u00e9dicale de M\u00e9decins du Monde, cliquez <a href=\"https:\/\/medecinsdumonde.be\/projets\/consultations-mobiles#Lasituation\">ici<\/a>.<\/p>\n\n\n\n<p>Pour plus d&rsquo;informations sur l&rsquo;assistance m\u00e9dicale gratuite en g\u00e9n\u00e9ral, cliquez <a href=\"http:\/\/www.clinicfinder.org\/?locale=en\">ici<\/a>.<\/p>\n","protected":false},"excerpt":{"rendered":"<p>En tant que demandeur de protection internationale, vous avez droit \u00e0 des soins de sant\u00e9 tant pendant qu&rsquo;apr\u00e8s votre proc\u00e9dure de demande de protection internationale, quelle que soit l&rsquo;issue de cette derni\u00e8re. Le degr\u00e9 de prestation de soins de sant\u00e9 sera toutefois diff\u00e9rent selon votre statut juridique. Pendant la proc\u00e9dure de demande de protection internationale [&hellip;]<\/p>\n","protected":false},"author":1,"featured_media":0,"parent":308,"menu_order":4,"comment_status":"closed","ping_status":"closed","template":"","meta":{"_acf_changed":false,"footnotes":""},"class_list":["post-455","page","type-page","status-publish","hentry"],"acf":[],"_links":{"self":[{"href":"https:\/\/help.unhcr.org\/belgium\/wp-json\/wp\/v2\/pages\/455","targetHints":{"allow":["GET"]}}],"collection":[{"href":"https:\/\/help.unhcr.org\/belgium\/wp-json\/wp\/v2\/pages"}],"about":[{"href":"https:\/\/help.unhcr.org\/belgium\/wp-json\/wp\/v2\/types\/page"}],"author":[{"embeddable":true,"href":"https:\/\/help.unhcr.org\/belgium\/wp-json\/wp\/v2\/users\/1"}],"replies":[{"embeddable":true,"href":"https:\/\/help.unhcr.org\/belgium\/wp-json\/wp\/v2\/comments?post=455"}],"version-history":[{"count":5,"href":"https:\/\/help.unhcr.org\/belgium\/wp-json\/wp\/v2\/pages\/455\/revisions"}],"predecessor-version":[{"id":1683,"href":"https:\/\/help.unhcr.org\/belgium\/wp-json\/wp\/v2\/pages\/455\/revisions\/1683"}],"up":[{"embeddable":true,"href":"https:\/\/help.unhcr.org\/belgium\/wp-json\/wp\/v2\/pages\/308"}],"wp:attachment":[{"href":"https:\/\/help.unhcr.org\/belgium\/wp-json\/wp\/v2\/media?parent=455"}],"curies":[{"name":"wp","href":"https:\/\/api.w.org\/{rel}","templated":true}]}}