{"id":454,"date":"2020-11-03T10:13:15","date_gmt":"2020-11-03T10:13:15","guid":{"rendered":"http:\/\/help.unhcr.org\/belgium\/reporting-misconduct-related-to-unhcr\/"},"modified":"2022-08-11T13:59:54","modified_gmt":"2022-08-11T13:59:54","slug":"reporting-misconduct-related-to-unhcr","status":"publish","type":"page","link":"https:\/\/help.unhcr.org\/belgium\/reporting-misconduct-related-to-unhcr\/","title":{"rendered":"Signaler une faute grave li\u00e9e au HCR"},"content":{"rendered":"\n<h3 class=\"wp-block-heading\">Qu&rsquo;est-ce qu&rsquo;une faute grave?<\/h3>\n\n\n\n<p>Les Nations Unies d\u00e9finissent une faute grave comme \u00ab&nbsp;<em>tout manquement d&rsquo;un fonctionnaire aux obligations qui lui incombent en vertu de la Charte des Nations Unies, du Statut et du R\u00e8glement du personnel ou d&rsquo;autres textes administratifs, ou au respect des normes de conduite attendues d&rsquo;un fonctionnaire international<\/em>&nbsp;\u00bb. En particulier, la fraude, la corruption et l&rsquo;exploitation et les abus sexuels sont consid\u00e9r\u00e9s comme des fautes graves, qu&rsquo;elles soient commises par le personnel du HCR ou par le personnel de ses partenaires.<\/p>\n\n\n\n<p>Si vous avez connaissance, ou si vous avez des pr\u00e9occupations ou des soup\u00e7ons concernant un cas possible de faute grave en rapport avec le HCR, veuillez le signaler directement au Bureau de l&rsquo;Inspecteur g\u00e9n\u00e9ral (IGO) au si\u00e8ge du HCR :<\/p>\n\n\n\n<ul class=\"wp-block-list\"><li><strong>Courriel<\/strong> : <a href=\"mailto:inspector@unhcr.org\">inspector@unhcr.org<\/a><\/li><li><strong>Fax confidentiel<\/strong> : +41 22 739 7380<\/li><li><strong>Adresse postale<\/strong> : HCR, 94 Rue de Montbrillant, 1202 Gen\u00e8ve, Suisse<\/li><li><strong>IGO Formulaire de Plainte en ligne\u00a0<\/strong>: <a href=\"https:\/\/www.unhcr.org\/igo-complaints.html\">https:\/\/www.unhcr.org\/igo-complaints.html<\/a><\/li><\/ul>\n\n\n\n<p>Votre rapport sera trait\u00e9 avec discr\u00e9tion et restera strictement confidentiel. Pour plus d&rsquo;informations, veuillez consulter <a href=\"https:\/\/www.unhcr.org\/fr\/bureau-linspecteur-general.html\">cette page<\/a>.<\/p>\n\n\n\n<h3 class=\"wp-block-heading\">Qu&rsquo;est-ce que la fraude?<\/h3>\n\n\n\n<p>La fraude est tout acte ayant pour objectif de tromper intentionnellement une autre personne afin d&rsquo;obtenir un avantage.<\/p>\n\n\n\n<p>Tous les services fournis par le HCR sont gratuits. Ne faites pas confiance \u00e0 une personne ou \u00e0 une organisation qui vous demande de payer pour les services du HCR ou de ses partenaires. Signalez les fraudeurs qui vous proposent une r\u00e9installation, une aide financi\u00e8re ou autre, de faux documents ou de fausses demandes en \u00e9change d&rsquo;argent ou d&rsquo;autres faveurs.<\/p>\n\n\n\n<h3 class=\"wp-block-heading\">Qu&rsquo;est-ce que la corruption?<\/h3>\n\n\n\n<p>La corruption est un acte consistant \u00e0 offrir, donner, recevoir ou solliciter (directement ou indirectement) quelque chose de valeur pour influencer ind\u00fbment les actions d&rsquo;une autre partie.<\/p>\n\n\n\n<p>Tous les services fournis par le HCR sont gratuits. Ne faites pas confiance \u00e0 une personne qui vous demande de payer pour les services du HCR ou de ses partenaires. Si une forme quelconque de faveur (y compris de nature sexuelle) vous est demand\u00e9e, veuillez le signaler imm\u00e9diatement au HCR.<\/p>\n\n\n\n<h3 class=\"wp-block-heading\">Qu&rsquo;est-ce que l&rsquo;exploitation sexuelle?<\/h3>\n\n\n\n<p>L&rsquo;exploitation sexuelle est le fait d&rsquo;abuser ou de tenter d&rsquo;abuser d&rsquo;un \u00e9tat de vuln\u00e9rabilit\u00e9, d&rsquo;un rapport de force in\u00e9gal ou de rapports de confiance \u00e0 des fins sexuelles, y compris mais non exclusivement en vue de tirer un avantage p\u00e9cuniaire, social ou politique des personnes concern\u00e9es.<\/p>\n\n\n\n<p>L&rsquo;exploitation sexuelle est un comportement inacceptable et interdit pour tous les membres du personnel des Nations unies et des ONG partenaires.<\/p>\n\n\n\n<p>Toute pr\u00e9occupation \u00e0 ce sujet doit \u00eatre signal\u00e9e imm\u00e9diatement !<\/p>\n\n\n\n<h3 class=\"wp-block-heading\">Qu&rsquo;est-ce que l&rsquo;abus sexuel?<\/h3>\n\n\n\n<p>Est un abus sexuel toute atteinte sexuelle commise avec force, contrainte ou \u00e0 la faveur d&rsquo;un rapport in\u00e9gal, la menace d&rsquo;une telle atteinte constituant aussi un abus sexuel ;<\/p>\n\n\n\n<p>L&rsquo;abus sexuel est un comportement inacceptable et interdit pour tous les membres du personnel des Nations unies et des ONG partenaires.<\/p>\n\n\n\n<p>Toute pr\u00e9occupation \u00e0 ce sujet doit \u00eatre signal\u00e9e imm\u00e9diatement !<\/p>\n","protected":false},"excerpt":{"rendered":"<p>Qu&rsquo;est-ce qu&rsquo;une faute grave? Les Nations Unies d\u00e9finissent une faute grave comme \u00ab&nbsp;tout manquement d&rsquo;un fonctionnaire aux obligations qui lui incombent en vertu de la Charte des Nations Unies, du Statut et du R\u00e8glement du personnel ou d&rsquo;autres textes administratifs, ou au respect des normes de conduite attendues d&rsquo;un fonctionnaire international&nbsp;\u00bb. En particulier, la fraude, [&hellip;]<\/p>\n","protected":false},"author":1,"featured_media":0,"parent":0,"menu_order":80,"comment_status":"closed","ping_status":"closed","template":"","meta":{"_acf_changed":false,"footnotes":""},"class_list":["post-454","page","type-page","status-publish","hentry"],"acf":[],"_links":{"self":[{"href":"https:\/\/help.unhcr.org\/belgium\/wp-json\/wp\/v2\/pages\/454","targetHints":{"allow":["GET"]}}],"collection":[{"href":"https:\/\/help.unhcr.org\/belgium\/wp-json\/wp\/v2\/pages"}],"about":[{"href":"https:\/\/help.unhcr.org\/belgium\/wp-json\/wp\/v2\/types\/page"}],"author":[{"embeddable":true,"href":"https:\/\/help.unhcr.org\/belgium\/wp-json\/wp\/v2\/users\/1"}],"replies":[{"embeddable":true,"href":"https:\/\/help.unhcr.org\/belgium\/wp-json\/wp\/v2\/comments?post=454"}],"version-history":[{"count":5,"href":"https:\/\/help.unhcr.org\/belgium\/wp-json\/wp\/v2\/pages\/454\/revisions"}],"predecessor-version":[{"id":1332,"href":"https:\/\/help.unhcr.org\/belgium\/wp-json\/wp\/v2\/pages\/454\/revisions\/1332"}],"wp:attachment":[{"href":"https:\/\/help.unhcr.org\/belgium\/wp-json\/wp\/v2\/media?parent=454"}],"curies":[{"name":"wp","href":"https:\/\/api.w.org\/{rel}","templated":true}]}}