{"id":452,"date":"2020-11-03T10:09:57","date_gmt":"2020-11-03T10:09:57","guid":{"rendered":"http:\/\/help.unhcr.org\/belgium\/about-unhcr-in-belgium\/"},"modified":"2021-05-25T07:30:33","modified_gmt":"2021-05-25T07:30:33","slug":"about-unhcr-in-belgium","status":"publish","type":"page","link":"https:\/\/help.unhcr.org\/belgium\/about-unhcr-in-belgium\/","title":{"rendered":"\u00c0 propos du HCR en Belgique"},"content":{"rendered":"\n<h2 class=\"wp-block-heading\">Quel est le r\u00f4le du HCR en Belgique&nbsp;?<\/h2>\n\n\n\n<p>Comme d\u00e9j\u00e0 mentionn\u00e9 sur cette page, en Belgique, les autorit\u00e9s ont la responsabilit\u00e9 de traiter les demandes de protection internationale et de d\u00e9cider si une personne a besoin de protection et peut donc recevoir un permis de s\u00e9jour en Belgique.<\/p>\n\n\n\n<p>Par cons\u00e9quent, <strong>le HCR en Belgique :<\/strong><\/p>\n\n\n\n<ul class=\"wp-block-list\"><li>ne re\u00e7oit pas ni ne traite de demandes de protection internationale<\/li><li>ne re\u00e7oit pas ni ne traite de demandes de r\u00e9installation (en Belgique ou dans d&rsquo;autres pays)<\/li><li>ne traite pas les demandes de retour volontaire,<\/li><li>ne fournit pas de logement, ni d&rsquo;aide sociale ou financi\u00e8re,<\/li><li>ne d\u00e9livre pas de documents de r\u00e9fugi\u00e9s (y compris des documents civils ou de voyage).<\/li><\/ul>\n\n\n\n<p>Sur les autres pages de cette page d&rsquo;aide, vous pouvez trouver l&rsquo;autorit\u00e9\/organisation comp\u00e9tente qui peut vous aider \u00e0 r\u00e9pondre aux demandes ci-dessus.<\/p>\n\n\n\n<p><strong>Les principales activit\u00e9s du HCR en Belgique sont les suivantes :<\/strong><\/p>\n\n\n\n<p>Activit\u00e9s de protection (surveillance, renforcement des capacit\u00e9s et sensibilisation) :<\/p>\n\n\n\n<ul class=\"wp-block-list\"><li>Conseiller les institutions de protection internationale et les acteurs concern\u00e9s (avocats, travailleurs sociaux, ONG, etc.) sur le droit des r\u00e9fugi\u00e9s et les processus l\u00e9gislatifs li\u00e9s \u00e0 la protection internationale et \u00e0 l&rsquo;apatridie &#8211; pour veiller \u00e0 ce qu&rsquo;ils se conforment aux normes juridiques internationales ;<\/li><li>Aider les institutions nationales et la soci\u00e9t\u00e9 civile \u00e0 renforcer leurs capacit\u00e9s ;<\/li><li>Plaider pour des mesures globales afin que les personnes concern\u00e9es puissent effectivement b\u00e9n\u00e9ficier des droits garantis par les cadres internationaux, r\u00e9gionaux et nationaux ;<\/li><li>Sensibiliser les parties prenantes, les institutions nationales et la soci\u00e9t\u00e9 civile aux droits et obligations des r\u00e9fugi\u00e9s ;<\/li><li>Informer les r\u00e9fugi\u00e9s, les demandeurs de protection internationale et les apatrides de leurs droits et obligations, et les aider ;<\/li><li>Dans des cas exceptionnels, intervenir dans des proc\u00e9dures judiciaires qui font jurisprudence pour la protection internationale des r\u00e9fugi\u00e9s.<\/li><li>Conseiller les autorit\u00e9s et les ONG sur les moyens d&rsquo;aider les r\u00e9fugi\u00e9s qui ont obtenu une protection internationale \u00e0 s&rsquo;int\u00e9grer en Belgique.<\/li><\/ul>\n\n\n\n<p>Partenariats avec le secteur priv\u00e9 :<\/p>\n\n\n\n<ul class=\"wp-block-list\"><li>Le HCR en Belgique s&rsquo;engage de mani\u00e8re proactive aupr\u00e8s des entreprises, des fondations et des philanthropes int\u00e9ress\u00e9s \u00e0 contribuer \u00e0 des solutions innovantes pour relever les d\u00e9fis auxquels sont confront\u00e9s les r\u00e9fugi\u00e9s.<\/li><\/ul>\n\n\n\n<p>Sensibilisation du public&nbsp;:<\/p>\n\n\n\n<ul class=\"wp-block-list\"><li>Organiser des \u00e9v\u00e9nements et des initiatives avec des partenaires culturels, politiques, sportifs et d&rsquo;autres organisations du secteur priv\u00e9 afin de promouvoir le travail du HCR.<\/li><li>Promouvoir la visibilit\u00e9 du travail du HCR et d\u00e9fendre les personnes relevant de sa comp\u00e9tence en partageant des histoires inspirantes sur les r\u00e9fugi\u00e9s via son site web <a href=\"https:\/\/www.unhcr.org\/belgium.html\">unhcr.org<\/a> et via les m\u00e9dias sociaux : <a href=\"https:\/\/www.facebook.com\/UNHCR.BE\/\">Facebook du HCR Belgique<\/a>, et Twitter (@UNHCRBelgique et @UNHCRBelgi\u00eb).<\/li><li>Entretenir des relations avec les m\u00e9dias locaux et suivre de pr\u00e8s la presse nationale.<\/li><\/ul>\n\n\n\n<p>Pour plus d&rsquo;informations sur nos activit\u00e9s, veuillez consulter notre site web \u00e0 l&rsquo;adresse suivante : https:\/\/www.unhcr.org\/be\/.<\/p>\n","protected":false},"excerpt":{"rendered":"<p>Quel est le r\u00f4le du HCR en Belgique&nbsp;? Comme d\u00e9j\u00e0 mentionn\u00e9 sur cette page, en Belgique, les autorit\u00e9s ont la responsabilit\u00e9 de traiter les demandes de protection internationale et de d\u00e9cider si une personne a besoin de protection et peut donc recevoir un permis de s\u00e9jour en Belgique. Par cons\u00e9quent, le HCR en Belgique : [&hellip;]<\/p>\n","protected":false},"author":1,"featured_media":0,"parent":0,"menu_order":70,"comment_status":"closed","ping_status":"closed","template":"","meta":{"_acf_changed":false,"footnotes":""},"class_list":["post-452","page","type-page","status-publish","hentry"],"acf":[],"_links":{"self":[{"href":"https:\/\/help.unhcr.org\/belgium\/wp-json\/wp\/v2\/pages\/452","targetHints":{"allow":["GET"]}}],"collection":[{"href":"https:\/\/help.unhcr.org\/belgium\/wp-json\/wp\/v2\/pages"}],"about":[{"href":"https:\/\/help.unhcr.org\/belgium\/wp-json\/wp\/v2\/types\/page"}],"author":[{"embeddable":true,"href":"https:\/\/help.unhcr.org\/belgium\/wp-json\/wp\/v2\/users\/1"}],"replies":[{"embeddable":true,"href":"https:\/\/help.unhcr.org\/belgium\/wp-json\/wp\/v2\/comments?post=452"}],"version-history":[{"count":5,"href":"https:\/\/help.unhcr.org\/belgium\/wp-json\/wp\/v2\/pages\/452\/revisions"}],"predecessor-version":[{"id":755,"href":"https:\/\/help.unhcr.org\/belgium\/wp-json\/wp\/v2\/pages\/452\/revisions\/755"}],"wp:attachment":[{"href":"https:\/\/help.unhcr.org\/belgium\/wp-json\/wp\/v2\/media?parent=452"}],"curies":[{"name":"wp","href":"https:\/\/api.w.org\/{rel}","templated":true}]}}