{"id":450,"date":"2020-11-03T10:06:11","date_gmt":"2020-11-03T10:06:11","guid":{"rendered":"http:\/\/help.unhcr.org\/belgium\/resettlement\/"},"modified":"2021-06-18T14:20:36","modified_gmt":"2021-06-18T14:20:36","slug":"resettlement","status":"publish","type":"page","link":"https:\/\/help.unhcr.org\/belgium\/resettlement\/","title":{"rendered":"R\u00e9installation"},"content":{"rendered":"\n<p>La r\u00e9installation permet aux r\u00e9fugi\u00e9s d&rsquo;entrer dans un pays tiers en toute l\u00e9galit\u00e9 et s\u00e9curit\u00e9. La r\u00e9installation implique la s\u00e9lection et le transfert de r\u00e9fugi\u00e9s d\u2019un \u00c9tat dans lequel ils ont cherch\u00e9 une protection vers un autre \u00c9tat qui accepte de les accueillir comme r\u00e9fugi\u00e9s avec un statut de r\u00e9sident permanent. Il n&rsquo;y a cependant que peu de places disponibles. Chaque ann\u00e9e, le nombre de personnes qui souhaitent \u00eatre r\u00e9install\u00e9es est bien sup\u00e9rieur au nombre de places disponibles.<\/p>\n\n\n\n<p>Il n&rsquo;y a pas de droit \u00e0 la r\u00e9installation. Chaque pays d\u00e9termine ind\u00e9pendamment le nombre de places de r\u00e9installation et les pays d&rsquo;o\u00f9 les r\u00e9fugi\u00e9s seront admis. Dans le pass\u00e9, la Belgique a r\u00e9install\u00e9 des r\u00e9fugi\u00e9s syriens de Turquie, du Liban et de Jordanie, des r\u00e9fugi\u00e9s congolais de la r\u00e9gion des Grands Lacs et des r\u00e9fugi\u00e9s du Niger. <a href=\"https:\/\/www.cgra.be\/fr\/content\/reinstallation-0\">Vous pourrez trouver ici<\/a> plus d\u2019informations \u00e0 ce sujet.<\/p>\n\n\n\n<p><strong>Les demandes de r\u00e9installation sont faites \u00e0 partir du pays dans lequel vous ou un membre de votre famille\/un parent vit en tant que r\u00e9fugi\u00e9. Dans ce pays<\/strong>, le HCR est charg\u00e9 de d\u00e9terminer la n\u00e9cessit\u00e9 d&rsquo;une r\u00e9installation et de d\u00e9cider si un cas doit \u00eatre propos\u00e9 pour r\u00e9installation. Le HCR identifie les personnes \u00e0 r\u00e9installer conform\u00e9ment aux crit\u00e8res de vuln\u00e9rabilit\u00e9 d\u00e9finis dans le <a href=\"http:\/\/www.unhcr.org\/4a2ccf4c6.html\">Manuel de r\u00e9installation<\/a>. Ce sont ensuite les autorit\u00e9s en charge de l&rsquo;asile\/de la migration des pays de r\u00e9installation qui d\u00e9cident des cas \u00e0 accepter pour la r\u00e9installation. Cette d\u00e9cision est, entre autres, bas\u00e9e sur l&rsquo;attribution par les pays de r\u00e9installation de leur quota\/ places de r\u00e9installation.<\/p>\n\n\n\n<p><strong>Le bureau du HCR en Belgique n&rsquo;est pas charg\u00e9 de la s\u00e9lection des personnes \u00e0 r\u00e9installer. <\/strong>Si vous avez actuellement une proc\u00e9dure de r\u00e9installation en cours ou si vous souhaitez obtenir des informations sur la r\u00e9installation, <strong>veuillez contacter le HCR dans le pays o\u00f9 vous vivez actuellement<\/strong>.<\/p>\n\n\n\n<p><strong>Il n&rsquo;existe pas de programme de r\u00e9installation pour la r\u00e9installation de personnes qui se trouvent d\u00e9j\u00e0 en Belgique dans un autre \u00e9tat comme le Canada ou les \u00c9tats-Unis.<\/strong><\/p>\n\n\n\n<p>Pour plus d&rsquo;informations sur la r\u00e9installation et son fonctionnement, veuillez consulter la <a href=\"https:\/\/www.unhcr.org\/fr\/reinstallation.html\">page web du HCR sur la r\u00e9installation<\/a>. Le HCR dispose \u00e9galement d&rsquo;une brochure avec des questions fr\u00e9quemment pos\u00e9es sur la r\u00e9installation, <a href=\"https:\/\/help.unhcr.org\/faq\/fr\/how-can-we-help-you\/reinstallation\/\">disponible ici<\/a>.<\/p>\n","protected":false},"excerpt":{"rendered":"<p>La r\u00e9installation permet aux r\u00e9fugi\u00e9s d&rsquo;entrer dans un pays tiers en toute l\u00e9galit\u00e9 et s\u00e9curit\u00e9. La r\u00e9installation implique la s\u00e9lection et le transfert de r\u00e9fugi\u00e9s d\u2019un \u00c9tat dans lequel ils ont cherch\u00e9 une protection vers un autre \u00c9tat qui accepte de les accueillir comme r\u00e9fugi\u00e9s avec un statut de r\u00e9sident permanent. Il n&rsquo;y a cependant [&hellip;]<\/p>\n","protected":false},"author":1,"featured_media":0,"parent":0,"menu_order":60,"comment_status":"closed","ping_status":"closed","template":"","meta":{"_acf_changed":false,"footnotes":""},"class_list":["post-450","page","type-page","status-publish","hentry"],"acf":[],"_links":{"self":[{"href":"https:\/\/help.unhcr.org\/belgium\/wp-json\/wp\/v2\/pages\/450","targetHints":{"allow":["GET"]}}],"collection":[{"href":"https:\/\/help.unhcr.org\/belgium\/wp-json\/wp\/v2\/pages"}],"about":[{"href":"https:\/\/help.unhcr.org\/belgium\/wp-json\/wp\/v2\/types\/page"}],"author":[{"embeddable":true,"href":"https:\/\/help.unhcr.org\/belgium\/wp-json\/wp\/v2\/users\/1"}],"replies":[{"embeddable":true,"href":"https:\/\/help.unhcr.org\/belgium\/wp-json\/wp\/v2\/comments?post=450"}],"version-history":[{"count":4,"href":"https:\/\/help.unhcr.org\/belgium\/wp-json\/wp\/v2\/pages\/450\/revisions"}],"predecessor-version":[{"id":798,"href":"https:\/\/help.unhcr.org\/belgium\/wp-json\/wp\/v2\/pages\/450\/revisions\/798"}],"wp:attachment":[{"href":"https:\/\/help.unhcr.org\/belgium\/wp-json\/wp\/v2\/media?parent=450"}],"curies":[{"name":"wp","href":"https:\/\/api.w.org\/{rel}","templated":true}]}}