{"id":437,"date":"2020-11-03T09:49:15","date_gmt":"2020-11-03T09:49:15","guid":{"rendered":"http:\/\/help.unhcr.org\/belgium\/where-to-seek-help\/children\/"},"modified":"2024-02-16T14:04:11","modified_gmt":"2024-02-16T14:04:11","slug":"children","status":"publish","type":"page","link":"https:\/\/help.unhcr.org\/belgium\/where-to-seek-help\/children\/","title":{"rendered":"Les enfants"},"content":{"rendered":"\n<h2 class=\"wp-block-heading\">Acteurs de la surveillance<\/h2>\n\n\n\n<h3 class=\"wp-block-heading\">Commissariat aux Droits de l&rsquo;Enfant<\/h3>\n\n\n\n<p>Le Bureau flamand du Commissariat aux Droits de l&rsquo;Enfant est un organisme ind\u00e9pendant qui contr\u00f4le si les droits de l&rsquo;enfant sont respect\u00e9s en Flandre par les gouvernements central et locaux ainsi que par les organisations priv\u00e9es dans les domaines de l&rsquo;enseignement, de l&rsquo;aide \u00e0 l&rsquo;enfance, de la protection de l&rsquo;enfance et des soins de sant\u00e9. Il d\u00e9tecte les signes (d&rsquo;alerte) des enfants, des jeunes, de leur environnement imm\u00e9diat et des professionnels. Il assure la m\u00e9diation, examine les plaintes et fournit des orientations en termes de politiques \u2013 toujours dans l&rsquo;optique du respect et de l&rsquo;application des droits de l&rsquo;enfant en Flandre. Vous trouverez de plus amples informations sur le Commissariat aux Droits de l&rsquo;Enfant <a href=\"https:\/\/www.kinderrechtencommissariaat.be\/en.\">sur son site web<\/a>.<\/p>\n\n\n\n<p>Le Commissariat aux Droits de l&rsquo;Enfant a mis en place une <strong>ligne d&rsquo;assistance t\u00e9l\u00e9phonique pour les enfants, les parents et les professionnels travaillant dans le domaine des droits de l&rsquo;enfant<\/strong>. Pour plus d&rsquo;informations, <a href=\"https:\/\/www.kinderrechten.be\/\"><strong>cliquez ici<\/strong><\/a>.<\/p>\n\n\n\n<h3 class=\"wp-block-heading\">D\u00e9l\u00e9gu\u00e9 g\u00e9n\u00e9ral aux droits de l&rsquo;enfant<\/h3>\n\n\n\n<p>Le D\u00e9l\u00e9gu\u00e9 g\u00e9n\u00e9ral aux droits de l&rsquo;enfant est l&rsquo;homologue du Commissaire aux Droits de l&rsquo;Enfant flamand et est comp\u00e9tent pour la Communaut\u00e9 fran\u00e7aise (F\u00e9d\u00e9ration Wallonie-Bruxelles). La mission et les t\u00e2ches du D\u00e9l\u00e9gu\u00e9 g\u00e9n\u00e9ral sont similaires \u00e0 celles du Commissaire aux Droits de l&rsquo;Enfant.<\/p>\n\n\n\n<p>Vous trouverez de plus amples informations sur le D\u00e9l\u00e9gu\u00e9 g\u00e9n\u00e9ral aux droits de l&rsquo;enfant <a href=\"http:\/\/www.dgde.cfwb.be\/\">sur son site web<\/a>.<\/p>\n\n\n\n<h3 class=\"wp-block-heading\">Federale Ombudsman \u2013 M\u00e9diateur F\u00e9d\u00e9ral<\/h3>\n\n\n\n<p>Voir <a href=\"https:\/\/help.unhcr.org\/belgium\/where-to-seek-help\/general-services-and-helpdesks\/\">General Services<\/a>. Ils surveillent les actions des organes administratifs f\u00e9d\u00e9raux qui travaillent avec les enfants. \u00a0<\/p>\n\n\n\n<h2 class=\"wp-block-heading\">Pour les enfants non accompagn\u00e9s<\/h2>\n\n\n\n<h3 class=\"wp-block-heading\">Le service des tutelles belge<\/h3>\n\n\n\n<p>Le service des tutelles, qui rel\u00e8ve du Service public f\u00e9d\u00e9ral Justice, est charg\u00e9 d&rsquo;identifier les enfants non accompagn\u00e9s qui arrivent en Belgique sans leurs parents\/tuteurs, d&rsquo;organiser des examens m\u00e9dicaux en cas de doute sur leur \u00e2ge, de veiller \u00e0 ce qu&rsquo;ils soient h\u00e9berg\u00e9s dans des centres adapt\u00e9s \u00e0 leurs besoins sp\u00e9cifiques et de leur d\u00e9signer des tuteurs.<\/p>\n\n\n\n<p>Les t\u00e2ches du tuteur consistent \u00e0 repr\u00e9senter et \u00e0 accompagner l&rsquo;enfant dans toutes les proc\u00e9dures administratives et juridiques, \u00e0 veiller \u00e0 ce qu&rsquo;une solution durable soit trouv\u00e9e pour l&rsquo;enfant, \u00e0 assurer le respect des droits de l&rsquo;enfant, \u00e0 \u00e9tablir la confiance et \u00e0 g\u00e9rer son patrimoine.<\/p>\n\n\n\n<p>Vous trouverez de plus amples informations sur son site web (<a href=\"https:\/\/justitie.belgium.be\/nl\/themas_en_dossiers\/kinderen_en_jongeren\/niet-begeleide_minderjarige_vreemdelingen\/dienst_voogdij\">en n\u00e9erlandais<\/a> et <a href=\"https:\/\/justice.belgium.be\/fr\/themes_et_dossiers\/enfants_et_jeunes\/mineurs_etrangers_non_accompagne\/service_des_tutelles\">en fran\u00e7ais<\/a>).<\/p>\n\n\n\n<h3 class=\"wp-block-heading\">Plate-forme Mineurs en exil<\/h3>\n\n\n\n<p>La Plate-forme Mineurs en exil est une plateforme nationale bilingue de 55 organisations qui coordonne les actions des professionnels travaillant directement avec les enfants non accompagn\u00e9s et les enfants dont les parents sont en s\u00e9jour pr\u00e9caire ou sans papiers en Belgique.<\/p>\n\n\n\n<p>Vous trouverez de plus amples informations sur les services pour enfants en Belgique ainsi que leurs coordonn\u00e9es <a href=\"https:\/\/www.mineursenexil.be\/\">sur son site web<\/a> (en n\u00e9erlandais\/fran\u00e7ais).<\/p>\n\n\n\n<h3 class=\"wp-block-heading\">Yapaka<\/h3>\n\n\n\n<p>Yapaka est un programme de pr\u00e9vention de la maltraitance mis en place \u00e0 l&rsquo;initiative de la F\u00e9d\u00e9ration Wallonie-Bruxelles et qui dispose d&rsquo;une assistance t\u00e9l\u00e9phonique pour les enfants (103) et les adultes (107). En outre, un outil en ligne cartographie toutes les organisations qui peuvent offrir une aide aux enfants, aux adolescents, aux parents et aux familles. Vous pouvez le trouver <a href=\"http:\/\/cartographie.yapaka.be\/\">ici<\/a> (en fran\u00e7ais uniquement).<\/p>\n\n\n\n<h3 class=\"wp-block-heading\">Manorea Helpdesk<\/h3>\n\n\n\n<p>Le Helpdesk Manorea est un regroupement de l&rsquo;expertise des organisations <a href=\"https:\/\/minor-ndako.be\/hulpverlening\/\">Minor Ndako<\/a> et <a href=\"https:\/\/www.mentorescale.be\/\">Mentor Escale<\/a>, qui se concentre sur la diffusion d&rsquo;informations sur la guidance des enfants non accompagn\u00e9s et s\u00e9par\u00e9s. Le Helpdesk Manorea s&rsquo;adresse en priorit\u00e9 aux personnes charg\u00e9es de guider les enfants non accompagn\u00e9s sur le chemin de l&rsquo;ind\u00e9pendance et r\u00e9pond \u00e0 toutes les questions de nature administrative, sociale, juridique ou autre concernant cette guidance.<\/p>\n\n\n\n<p>Vous trouverez de plus amples informations sur le Helpdesk Manorea, ainsi que ses coordonn\u00e9es, <a href=\"https:\/\/www.mentorescale.be\/onze-werking\/de-helpdesk-manorea-expertise-zelfstandigheid-van-nbmvs\/?lang=nl.\">sur son site web<\/a>.<\/p>\n","protected":false},"excerpt":{"rendered":"<p>Acteurs de la surveillance Commissariat aux Droits de l&rsquo;Enfant Le Bureau flamand du Commissariat aux Droits de l&rsquo;Enfant est un organisme ind\u00e9pendant qui contr\u00f4le si les droits de l&rsquo;enfant sont respect\u00e9s en Flandre par les gouvernements central et locaux ainsi que par les organisations priv\u00e9es dans les domaines de l&rsquo;enseignement, de l&rsquo;aide \u00e0 l&rsquo;enfance, de [&hellip;]<\/p>\n","protected":false},"author":1,"featured_media":0,"parent":308,"menu_order":12,"comment_status":"closed","ping_status":"closed","template":"","meta":{"_acf_changed":false,"footnotes":""},"class_list":["post-437","page","type-page","status-publish","hentry"],"acf":[],"_links":{"self":[{"href":"https:\/\/help.unhcr.org\/belgium\/wp-json\/wp\/v2\/pages\/437","targetHints":{"allow":["GET"]}}],"collection":[{"href":"https:\/\/help.unhcr.org\/belgium\/wp-json\/wp\/v2\/pages"}],"about":[{"href":"https:\/\/help.unhcr.org\/belgium\/wp-json\/wp\/v2\/types\/page"}],"author":[{"embeddable":true,"href":"https:\/\/help.unhcr.org\/belgium\/wp-json\/wp\/v2\/users\/1"}],"replies":[{"embeddable":true,"href":"https:\/\/help.unhcr.org\/belgium\/wp-json\/wp\/v2\/comments?post=437"}],"version-history":[{"count":4,"href":"https:\/\/help.unhcr.org\/belgium\/wp-json\/wp\/v2\/pages\/437\/revisions"}],"predecessor-version":[{"id":1601,"href":"https:\/\/help.unhcr.org\/belgium\/wp-json\/wp\/v2\/pages\/437\/revisions\/1601"}],"up":[{"embeddable":true,"href":"https:\/\/help.unhcr.org\/belgium\/wp-json\/wp\/v2\/pages\/308"}],"wp:attachment":[{"href":"https:\/\/help.unhcr.org\/belgium\/wp-json\/wp\/v2\/media?parent=437"}],"curies":[{"name":"wp","href":"https:\/\/api.w.org\/{rel}","templated":true}]}}