{"id":408,"date":"2020-11-03T09:35:44","date_gmt":"2020-11-03T09:35:44","guid":{"rendered":"http:\/\/help.unhcr.org\/belgium\/where-to-seek-help\/translation-services\/"},"modified":"2024-02-16T14:02:10","modified_gmt":"2024-02-16T14:02:10","slug":"translation-services","status":"publish","type":"page","link":"https:\/\/help.unhcr.org\/belgium\/where-to-seek-help\/translation-services\/","title":{"rendered":"Services de traduction"},"content":{"rendered":"\n<p>Les organismes suivants fournissent des services de traduction :<\/p>\n\n\n\n<h3 class=\"wp-block-heading\">Brussel Onthaal \u2013 Bruxelles Accueil<\/h3>\n\n\n\n<p>Cette organisation sans but lucratif fournit des services de traduction et d&rsquo;interpr\u00e9tation aux organisations sociales n\u00e9erlandaises et bilingues sans but lucratif et aux services f\u00e9d\u00e9raux \u00e0 Bruxelles. Vous trouverez des informations sur cette organisation <a href=\"https:\/\/www.servicedinterpretariatsocial.be\/\">ici<\/a>.<\/p>\n\n\n\n<h3 class=\"wp-block-heading\">SeTIS Bruxelles<\/h3>\n\n\n\n<p>Cette organisation sans but lucratif fournit des services de traduction et d&rsquo;interpr\u00e9tation aux organisations sans but lucratif de langue fran\u00e7aise \u00e0 Bruxelles. Vous trouverez des informations sur cette organisation <a href=\"https:\/\/www.setisbxl.be\/\">ici<\/a>.<\/p>\n\n\n\n<h3 class=\"wp-block-heading\">SeTIS Wallon<\/h3>\n\n\n\n<p>Cette organisation sans but lucratif fournit des services de traduction et d&rsquo;interpr\u00e9tation aux organisations sans but lucratif de langue fran\u00e7aise en Wallonie. Vous trouverez des informations sur cette organisation <a href=\"https:\/\/setisw.com\/\">ici<\/a>.<\/p>\n","protected":false},"excerpt":{"rendered":"<p>Les organismes suivants fournissent des services de traduction : Brussel Onthaal \u2013 Bruxelles Accueil Cette organisation sans but lucratif fournit des services de traduction et d&rsquo;interpr\u00e9tation aux organisations sociales n\u00e9erlandaises et bilingues sans but lucratif et aux services f\u00e9d\u00e9raux \u00e0 Bruxelles. Vous trouverez des informations sur cette organisation ici. SeTIS Bruxelles Cette organisation sans but [&hellip;]<\/p>\n","protected":false},"author":1,"featured_media":0,"parent":308,"menu_order":9,"comment_status":"closed","ping_status":"closed","template":"","meta":{"_acf_changed":false,"footnotes":""},"class_list":["post-408","page","type-page","status-publish","hentry"],"acf":[],"_links":{"self":[{"href":"https:\/\/help.unhcr.org\/belgium\/wp-json\/wp\/v2\/pages\/408","targetHints":{"allow":["GET"]}}],"collection":[{"href":"https:\/\/help.unhcr.org\/belgium\/wp-json\/wp\/v2\/pages"}],"about":[{"href":"https:\/\/help.unhcr.org\/belgium\/wp-json\/wp\/v2\/types\/page"}],"author":[{"embeddable":true,"href":"https:\/\/help.unhcr.org\/belgium\/wp-json\/wp\/v2\/users\/1"}],"replies":[{"embeddable":true,"href":"https:\/\/help.unhcr.org\/belgium\/wp-json\/wp\/v2\/comments?post=408"}],"version-history":[{"count":4,"href":"https:\/\/help.unhcr.org\/belgium\/wp-json\/wp\/v2\/pages\/408\/revisions"}],"predecessor-version":[{"id":1594,"href":"https:\/\/help.unhcr.org\/belgium\/wp-json\/wp\/v2\/pages\/408\/revisions\/1594"}],"up":[{"embeddable":true,"href":"https:\/\/help.unhcr.org\/belgium\/wp-json\/wp\/v2\/pages\/308"}],"wp:attachment":[{"href":"https:\/\/help.unhcr.org\/belgium\/wp-json\/wp\/v2\/media?parent=408"}],"curies":[{"name":"wp","href":"https:\/\/api.w.org\/{rel}","templated":true}]}}