{"id":401,"date":"2020-11-03T09:24:45","date_gmt":"2020-11-03T09:24:45","guid":{"rendered":"http:\/\/help.unhcr.org\/belgium\/where-to-seek-help\/integration\/"},"modified":"2024-02-16T14:01:26","modified_gmt":"2024-02-16T14:01:26","slug":"integration","status":"publish","type":"page","link":"https:\/\/help.unhcr.org\/belgium\/where-to-seek-help\/integration\/","title":{"rendered":"Int\u00e9gration"},"content":{"rendered":"\n<p>Le <a href=\"https:\/\/padlet.com\/refugeeinitiativesmap\/rim\">Refugee Initiatives Map<\/a> est une visualisation interactive de plusieurs organisations qui aident \u00e0 l&rsquo;int\u00e9gration des r\u00e9fugi\u00e9s.<\/p>\n\n\n\n<p>Il existe diff\u00e9rents centres d&rsquo;int\u00e9gration r\u00e9gionaux et locaux en Belgique. Ils organisent le processus d&rsquo;int\u00e9gration mais certains offrent \u00e9galement des services qui s&rsquo;adressent \u00e0 tous les migrants.<\/p>\n\n\n\n<h3 class=\"wp-block-heading\">Centres r\u00e9gionaux d&rsquo;int\u00e9gration en Wallonie<\/h3>\n\n\n\n<p>Sur le territoire de la R\u00e9gion wallonne existent 8 centres r\u00e9gionaux d&rsquo;int\u00e9gration : <a href=\"http:\/\/cainamur.be\/\">CAI<\/a>, <a href=\"https:\/\/www.ceraic.be\/\">Ce.R.A.I.C.<\/a>, <a href=\"https:\/\/www.cimb.be\/\">CIMB<\/a>, <a href=\"http:\/\/www.cribw.be\/\">CRIBW<\/a>, <a href=\"http:\/\/www.cricharleroi.be\/\">CRIC<\/a>, <a href=\"http:\/\/www.crilux.be\/\">CriLux<\/a>, <a href=\"http:\/\/www.cripel.be\/\">CRIPEL<\/a>, <a href=\"http:\/\/crvi.be\/\">CRVI<\/a>. Ils sont tous soutenus et conseill\u00e9s par le <a href=\"https:\/\/discri.be\/\">DisCRI<\/a><a href=\"https:\/\/discri.be\/mission-et-vision\/\"> (Dispositif de concertation et d&rsquo;appui aux Centres R\u00e9gionaux d&rsquo;Int\u00e9gration de Wallonie)<\/a>.<\/p>\n\n\n\n<h3 class=\"wp-block-heading\">Agence d&rsquo;int\u00e9gration en Flandre<\/h3>\n\n\n\n<p>Agentschap Integratie &amp; Inburgering est une agence gouvernementale flamande qui fournit une assistance en mati\u00e8re d&rsquo;int\u00e9gration, d&rsquo;int\u00e9gration civique et propose une orientation vers des cours de n\u00e9erlandais. Pour plus d&rsquo;informations sur la mani\u00e8re de contacter l&rsquo;agence&nbsp;: <a href=\"https:\/\/help.unhcr.org\/belgium\/where-to-seek-help\/general-services-and-helpdesks\/\">voir General Services<\/a>. L&rsquo;agence est active dans 70 localit\u00e9s de six r\u00e9gions de Flandre et de Bruxelles, \u00e0 l&rsquo;exception d&rsquo;Anvers et de Gand, qui disposent de leurs propres centres d&rsquo;int\u00e9gration: <\/p>\n\n\n\n<h3 class=\"wp-block-heading\">Atlas Integratie en Inburgering Antwerpen<\/h3>\n\n\n\n<p>Atlas fournit des informations et des conseils aux migrants en s\u00e9jour l\u00e9gal et aux organisations qui les soutiennent, dans la ville d&rsquo;Anvers. Pour plus d&rsquo;informations (en n\u00e9erlandais, anglais, fran\u00e7ais, espagnol, arabe, polonais et roumain), <a href=\"https:\/\/www.atlas-antwerpen.be\/en\/contact\">consultez ce site<\/a>.<\/p>\n\n\n\n<h3 class=\"wp-block-heading\">In-Gent<\/h3>\n\n\n\n<p>In-Gent fournit des informations et des conseils aux migrants en s\u00e9jour l\u00e9gal et aux organisations qui les soutiennent, dans la ville de Gand. Pour plus d\u2019information, <a href=\"https:\/\/www.in-gent.be\/\">consultez ce site<\/a>.<\/p>\n\n\n\n<h3 class=\"wp-block-heading\">Bureau d\u2019accueil pour primo-arrivants Bruxelles (BAPA)<\/h3>\n\n\n\n<p>\u00c0 Bruxelles, il existe trois centres d&rsquo;int\u00e9gration, plus pr\u00e9cis\u00e9ment <a href=\"http:\/\/www.bapabxl.be\/\">BAPA Bxl<\/a>, BAPA Convivial (<a href=\"https:\/\/help.unhcr.org\/belgium\/where-to-seek-help\/general-services-and-helpdesks\/\">voir General Services<\/a>) et <a href=\"http:\/\/www.via.brussels\/en\/\">BAPA VIA<\/a>.&nbsp; Ces centres proposent des cours de fran\u00e7ais gratuits.<\/p>\n\n\n\n<p>Si vous r\u00e9sidez \u00e0 Bruxelles mais souhaitez apprendre le n\u00e9erlandais, vous devez vous adresser \u00e0 <a href=\"https:\/\/bon.be\/nl\">bon<\/a>, le bureau d&rsquo;accueil bruxellois pour l&rsquo;int\u00e9gration de l&rsquo;Agentschap Integratie en Inburgering (voir ci-dessus).<\/p>\n","protected":false},"excerpt":{"rendered":"<p>Le Refugee Initiatives Map est une visualisation interactive de plusieurs organisations qui aident \u00e0 l&rsquo;int\u00e9gration des r\u00e9fugi\u00e9s. Il existe diff\u00e9rents centres d&rsquo;int\u00e9gration r\u00e9gionaux et locaux en Belgique. Ils organisent le processus d&rsquo;int\u00e9gration mais certains offrent \u00e9galement des services qui s&rsquo;adressent \u00e0 tous les migrants. Centres r\u00e9gionaux d&rsquo;int\u00e9gration en Wallonie Sur le territoire de la R\u00e9gion [&hellip;]<\/p>\n","protected":false},"author":1,"featured_media":0,"parent":308,"menu_order":8,"comment_status":"closed","ping_status":"closed","template":"","meta":{"_acf_changed":false,"footnotes":""},"class_list":["post-401","page","type-page","status-publish","hentry"],"acf":[],"_links":{"self":[{"href":"https:\/\/help.unhcr.org\/belgium\/wp-json\/wp\/v2\/pages\/401","targetHints":{"allow":["GET"]}}],"collection":[{"href":"https:\/\/help.unhcr.org\/belgium\/wp-json\/wp\/v2\/pages"}],"about":[{"href":"https:\/\/help.unhcr.org\/belgium\/wp-json\/wp\/v2\/types\/page"}],"author":[{"embeddable":true,"href":"https:\/\/help.unhcr.org\/belgium\/wp-json\/wp\/v2\/users\/1"}],"replies":[{"embeddable":true,"href":"https:\/\/help.unhcr.org\/belgium\/wp-json\/wp\/v2\/comments?post=401"}],"version-history":[{"count":4,"href":"https:\/\/help.unhcr.org\/belgium\/wp-json\/wp\/v2\/pages\/401\/revisions"}],"predecessor-version":[{"id":1591,"href":"https:\/\/help.unhcr.org\/belgium\/wp-json\/wp\/v2\/pages\/401\/revisions\/1591"}],"up":[{"embeddable":true,"href":"https:\/\/help.unhcr.org\/belgium\/wp-json\/wp\/v2\/pages\/308"}],"wp:attachment":[{"href":"https:\/\/help.unhcr.org\/belgium\/wp-json\/wp\/v2\/media?parent=401"}],"curies":[{"name":"wp","href":"https:\/\/api.w.org\/{rel}","templated":true}]}}