{"id":394,"date":"2020-11-03T09:20:36","date_gmt":"2020-11-03T09:20:36","guid":{"rendered":"http:\/\/help.unhcr.org\/belgium\/where-to-seek-help\/for-survivors-of-torture-and-gender-based-violence\/"},"modified":"2024-02-16T14:00:36","modified_gmt":"2024-02-16T14:00:36","slug":"for-survivors-of-torture-and-gender-based-violence","status":"publish","type":"page","link":"https:\/\/help.unhcr.org\/belgium\/where-to-seek-help\/for-survivors-of-torture-and-gender-based-violence\/","title":{"rendered":"Pour les survivants de la torture et de la violence bas\u00e9e sur le genre"},"content":{"rendered":"\n<p>Les organisations ci-dessous peuvent fournir de l&rsquo;aide aux survivants de la torture et de la violence bas\u00e9e sur le genre:<\/p>\n\n\n\n<h3 class=\"wp-block-heading\">Constats<\/h3>\n\n\n\n<p>Constats est une organisation sans but lucratif situ\u00e9e \u00e0 Bruxelles qui effectue, pour les demandeurs de protection internationale, des \u00e9valuations m\u00e9dicales et psychologiques et produit, si n\u00e9cessaire, des rapports m\u00e9dicaux concernant les tortures\/maltraitances subies dans le pays d&rsquo;origine.<\/p>\n\n\n\n<p>Vous trouverez <a href=\"https:\/\/www.constats.be\/en\/\">ici<\/a> de plus amples informations sur la mani\u00e8re de contacter l&rsquo;association et de demander un examen m\u00e9dical.<\/p>\n\n\n\n<h3 class=\"wp-block-heading\">Pour les victimes de violences sexuelles\/domestiques<\/h3>\n\n\n\n<ul class=\"wp-block-list\"><li><strong>Une <u>ligne d&rsquo;assistance t\u00e9l\u00e9phonique<\/u> est disponible pour les victimes de violences sexuelles :<\/strong><ul><li><strong>1712 (<\/strong><a href=\"https:\/\/www.1712.be\/\">https:\/\/www.1712.be\/<\/a><strong>)<\/strong><\/li><li><strong>080030030 (<\/strong><a href=\"https:\/\/www.ecouteviolencesconjugales.be\/\">https:\/\/www.ecouteviolencesconjugales.be\/<\/a><strong>)<\/strong><\/li><\/ul><\/li><li>Vous trouverez <a href=\"https:\/\/igvm-iefh.belgium.be\/fr\/publications\/breek_de_stilte_voor_je_zelf_gebroken_bent\">ici<\/a> des brochures d&rsquo;information sur la violence en fran\u00e7ais, n\u00e9erlandais, anglais, allemand, arabe, chinois, grec, italien, lingala, polonais, portugais, roumain, russe, serbo-croate, espagnol, swahili, turc.<\/li><li><strong>Dans certains h\u00f4pitaux sp\u00e9cifiques, un centre de soins pour les violences sexuelles est disponible o\u00f9 toute victime de violence sexuelle peut se rendre \u00e0 tout moment. Vous trouverez <\/strong><a href=\"https:\/\/www.violencessexuelles.be\/\"><strong>ici<\/strong><\/a><strong> de plus amples informations (en n\u00e9erlandais\/fran\u00e7ais\/allemand) sur ces centres de soins ainsi que sur la proc\u00e9dure \u00e0 suivre pour les victimes de violences sexuelles<\/strong><\/li><\/ul>\n\n\n\n<h3 class=\"wp-block-heading\">Service de Sant\u00e9 Mentale Ulysse<\/h3>\n\n\n\n<p>SSM Ulysse est un service de sant\u00e9 mentale bas\u00e9 \u00e0 Bruxelles qui apporte aide et assistance aux migrants vuln\u00e9rables, souffrant de probl\u00e8mes mentaux. Plus d\u2019information <a href=\"https:\/\/www.ulysse-ssm.be\/\">ici<\/a>.<\/p>\n\n\n\n<h3 class=\"wp-block-heading\">Groupe pour l&rsquo;Abolition des mutilations sexuelles f\u00e9minines (GAMS Belgique)<\/h3>\n\n\n\n<p>Le GAMS Belgique est une organisation nationale sans but lucratif dont l&rsquo;objectif principal est de contribuer \u00e0 l&rsquo;\u00e9radication des mutilations g\u00e9nitales f\u00e9minines en Belgique et dans le monde. Vous trouverez <a href=\"http:\/\/gams.be\/en\/\">ici<\/a> de plus amples informations sur leurs diff\u00e9rents projets et activit\u00e9s.<\/p>\n\n\n\n<h3 class=\"wp-block-heading\">Woman\u2019Do<\/h3>\n\n\n\n<p>Woman&rsquo;D\u014d est un centre de planning familial sp\u00e9cialis\u00e9 dans l&rsquo;assistance post-traumatique aux femmes en s\u00e9jour pr\u00e9caire qui ont fui la violence. Vous trouverez <a href=\"https:\/\/www.womando.be\/\">ici<\/a> de plus amples informations ainsi que les coordonn\u00e9es de contact (en fran\u00e7ais et en n\u00e9erlandais uniquement).<\/p>\n","protected":false},"excerpt":{"rendered":"<p>Les organisations ci-dessous peuvent fournir de l&rsquo;aide aux survivants de la torture et de la violence bas\u00e9e sur le genre: Constats Constats est une organisation sans but lucratif situ\u00e9e \u00e0 Bruxelles qui effectue, pour les demandeurs de protection internationale, des \u00e9valuations m\u00e9dicales et psychologiques et produit, si n\u00e9cessaire, des rapports m\u00e9dicaux concernant les tortures\/maltraitances subies [&hellip;]<\/p>\n","protected":false},"author":1,"featured_media":0,"parent":308,"menu_order":7,"comment_status":"closed","ping_status":"closed","template":"","meta":{"_acf_changed":false,"footnotes":""},"class_list":["post-394","page","type-page","status-publish","hentry"],"acf":[],"_links":{"self":[{"href":"https:\/\/help.unhcr.org\/belgium\/wp-json\/wp\/v2\/pages\/394","targetHints":{"allow":["GET"]}}],"collection":[{"href":"https:\/\/help.unhcr.org\/belgium\/wp-json\/wp\/v2\/pages"}],"about":[{"href":"https:\/\/help.unhcr.org\/belgium\/wp-json\/wp\/v2\/types\/page"}],"author":[{"embeddable":true,"href":"https:\/\/help.unhcr.org\/belgium\/wp-json\/wp\/v2\/users\/1"}],"replies":[{"embeddable":true,"href":"https:\/\/help.unhcr.org\/belgium\/wp-json\/wp\/v2\/comments?post=394"}],"version-history":[{"count":6,"href":"https:\/\/help.unhcr.org\/belgium\/wp-json\/wp\/v2\/pages\/394\/revisions"}],"predecessor-version":[{"id":1588,"href":"https:\/\/help.unhcr.org\/belgium\/wp-json\/wp\/v2\/pages\/394\/revisions\/1588"}],"up":[{"embeddable":true,"href":"https:\/\/help.unhcr.org\/belgium\/wp-json\/wp\/v2\/pages\/308"}],"wp:attachment":[{"href":"https:\/\/help.unhcr.org\/belgium\/wp-json\/wp\/v2\/media?parent=394"}],"curies":[{"name":"wp","href":"https:\/\/api.w.org\/{rel}","templated":true}]}}