{"id":389,"date":"2020-11-03T09:15:43","date_gmt":"2020-11-03T09:15:43","guid":{"rendered":"http:\/\/help.unhcr.org\/belgium\/where-to-seek-help\/for-survivors-of-human-trafficking\/"},"modified":"2024-02-16T13:59:50","modified_gmt":"2024-02-16T13:59:50","slug":"for-survivors-of-human-trafficking","status":"publish","type":"page","link":"https:\/\/help.unhcr.org\/belgium\/where-to-seek-help\/for-survivors-of-human-trafficking\/","title":{"rendered":"Pour les survivants de la traites des \u00eatres humains"},"content":{"rendered":"\n<p>La Belgique a opt\u00e9 pour une approche multidisciplinaire dans le cadre de ses efforts de lutte contre la traite des \u00eatres humains. Outre la r\u00e9pression des auteurs, une attention particuli\u00e8re est \u00e9galement accord\u00e9e aux victimes. Des centres d&rsquo;accueil pour les victimes de la traite des \u00eatres humains ainsi qu&rsquo;une proc\u00e9dure sp\u00e9cifique (s\u00e9jour l\u00e9gal) ont \u00e9t\u00e9 mis en place pour les victimes de la traite des \u00eatres humains.<\/p>\n\n\n\n<p>Les centres d&rsquo;accueil pour victimes de la traite des \u00eatres humains en Belgique sont <a href=\"https:\/\/pag-asa.be\/contact\"><strong>PAG-ASA<\/strong><\/a> \u00e0 Bruxelles, <a href=\"https:\/\/www.payoke.be\/nl\/\"><strong>Payoke<\/strong><\/a> \u00e0 Anvers et <a href=\"https:\/\/www.asblsurya.org\/contact\"><strong>S\u00fcrya<\/strong><\/a> \u00e0 Li\u00e8ge. Ils sont supervis\u00e9s par <a href=\"https:\/\/www.myria.be\/en\/traff-and-smuggling\"><strong>Myria<\/strong><\/a> (pour plus d&rsquo;informations, consultez la <a href=\"https:\/\/help.unhcr.org\/belgium\/where-to-seek-help\/general-services-and-helpdesks\/\">page General Services)<\/a>. Les centres et les \u00e9quipes polyvalentes qui les dirigent fournissent un h\u00e9bergement (si n\u00e9cessaire), une aide psychologique et m\u00e9dicale, un soutien administratif et une assistance juridique.<\/p>\n\n\n\n<p>Lorsque la victime est un enfant, elle sera sp\u00e9cifiquement renvoy\u00e9e vers un centre d&rsquo;accueil (Esperanto) sp\u00e9cialement con\u00e7u pour accueillir et prendre en charge les enfants pr\u00e9sum\u00e9s victimes de la traite des \u00eatres humains.&nbsp;<\/p>\n","protected":false},"excerpt":{"rendered":"<p>La Belgique a opt\u00e9 pour une approche multidisciplinaire dans le cadre de ses efforts de lutte contre la traite des \u00eatres humains. Outre la r\u00e9pression des auteurs, une attention particuli\u00e8re est \u00e9galement accord\u00e9e aux victimes. Des centres d&rsquo;accueil pour les victimes de la traite des \u00eatres humains ainsi qu&rsquo;une proc\u00e9dure sp\u00e9cifique (s\u00e9jour l\u00e9gal) ont \u00e9t\u00e9 [&hellip;]<\/p>\n","protected":false},"author":1,"featured_media":0,"parent":308,"menu_order":6,"comment_status":"closed","ping_status":"closed","template":"","meta":{"_acf_changed":false,"footnotes":""},"class_list":["post-389","page","type-page","status-publish","hentry"],"acf":[],"_links":{"self":[{"href":"https:\/\/help.unhcr.org\/belgium\/wp-json\/wp\/v2\/pages\/389","targetHints":{"allow":["GET"]}}],"collection":[{"href":"https:\/\/help.unhcr.org\/belgium\/wp-json\/wp\/v2\/pages"}],"about":[{"href":"https:\/\/help.unhcr.org\/belgium\/wp-json\/wp\/v2\/types\/page"}],"author":[{"embeddable":true,"href":"https:\/\/help.unhcr.org\/belgium\/wp-json\/wp\/v2\/users\/1"}],"replies":[{"embeddable":true,"href":"https:\/\/help.unhcr.org\/belgium\/wp-json\/wp\/v2\/comments?post=389"}],"version-history":[{"count":5,"href":"https:\/\/help.unhcr.org\/belgium\/wp-json\/wp\/v2\/pages\/389\/revisions"}],"predecessor-version":[{"id":1585,"href":"https:\/\/help.unhcr.org\/belgium\/wp-json\/wp\/v2\/pages\/389\/revisions\/1585"}],"up":[{"embeddable":true,"href":"https:\/\/help.unhcr.org\/belgium\/wp-json\/wp\/v2\/pages\/308"}],"wp:attachment":[{"href":"https:\/\/help.unhcr.org\/belgium\/wp-json\/wp\/v2\/media?parent=389"}],"curies":[{"name":"wp","href":"https:\/\/api.w.org\/{rel}","templated":true}]}}