{"id":383,"date":"2020-11-03T09:13:23","date_gmt":"2020-11-03T09:13:23","guid":{"rendered":"http:\/\/help.unhcr.org\/belgium\/where-to-seek-help\/tracing-family-members\/"},"modified":"2024-02-16T13:58:59","modified_gmt":"2024-02-16T13:58:59","slug":"tracing-family-members","status":"publish","type":"page","link":"https:\/\/help.unhcr.org\/belgium\/where-to-seek-help\/tracing-family-members\/","title":{"rendered":"Recherche des membres de la familie"},"content":{"rendered":"\n<p>La <strong>Croix-Rouge<\/strong> travaille dans le monde entier pour aider \u00e0 r\u00e9tablir et \u00e0 maintenir le contact entre les personnes s\u00e9par\u00e9es par un conflit ou une catastrophe. Le service de recherche de la Croix-Rouge peut vous aider \u00e0 retrouver un membre de votre famille disparu et \u00e0 r\u00e9unir les familles s\u00e9par\u00e9es.<\/p>\n\n\n\n<p>Toutes les informations que vous partagez avec la Croix-Rouge restent strictement confidentielles, \u00e0 moins que vous n&rsquo;autorisiez leur divulgation. Le service de recherche de la Croix-Rouge aide \u00e9galement au regroupement familial.<\/p>\n\n\n\n<p>Vous trouverez <a href=\"https:\/\/www.rodekruis.be\/restoringfamilylinks\/fr\/\">ici<\/a> de plus amples informations, disponibles en plusieurs langues, ainsi que les coordonn\u00e9es de la Croix-Rouge.<\/p>\n","protected":false},"excerpt":{"rendered":"<p>La Croix-Rouge travaille dans le monde entier pour aider \u00e0 r\u00e9tablir et \u00e0 maintenir le contact entre les personnes s\u00e9par\u00e9es par un conflit ou une catastrophe. Le service de recherche de la Croix-Rouge peut vous aider \u00e0 retrouver un membre de votre famille disparu et \u00e0 r\u00e9unir les familles s\u00e9par\u00e9es. Toutes les informations que vous [&hellip;]<\/p>\n","protected":false},"author":1,"featured_media":0,"parent":308,"menu_order":5,"comment_status":"closed","ping_status":"closed","template":"","meta":{"_acf_changed":false,"footnotes":""},"class_list":["post-383","page","type-page","status-publish","hentry"],"acf":[],"_links":{"self":[{"href":"https:\/\/help.unhcr.org\/belgium\/wp-json\/wp\/v2\/pages\/383","targetHints":{"allow":["GET"]}}],"collection":[{"href":"https:\/\/help.unhcr.org\/belgium\/wp-json\/wp\/v2\/pages"}],"about":[{"href":"https:\/\/help.unhcr.org\/belgium\/wp-json\/wp\/v2\/types\/page"}],"author":[{"embeddable":true,"href":"https:\/\/help.unhcr.org\/belgium\/wp-json\/wp\/v2\/users\/1"}],"replies":[{"embeddable":true,"href":"https:\/\/help.unhcr.org\/belgium\/wp-json\/wp\/v2\/comments?post=383"}],"version-history":[{"count":5,"href":"https:\/\/help.unhcr.org\/belgium\/wp-json\/wp\/v2\/pages\/383\/revisions"}],"predecessor-version":[{"id":1582,"href":"https:\/\/help.unhcr.org\/belgium\/wp-json\/wp\/v2\/pages\/383\/revisions\/1582"}],"up":[{"embeddable":true,"href":"https:\/\/help.unhcr.org\/belgium\/wp-json\/wp\/v2\/pages\/308"}],"wp:attachment":[{"href":"https:\/\/help.unhcr.org\/belgium\/wp-json\/wp\/v2\/media?parent=383"}],"curies":[{"name":"wp","href":"https:\/\/api.w.org\/{rel}","templated":true}]}}