{"id":355,"date":"2020-11-03T09:09:48","date_gmt":"2020-11-03T09:09:48","guid":{"rendered":"http:\/\/help.unhcr.org\/belgium\/where-to-seek-help\/financial-assistance\/"},"modified":"2024-02-16T13:57:07","modified_gmt":"2024-02-16T13:57:07","slug":"financial-assistance","status":"publish","type":"page","link":"https:\/\/help.unhcr.org\/belgium\/where-to-seek-help\/financial-assistance\/","title":{"rendered":"Aide financi\u00e8re"},"content":{"rendered":"\n<h3 class=\"wp-block-heading\">Pendant la proc\u00e9dure de demande de protection internationale (asile)<\/h3>\n\n\n\n<p>En tant que demandeur de protection internationale, vous avez droit \u00e0 une assistance de base pendant toute la p\u00e9riode d&rsquo;examen de votre demande. Cette aide consiste principalement en nourriture et en logement, en installations sanitaires et en v\u00eatements (voir <a href=\"https:\/\/help.unhcr.org\/belgium\/where-to-seek-help\/reception-accommodation\/\">Accueil\/H\u00e9bergement<\/a>).<\/p>\n\n\n\n<p>Si vous \u00eates h\u00e9berg\u00e9 dans un centre d&rsquo;accueil collectif, c&rsquo;est le centre qui est charg\u00e9 de vous fournir toutes les aides de base (un lit, des repas, des installations sanitaires et des soins m\u00e9dicaux) ainsi qu&rsquo;un peu d&rsquo;argent de poche. Les demandeurs r\u00e9sidant dans un logement individuel b\u00e9n\u00e9ficient des m\u00eames services que dans les centres collectifs (\u00e0 l&rsquo;exception du fait qu&rsquo;ils sont en g\u00e9n\u00e9ral responsables eux-m\u00eames de leur propre cuisine) et re\u00e7oivent une allocation hebdomadaire \u00e0 utiliser pour la nourriture et les installations sanitaires.&nbsp;<\/p>\n\n\n\n<h3 class=\"wp-block-heading\">Apr\u00e8s la proc\u00e9dure de demande de protection internationale (asile)<\/h3>\n\n\n\n<p>Une fois que vous avez obtenu le statut de r\u00e9fugi\u00e9, c&rsquo;est le <a href=\"https:\/\/help.unhcr.org\/belgium\/where-to-seek-help\/general-services-and-helpdesks\/\">CPAS<\/a> de la commune dans laquelle vous r\u00e9sidez qui peut vous fournir une aide financi\u00e8re en cas de besoin.<\/p>\n\n\n\n<h3 class=\"wp-block-heading\">Probl\u00e8mes financiers<\/h3>\n\n\n\n<p>Le HCR en Belgique n&rsquo;est pas en mesure de fournir une aide sociale ou financi\u00e8re. Si vous rencontrez des probl\u00e8mes financiers, nous vous sugg\u00e9rons de <a href=\"https:\/\/help.unhcr.org\/belgium\/where-to-seek-help\/general-services-and-helpdesks\/\">contacter l&rsquo;une de ces organisations<\/a> ou un <a href=\"https:\/\/help.unhcr.org\/belgium\/where-to-seek-help\/legal-aid\/\">avocat (<em>pro bono<\/em>)<\/a> qui pourra vous informer de vos droits et des possibilit\u00e9s qui s&rsquo;offrent \u00e0 vous.<\/p>\n","protected":false},"excerpt":{"rendered":"<p>Pendant la proc\u00e9dure de demande de protection internationale (asile) En tant que demandeur de protection internationale, vous avez droit \u00e0 une assistance de base pendant toute la p\u00e9riode d&rsquo;examen de votre demande. Cette aide consiste principalement en nourriture et en logement, en installations sanitaires et en v\u00eatements (voir Accueil\/H\u00e9bergement). Si vous \u00eates h\u00e9berg\u00e9 dans un [&hellip;]<\/p>\n","protected":false},"author":1,"featured_media":0,"parent":308,"menu_order":3,"comment_status":"closed","ping_status":"closed","template":"","meta":{"_acf_changed":false,"footnotes":""},"class_list":["post-355","page","type-page","status-publish","hentry"],"acf":[],"_links":{"self":[{"href":"https:\/\/help.unhcr.org\/belgium\/wp-json\/wp\/v2\/pages\/355","targetHints":{"allow":["GET"]}}],"collection":[{"href":"https:\/\/help.unhcr.org\/belgium\/wp-json\/wp\/v2\/pages"}],"about":[{"href":"https:\/\/help.unhcr.org\/belgium\/wp-json\/wp\/v2\/types\/page"}],"author":[{"embeddable":true,"href":"https:\/\/help.unhcr.org\/belgium\/wp-json\/wp\/v2\/users\/1"}],"replies":[{"embeddable":true,"href":"https:\/\/help.unhcr.org\/belgium\/wp-json\/wp\/v2\/comments?post=355"}],"version-history":[{"count":7,"href":"https:\/\/help.unhcr.org\/belgium\/wp-json\/wp\/v2\/pages\/355\/revisions"}],"predecessor-version":[{"id":1576,"href":"https:\/\/help.unhcr.org\/belgium\/wp-json\/wp\/v2\/pages\/355\/revisions\/1576"}],"up":[{"embeddable":true,"href":"https:\/\/help.unhcr.org\/belgium\/wp-json\/wp\/v2\/pages\/308"}],"wp:attachment":[{"href":"https:\/\/help.unhcr.org\/belgium\/wp-json\/wp\/v2\/media?parent=355"}],"curies":[{"name":"wp","href":"https:\/\/api.w.org\/{rel}","templated":true}]}}